{"id":1415,"date":"2020-02-03T17:02:14","date_gmt":"2020-02-03T17:02:14","guid":{"rendered":"https:\/\/www.globalfilter.com\/produits\/cartouches-a-membrane-plissee\/"},"modified":"2022-03-09T16:56:22","modified_gmt":"2022-03-09T16:56:22","slug":"cartouches-a-membrane-plissee","status":"publish","type":"page","link":"https:\/\/www.globalfilter.com\/fr\/produits\/cartouches-a-membrane-plissee\/","title":{"rendered":"Cartouches membranes"},"content":{"rendered":"\n<div class=\"wp-block-cover alignfull has-blue-background-color has-background-dim\" style=\"min-height:200px;aspect-ratio:unset;\"><img decoding=\"async\" class=\"wp-block-cover__image-background wp-image-362\" alt=\"\" src=\"https:\/\/www.globalfilter.com\/wp-content\/uploads\/2021\/08\/Gen2-Web-Banner-origional.jpg\" data-object-fit=\"cover\" \/><div class=\"wp-block-cover__inner-container is-layout-flow wp-block-cover-is-layout-flow\">\n<h1 class=\"has-text-align-center wp-block-heading\" id=\"h-cartouches-membranes\">Cartouches membranes <\/h1>\n<\/div><\/div>\n\n\n\n<!--Close-->\t\n<\/div><\/div><\/section>\n<!--Menu-->\n<div class=\"no-top-margin\">\n<div class=\"msb-sticky-bar\">\n<div class=\"container\">\n  <div class=\"row\">\n    <div class=\"col-sm text-center\">\n      <a href=\"https:\/\/www.globalfilter.com\/fr\/nous-contacter\/\" class=\"btn btn-primary solution-trigger\">Contacter un expert<\/a>\n    <\/div>\n  <\/div>\n<\/div>\n<\/div>\n<\/div>\n<!--Open-->\n<section class=\"container\"><div class=\"row\"><div class=\"col-md-12\">\n\n\n\n<p>Les cartouches membranes sont la solution id\u00e9ale pour les \u00e9tapes de filtration particulaires, microbiennes et st\u00e9rilisantes. De plus, leurs taux de r\u00e9tention tr\u00e8s \u00e9lev\u00e9s permettent l\u2019\u00e9limination de contaminants particulaires et microbiens. Plusieurs options de mat\u00e9riaux (Polysulfone hydrophile ou hydrophobe, polyethersulfone, PTFE&#8230;) et seuils de filtration sont disponibles pour optimiser votre process de filtration dans un grand nombre d&rsquo;industries (chimie, pharmaceutique, agro-alimentaire, cosm\u00e9tique, traitement d&rsquo;eau&#8230;.) et dans un grand nombre d&rsquo;applications (fabrication d&rsquo;API, filtration de jus de fruits, solutions parent\u00e9rales (LVP) , d\u00e9min\u00e9ralisation&#8230;.). Elles sont g\u00e9n\u00e9ralement situ\u00e9es apr\u00e8s une \u00e9tape de filtration particulaire et avant conditionnement ou filtration de s\u00e9curit\u00e9.<\/p>\n\n\n\n<div class=\"wp-block-columns has-3-columns anm-columns is-layout-flex wp-container-core-columns-is-layout-9d6595d7 wp-block-columns-is-layout-flex\">\n<div class=\"wp-block-column is-layout-flow wp-block-column-is-layout-flow\">\n<figure class=\"wp-block-image\"><img loading=\"lazy\" decoding=\"async\" width=\"1024\" height=\"576\" src=\"https:\/\/www.globalfilter.com\/wp-content\/uploads\/2019\/09\/Hydrophilic-Polysulfone-1024x576.jpg\" alt=\"Polysulfone hydrophile \" class=\"wp-image-592\" srcset=\"https:\/\/www.globalfilter.com\/wp-content\/uploads\/2019\/09\/Hydrophilic-Polysulfone-1024x576.jpg 1024w, https:\/\/www.globalfilter.com\/wp-content\/uploads\/2019\/09\/Hydrophilic-Polysulfone-300x169.jpg 300w, https:\/\/www.globalfilter.com\/wp-content\/uploads\/2019\/09\/Hydrophilic-Polysulfone-768x432.jpg 768w, https:\/\/www.globalfilter.com\/wp-content\/uploads\/2019\/09\/Hydrophilic-Polysulfone.jpg 1920w\" sizes=\"auto, (max-width: 1024px) 100vw, 1024px\" \/><\/figure>\n\n\n\n<h4 class=\"wp-block-heading\" id=\"h-polysulfone-hydrophile\">Polysulfone hydrophile<\/h4>\n\n\n\n<p>Offre un d\u00e9bit et une capacit\u00e9 de charge exceptionnels gr\u00e2ce \u00e0 sa structure de pores tr\u00e8s asym\u00e9trique<\/p>\n\n\n\n<div class=\"wp-block-button\"><a class=\"wp-block-button__link has-white-color has-green-background-color has-text-color has-background\" href=\"https:\/\/www.globalfilter.com\/fr\/produits\/cartouches-a-membrane-plissee\/polysulfone-hydrophile-2\/\">En savoir plus<\/a><\/div>\n<\/div>\n\n\n\n<div class=\"wp-block-column is-layout-flow wp-block-column-is-layout-flow\">\n<figure class=\"wp-block-image\"><img loading=\"lazy\" decoding=\"async\" width=\"1024\" height=\"576\" src=\"https:\/\/www.globalfilter.com\/wp-content\/uploads\/2019\/09\/Hydrophobic-Polysulfone-1024x576.jpg\" alt=\"Polysulfone hydrophile\" class=\"wp-image-594\" srcset=\"https:\/\/www.globalfilter.com\/wp-content\/uploads\/2019\/09\/Hydrophobic-Polysulfone-1024x576.jpg 1024w, https:\/\/www.globalfilter.com\/wp-content\/uploads\/2019\/09\/Hydrophobic-Polysulfone-300x169.jpg 300w, https:\/\/www.globalfilter.com\/wp-content\/uploads\/2019\/09\/Hydrophobic-Polysulfone-768x432.jpg 768w, https:\/\/www.globalfilter.com\/wp-content\/uploads\/2019\/09\/Hydrophobic-Polysulfone.jpg 1920w\" sizes=\"auto, (max-width: 1024px) 100vw, 1024px\" \/><\/figure>\n\n\n\n<h4 class=\"wp-block-heading\" id=\"h-polysulfone-hydrophobe\">Polysulfone hydrophobe<\/h4>\n\n\n\n<p>Fournit une alternative \u00e9conomique aux cartouches \u00e0 membrane PTFE ou PVDF<\/p>\n\n\n\n<div class=\"wp-block-button\"><a class=\"wp-block-button__link has-white-color has-green-background-color has-text-color has-background\" href=\"https:\/\/www.globalfilter.com\/fr\/produits\/cartouches-a-membrane-plissee\/polysulfone-hydrophobe\/\" target=\"_blank\" rel=\"noreferrer noopener\">En savoir plus<\/a><\/div>\n<\/div>\n\n\n\n<div class=\"wp-block-column is-layout-flow wp-block-column-is-layout-flow\">\n<figure class=\"wp-block-image\"><img loading=\"lazy\" decoding=\"async\" width=\"1024\" height=\"576\" src=\"https:\/\/www.globalfilter.com\/wp-content\/uploads\/2019\/09\/Polyethersulfone-1024x576.jpg\" alt=\"Poly\u00e9thersulfone\" class=\"wp-image-598\" srcset=\"https:\/\/www.globalfilter.com\/wp-content\/uploads\/2019\/09\/Polyethersulfone-1024x576.jpg 1024w, https:\/\/www.globalfilter.com\/wp-content\/uploads\/2019\/09\/Polyethersulfone-300x169.jpg 300w, https:\/\/www.globalfilter.com\/wp-content\/uploads\/2019\/09\/Polyethersulfone-768x432.jpg 768w, https:\/\/www.globalfilter.com\/wp-content\/uploads\/2019\/09\/Polyethersulfone.jpg 1920w\" sizes=\"auto, (max-width: 1024px) 100vw, 1024px\" \/><\/figure>\n\n\n\n<h4 class=\"wp-block-heading\" id=\"h-poly-thersulfone\">Poly\u00e9thersulfone<\/h4>\n\n\n\n<p>Offre une excellente densit\u00e9 de flux et une faible liaison prot\u00e9ique. Disponible dans diff\u00e9rents grades (g\u00e9n\u00e9ral, agro-alimentaire, pharmaceutique&#8230;) suivant les exigences. <\/p>\n\n\n\n<div class=\"wp-block-button\"><a class=\"wp-block-button__link has-white-color has-green-background-color has-text-color has-background\" href=\"https:\/\/www.globalfilter.com\/fr\/produits\/cartouches-a-membrane-plissee\/polyethersulfone\/\">En savoir plus<\/a><\/div>\n<\/div>\n<\/div>\n\n\n\n<div class=\"wp-block-columns has-3-columns anm-columns is-layout-flex wp-container-core-columns-is-layout-9d6595d7 wp-block-columns-is-layout-flex\">\n<div class=\"wp-block-column is-layout-flow wp-block-column-is-layout-flow\">\n<figure class=\"wp-block-image\"><img loading=\"lazy\" decoding=\"async\" width=\"1024\" height=\"576\" src=\"https:\/\/www.globalfilter.com\/wp-content\/uploads\/2019\/09\/Nylon-1024x576.jpg\" alt=\"Nylon\" class=\"wp-image-596\" srcset=\"https:\/\/www.globalfilter.com\/wp-content\/uploads\/2019\/09\/Nylon-1024x576.jpg 1024w, https:\/\/www.globalfilter.com\/wp-content\/uploads\/2019\/09\/Nylon-300x169.jpg 300w, https:\/\/www.globalfilter.com\/wp-content\/uploads\/2019\/09\/Nylon-768x432.jpg 768w, https:\/\/www.globalfilter.com\/wp-content\/uploads\/2019\/09\/Nylon.jpg 1920w\" sizes=\"auto, (max-width: 1024px) 100vw, 1024px\" \/><\/figure>\n\n\n\n<h4 class=\"wp-block-heading\" id=\"h-nylon-6-6\">Nylon&nbsp;6,6&nbsp;<\/h4>\n\n\n\n<p>Fournit une excellente r\u00e9tention des particules et propret\u00e9 pour une vari\u00e9t\u00e9 d\u2019applications<\/p>\n\n\n\n<div class=\"wp-block-button\"><a class=\"wp-block-button__link has-white-color has-green-background-color has-text-color has-background\" href=\"https:\/\/www.globalfilter.com\/fr\/produits\/cartouches-a-membrane-plissee\/nylon\/\">En savoir plus<\/a><\/div>\n<\/div>\n\n\n\n<div class=\"wp-block-column is-layout-flow wp-block-column-is-layout-flow\">\n<figure class=\"wp-block-image\"><img loading=\"lazy\" decoding=\"async\" width=\"1024\" height=\"576\" src=\"https:\/\/www.globalfilter.com\/wp-content\/uploads\/2019\/09\/PTFE-1024x576.jpg\" alt=\"PTFE\" class=\"wp-image-600\" srcset=\"https:\/\/www.globalfilter.com\/wp-content\/uploads\/2019\/09\/PTFE-1024x576.jpg 1024w, https:\/\/www.globalfilter.com\/wp-content\/uploads\/2019\/09\/PTFE-300x169.jpg 300w, https:\/\/www.globalfilter.com\/wp-content\/uploads\/2019\/09\/PTFE-768x432.jpg 768w, https:\/\/www.globalfilter.com\/wp-content\/uploads\/2019\/09\/PTFE.jpg 1920w\" sizes=\"auto, (max-width: 1024px) 100vw, 1024px\" \/><\/figure>\n\n\n\n<h4 class=\"wp-block-heading\" id=\"h-ptfe\">PTFE<\/h4>\n\n\n\n<p>Fournit une r\u00e9sistance chimique sup\u00e9rieure pour une large gamme d\u2019applications industrielles.  Disponible dans diff\u00e9rents grades (g\u00e9n\u00e9ral, agro-alimentaire, pharmaceutique&#8230;) suivant les exigences.  <\/p>\n\n\n\n<div class=\"wp-block-button\"><a class=\"wp-block-button__link has-white-color has-green-background-color has-text-color has-background\" href=\"\/?p=600\">En savoir plus<\/a><\/div>\n<\/div>\n\n\n\n<div class=\"wp-block-column is-layout-flow wp-block-column-is-layout-flow\"><\/div>\n<\/div>\n\n\n\n<p> Pour plus d&rsquo;informations sur nos cartouches pliss\u00e9es, nous avons cr\u00e9\u00e9 cette brochure listant les avantages de chacune des gammes. <\/p>\n\n\n\n<div class=\"wp-block-media-text alignwide is-stacked-on-mobile is-vertically-aligned-top\"><figure class=\"wp-block-media-text__media\"><img loading=\"lazy\" decoding=\"async\" width=\"548\" height=\"708\" src=\"https:\/\/www.globalfilter.com\/wp-content\/uploads\/2022\/03\/brochure-cartouches-plissees-membranes.png\" alt=\"\" class=\"wp-image-8657 size-full\" srcset=\"https:\/\/www.globalfilter.com\/wp-content\/uploads\/2022\/03\/brochure-cartouches-plissees-membranes.png 548w, https:\/\/www.globalfilter.com\/wp-content\/uploads\/2022\/03\/brochure-cartouches-plissees-membranes-232x300.png 232w\" sizes=\"auto, (max-width: 548px) 100vw, 548px\" \/><\/figure><div class=\"wp-block-media-text__content\">\n<h3 class=\"wp-block-heading\" id=\"h-brochure-cartouches-pliss-es-membranes\"><strong>Brochure cartouches pliss\u00e9es &amp; membranes<\/strong><\/h3>\n\n\n\n<p>Une brochure pr\u00e9sentant la gamme de cartouches pliss\u00e9es et membranes et les avantages de chaque s\u00e9rie.<br><br><a href=\"https:\/\/www.globalfilter.com\/wp-content\/uploads\/2019\/12\/product-overview-Global-Filter-en-francais-1.pdf\" target=\"_blank\" rel=\"noreferrer noopener\">GLOBAL FILTER BROCHURE CARTOUCHES PLISSEES &amp; MEMBRANE<\/a>S<br><\/p>\n\n\n\n<p><br><\/p>\n<\/div><\/div>\n\n\n\n<p> N&rsquo;h\u00e9sitez pas \u00e0 nous contacter si vous avez la moindre question sur nos cartouches membrane! Notre \u00e9quipe d&rsquo;experts est l\u00e0 pour vous aider. <\/p>\n","protected":false},"excerpt":{"rendered":"<p>Contacter un expert Les cartouches membranes sont la solution id\u00e9ale pour les \u00e9tapes de filtration particulaires, microbiennes et st\u00e9rilisantes. De plus, leurs taux de r\u00e9tention tr\u00e8s \u00e9lev\u00e9s permettent l\u2019\u00e9limination de contaminants particulaires et microbiens. Plusieurs options de mat\u00e9riaux (Polysulfone hydrophile ou hydrophobe, polyethersulfone, PTFE&#8230;) et seuils de filtration sont disponibles pour optimiser votre process de [&hellip;]<\/p>\n","protected":false},"author":3,"featured_media":0,"parent":1411,"menu_order":0,"comment_status":"closed","ping_status":"closed","template":"","meta":{"_acf_changed":false,"content-type":"","footnotes":""},"class_list":["post-1415","page","type-page","status-publish","hentry"],"acf":[],"yoast_head":"<!-- This site is optimized with the Yoast SEO plugin v27.3 - https:\/\/yoast.com\/product\/yoast-seo-wordpress\/ -->\n<title>Cartouches membranes - Global Filter<\/title>\n<meta name=\"description\" content=\"Les cartouches membranes de Global Filter sont disponibles dans plusieurs m\u00e9dia et seuils de filtration pour une filtration optimale.\" \/>\n<meta name=\"robots\" content=\"index, follow, max-snippet:-1, max-image-preview:large, max-video-preview:-1\" \/>\n<link rel=\"canonical\" href=\"https:\/\/www.globalfilter.com\/fr\/produits\/cartouches-a-membrane-plissee\/\" \/>\n<meta property=\"og:locale\" content=\"fr_FR\" \/>\n<meta property=\"og:type\" content=\"article\" \/>\n<meta property=\"og:title\" content=\"Cartouches membranes - Global Filter\" \/>\n<meta property=\"og:description\" content=\"Les cartouches membranes de Global Filter sont disponibles dans plusieurs m\u00e9dia et seuils de filtration pour une filtration optimale.\" \/>\n<meta property=\"og:url\" content=\"https:\/\/www.globalfilter.com\/fr\/produits\/cartouches-a-membrane-plissee\/\" \/>\n<meta property=\"og:site_name\" content=\"Global Filter\" \/>\n<meta property=\"article:modified_time\" content=\"2022-03-09T16:56:22+00:00\" \/>\n<meta property=\"og:image\" content=\"https:\/\/www.globalfilter.com\/wp-content\/uploads\/2021\/08\/Gen2-Web-Banner-origional.jpg\" \/>\n<meta name=\"twitter:card\" content=\"summary_large_image\" \/>\n<meta name=\"twitter:label1\" content=\"Dur\u00e9e de lecture estim\u00e9e\" \/>\n\t<meta name=\"twitter:data1\" content=\"3 minutes\" \/>\n<script type=\"application\/ld+json\" class=\"yoast-schema-graph\">{\"@context\":\"https:\\\/\\\/schema.org\",\"@graph\":[{\"@type\":\"WebPage\",\"@id\":\"https:\\\/\\\/www.globalfilter.com\\\/fr\\\/produits\\\/cartouches-a-membrane-plissee\\\/\",\"url\":\"https:\\\/\\\/www.globalfilter.com\\\/fr\\\/produits\\\/cartouches-a-membrane-plissee\\\/\",\"name\":\"Cartouches membranes - Global Filter\",\"isPartOf\":{\"@id\":\"https:\\\/\\\/www.globalfilter.com\\\/fr\\\/#website\"},\"primaryImageOfPage\":{\"@id\":\"https:\\\/\\\/www.globalfilter.com\\\/fr\\\/produits\\\/cartouches-a-membrane-plissee\\\/#primaryimage\"},\"image\":{\"@id\":\"https:\\\/\\\/www.globalfilter.com\\\/fr\\\/produits\\\/cartouches-a-membrane-plissee\\\/#primaryimage\"},\"thumbnailUrl\":\"https:\\\/\\\/www.globalfilter.com\\\/wp-content\\\/uploads\\\/2021\\\/08\\\/Gen2-Web-Banner-origional.jpg\",\"datePublished\":\"2020-02-03T17:02:14+00:00\",\"dateModified\":\"2022-03-09T16:56:22+00:00\",\"description\":\"Les cartouches membranes de Global Filter sont disponibles dans plusieurs m\u00e9dia et seuils de filtration pour une filtration optimale.\",\"breadcrumb\":{\"@id\":\"https:\\\/\\\/www.globalfilter.com\\\/fr\\\/produits\\\/cartouches-a-membrane-plissee\\\/#breadcrumb\"},\"inLanguage\":\"fr-FR\",\"potentialAction\":[{\"@type\":\"ReadAction\",\"target\":[\"https:\\\/\\\/www.globalfilter.com\\\/fr\\\/produits\\\/cartouches-a-membrane-plissee\\\/\"]}]},{\"@type\":\"ImageObject\",\"inLanguage\":\"fr-FR\",\"@id\":\"https:\\\/\\\/www.globalfilter.com\\\/fr\\\/produits\\\/cartouches-a-membrane-plissee\\\/#primaryimage\",\"url\":\"https:\\\/\\\/www.globalfilter.com\\\/wp-content\\\/uploads\\\/2021\\\/08\\\/Gen2-Web-Banner-origional.jpg\",\"contentUrl\":\"https:\\\/\\\/www.globalfilter.com\\\/wp-content\\\/uploads\\\/2021\\\/08\\\/Gen2-Web-Banner-origional.jpg\"},{\"@type\":\"BreadcrumbList\",\"@id\":\"https:\\\/\\\/www.globalfilter.com\\\/fr\\\/produits\\\/cartouches-a-membrane-plissee\\\/#breadcrumb\",\"itemListElement\":[{\"@type\":\"ListItem\",\"position\":1,\"name\":\"home\",\"item\":\"https:\\\/\\\/www.globalfilter.com\\\/fr\\\/\"},{\"@type\":\"ListItem\",\"position\":2,\"name\":\"Produits\",\"item\":\"https:\\\/\\\/www.globalfilter.com\\\/fr\\\/produits\\\/\"},{\"@type\":\"ListItem\",\"position\":3,\"name\":\"Cartouches membranes\"}]},{\"@type\":\"WebSite\",\"@id\":\"https:\\\/\\\/www.globalfilter.com\\\/fr\\\/#website\",\"url\":\"https:\\\/\\\/www.globalfilter.com\\\/fr\\\/\",\"name\":\"Global Filter\",\"description\":\"Making the World Safer, Healthier and More Productive\",\"publisher\":{\"@id\":\"https:\\\/\\\/www.globalfilter.com\\\/fr\\\/#organization\"},\"potentialAction\":[{\"@type\":\"SearchAction\",\"target\":{\"@type\":\"EntryPoint\",\"urlTemplate\":\"https:\\\/\\\/www.globalfilter.com\\\/fr\\\/?s={search_term_string}\"},\"query-input\":{\"@type\":\"PropertyValueSpecification\",\"valueRequired\":true,\"valueName\":\"search_term_string\"}}],\"inLanguage\":\"fr-FR\"},{\"@type\":\"Organization\",\"@id\":\"https:\\\/\\\/www.globalfilter.com\\\/fr\\\/#organization\",\"name\":\"Global filter\",\"url\":\"https:\\\/\\\/www.globalfilter.com\\\/fr\\\/\",\"logo\":{\"@type\":\"ImageObject\",\"inLanguage\":\"fr-FR\",\"@id\":\"https:\\\/\\\/www.globalfilter.com\\\/fr\\\/#\\\/schema\\\/logo\\\/image\\\/\",\"url\":\"https:\\\/\\\/www.globalfilter.com\\\/wp-content\\\/uploads\\\/2019\\\/06\\\/FGC-logo-1.png\",\"contentUrl\":\"https:\\\/\\\/www.globalfilter.com\\\/wp-content\\\/uploads\\\/2019\\\/06\\\/FGC-logo-1.png\",\"width\":1104,\"height\":224,\"caption\":\"Global filter\"},\"image\":{\"@id\":\"https:\\\/\\\/www.globalfilter.com\\\/fr\\\/#\\\/schema\\\/logo\\\/image\\\/\"},\"sameAs\":[\"https:\\\/\\\/www.linkedin.com\\\/company\\\/global-filter-llc\"]}]}<\/script>\n<!-- \/ Yoast SEO plugin. -->","yoast_head_json":{"title":"Cartouches membranes - Global Filter","description":"Les cartouches membranes de Global Filter sont disponibles dans plusieurs m\u00e9dia et seuils de filtration pour une filtration optimale.","robots":{"index":"index","follow":"follow","max-snippet":"max-snippet:-1","max-image-preview":"max-image-preview:large","max-video-preview":"max-video-preview:-1"},"canonical":"https:\/\/www.globalfilter.com\/fr\/produits\/cartouches-a-membrane-plissee\/","og_locale":"fr_FR","og_type":"article","og_title":"Cartouches membranes - Global Filter","og_description":"Les cartouches membranes de Global Filter sont disponibles dans plusieurs m\u00e9dia et seuils de filtration pour une filtration optimale.","og_url":"https:\/\/www.globalfilter.com\/fr\/produits\/cartouches-a-membrane-plissee\/","og_site_name":"Global Filter","article_modified_time":"2022-03-09T16:56:22+00:00","og_image":[{"url":"https:\/\/www.globalfilter.com\/wp-content\/uploads\/2021\/08\/Gen2-Web-Banner-origional.jpg","type":"","width":"","height":""}],"twitter_card":"summary_large_image","twitter_misc":{"Dur\u00e9e de lecture estim\u00e9e":"3 minutes"},"schema":{"@context":"https:\/\/schema.org","@graph":[{"@type":"WebPage","@id":"https:\/\/www.globalfilter.com\/fr\/produits\/cartouches-a-membrane-plissee\/","url":"https:\/\/www.globalfilter.com\/fr\/produits\/cartouches-a-membrane-plissee\/","name":"Cartouches membranes - Global Filter","isPartOf":{"@id":"https:\/\/www.globalfilter.com\/fr\/#website"},"primaryImageOfPage":{"@id":"https:\/\/www.globalfilter.com\/fr\/produits\/cartouches-a-membrane-plissee\/#primaryimage"},"image":{"@id":"https:\/\/www.globalfilter.com\/fr\/produits\/cartouches-a-membrane-plissee\/#primaryimage"},"thumbnailUrl":"https:\/\/www.globalfilter.com\/wp-content\/uploads\/2021\/08\/Gen2-Web-Banner-origional.jpg","datePublished":"2020-02-03T17:02:14+00:00","dateModified":"2022-03-09T16:56:22+00:00","description":"Les cartouches membranes de Global Filter sont disponibles dans plusieurs m\u00e9dia et seuils de filtration pour une filtration optimale.","breadcrumb":{"@id":"https:\/\/www.globalfilter.com\/fr\/produits\/cartouches-a-membrane-plissee\/#breadcrumb"},"inLanguage":"fr-FR","potentialAction":[{"@type":"ReadAction","target":["https:\/\/www.globalfilter.com\/fr\/produits\/cartouches-a-membrane-plissee\/"]}]},{"@type":"ImageObject","inLanguage":"fr-FR","@id":"https:\/\/www.globalfilter.com\/fr\/produits\/cartouches-a-membrane-plissee\/#primaryimage","url":"https:\/\/www.globalfilter.com\/wp-content\/uploads\/2021\/08\/Gen2-Web-Banner-origional.jpg","contentUrl":"https:\/\/www.globalfilter.com\/wp-content\/uploads\/2021\/08\/Gen2-Web-Banner-origional.jpg"},{"@type":"BreadcrumbList","@id":"https:\/\/www.globalfilter.com\/fr\/produits\/cartouches-a-membrane-plissee\/#breadcrumb","itemListElement":[{"@type":"ListItem","position":1,"name":"home","item":"https:\/\/www.globalfilter.com\/fr\/"},{"@type":"ListItem","position":2,"name":"Produits","item":"https:\/\/www.globalfilter.com\/fr\/produits\/"},{"@type":"ListItem","position":3,"name":"Cartouches membranes"}]},{"@type":"WebSite","@id":"https:\/\/www.globalfilter.com\/fr\/#website","url":"https:\/\/www.globalfilter.com\/fr\/","name":"Global Filter","description":"Making the World Safer, Healthier and More Productive","publisher":{"@id":"https:\/\/www.globalfilter.com\/fr\/#organization"},"potentialAction":[{"@type":"SearchAction","target":{"@type":"EntryPoint","urlTemplate":"https:\/\/www.globalfilter.com\/fr\/?s={search_term_string}"},"query-input":{"@type":"PropertyValueSpecification","valueRequired":true,"valueName":"search_term_string"}}],"inLanguage":"fr-FR"},{"@type":"Organization","@id":"https:\/\/www.globalfilter.com\/fr\/#organization","name":"Global filter","url":"https:\/\/www.globalfilter.com\/fr\/","logo":{"@type":"ImageObject","inLanguage":"fr-FR","@id":"https:\/\/www.globalfilter.com\/fr\/#\/schema\/logo\/image\/","url":"https:\/\/www.globalfilter.com\/wp-content\/uploads\/2019\/06\/FGC-logo-1.png","contentUrl":"https:\/\/www.globalfilter.com\/wp-content\/uploads\/2019\/06\/FGC-logo-1.png","width":1104,"height":224,"caption":"Global filter"},"image":{"@id":"https:\/\/www.globalfilter.com\/fr\/#\/schema\/logo\/image\/"},"sameAs":["https:\/\/www.linkedin.com\/company\/global-filter-llc"]}]}},"_links":{"self":[{"href":"https:\/\/www.globalfilter.com\/fr\/wp-json\/wp\/v2\/pages\/1415","targetHints":{"allow":["GET"]}}],"collection":[{"href":"https:\/\/www.globalfilter.com\/fr\/wp-json\/wp\/v2\/pages"}],"about":[{"href":"https:\/\/www.globalfilter.com\/fr\/wp-json\/wp\/v2\/types\/page"}],"author":[{"embeddable":true,"href":"https:\/\/www.globalfilter.com\/fr\/wp-json\/wp\/v2\/users\/3"}],"replies":[{"embeddable":true,"href":"https:\/\/www.globalfilter.com\/fr\/wp-json\/wp\/v2\/comments?post=1415"}],"version-history":[{"count":0,"href":"https:\/\/www.globalfilter.com\/fr\/wp-json\/wp\/v2\/pages\/1415\/revisions"}],"up":[{"embeddable":true,"href":"https:\/\/www.globalfilter.com\/fr\/wp-json\/wp\/v2\/pages\/1411"}],"wp:attachment":[{"href":"https:\/\/www.globalfilter.com\/fr\/wp-json\/wp\/v2\/media?parent=1415"}],"curies":[{"name":"wp","href":"https:\/\/api.w.org\/{rel}","templated":true}]}}