{"id":1416,"date":"2020-02-03T17:02:15","date_gmt":"2020-02-03T17:02:15","guid":{"rendered":"https:\/\/www.globalfilter.com\/produits\/cartouches-a-membrane-plissee\/polysulfone-hydrophile\/"},"modified":"2022-03-09T16:15:47","modified_gmt":"2022-03-09T16:15:47","slug":"polysulfone-hydrophobe","status":"publish","type":"page","link":"https:\/\/www.globalfilter.com\/fr\/produits\/cartouches-a-membrane-plissee\/polysulfone-hydrophobe\/","title":{"rendered":"Polysulfone hydrophobe"},"content":{"rendered":"\n<div class=\"wp-block-cover alignfull has-blue-background-color has-background-dim\" style=\"min-height:200px;aspect-ratio:unset;\"><img decoding=\"async\" class=\"wp-block-cover__image-background wp-image-362\" alt=\"\" src=\"https:\/\/www.globalfilter.com\/wp-content\/uploads\/2021\/08\/Gen2-Web-Banner-origional.jpg\" data-object-fit=\"cover\" \/><div class=\"wp-block-cover__inner-container is-layout-flow wp-block-cover-is-layout-flow\">\n<h1 class=\"has-text-align-center wp-block-heading\" id=\"h-polysulfone-hydrophobe\">Polysulfone hydrophobe<\/h1>\n<\/div><\/div>\n\n\n\n<!--Close-->\t\r\n<\/div><\/div><\/section>\r\n<!--Menu-->\r\n<div class=\"no-top-margin\">\r\n<div class=\"msb-sticky-bar\">\r\n<div class=\"container\">\r\n  <div class=\"row\">\r\n    <div class=\"col-sm text-center\">\r\n      <a href=\"https:\/\/www.globalfilter.com\/fr\/nous-contacter\/\" class=\"btn btn-primary solution-trigger\">Contacter un expert<\/a>\r\n    <\/div>\r\n  <\/div>\r\n<\/div>\r\n<\/div>\r\n<\/div>\r\n<!--Open-->\r\n<section class=\"container\"><div class=\"row\"><div class=\"col-md-12\">\n\n\n\n<p>Le m\u00e9dia de filtration des cartouches membranes en polysulfone hydrophobe de haute puret\u00e9 constitue une alternative \u00e9conomique aux cartouches \u00e0 membrane PTFE ou PVDF pour les applications d\u2019air, de gaz en vrac et d\u2019\u00e9vents de r\u00e9servoirs n\u00e9cessitant une r\u00e9sistance \u00e9lev\u00e9e \u00e0 l\u2019humidit\u00e9. La structure poreuse hautement asym\u00e9trique de la membrane assure un d\u00e9bit \u00e9lev\u00e9 pour une faible chute de pression. Le mat\u00e9riel et les couches de support sont confectionn\u00e9s en polypropyl\u00e8ne de haute puret\u00e9. Le m\u00e9dia offre une valeur de performance exceptionnelle. Ces cartouches membranes en polysulfone hydrophobe sont confectionn\u00e9es en salle blanche pour r\u00e9pondre aux standards \u00e9lev\u00e9s en termes de puret\u00e9 et de propret\u00e9.<\/p>\n\n\n\n<div class=\"wp-block-columns has-2-columns is-layout-flex wp-container-core-columns-is-layout-9d6595d7 wp-block-columns-is-layout-flex\">\n<div class=\"wp-block-column is-layout-flow wp-block-column-is-layout-flow\">\n<figure class=\"wp-block-image\"><img loading=\"lazy\" decoding=\"async\" width=\"1024\" height=\"576\" src=\"https:\/\/www.globalfilter.com\/wp-content\/uploads\/2019\/09\/Hydrophobic-Polysulfone-1024x576.jpg\" alt=\"Polysulfone hydrophile\" class=\"wp-image-594\" srcset=\"https:\/\/www.globalfilter.com\/wp-content\/uploads\/2019\/09\/Hydrophobic-Polysulfone-1024x576.jpg 1024w, https:\/\/www.globalfilter.com\/wp-content\/uploads\/2019\/09\/Hydrophobic-Polysulfone-300x169.jpg 300w, https:\/\/www.globalfilter.com\/wp-content\/uploads\/2019\/09\/Hydrophobic-Polysulfone-768x432.jpg 768w, https:\/\/www.globalfilter.com\/wp-content\/uploads\/2019\/09\/Hydrophobic-Polysulfone.jpg 1920w\" sizes=\"auto, (max-width: 1024px) 100vw, 1024px\" \/><\/figure>\n\n\n\n<div class=\"wp-block-file aligncenter btn-file\"><a href=\"https:\/\/www.globalfilter.com\/wp-content\/uploads\/2020\/09\/Se\u0301rie-PSH-a\u0300-membrane-hydrophobe-en-polysulfone-DS-210127.pdf\" class=\"wp-block-file__button\">T\u00e9l\u00e9charger la fiche technique<\/a><\/div>\n<\/div>\n\n\n\n<div class=\"wp-block-column is-layout-flow wp-block-column-is-layout-flow\">\n<h2 class=\"wp-block-heading\" id=\"h-s-rie-psh-membrane-en-polysulfone-hydrophobe\">S\u00e9rie PSH \u00e0 membrane en polysulfone hydrophobe  <\/h2>\n\n\n\n<p>Les cartouches filtrantes High Purity \u00e0 membrane<br>hydrophobe en polysulfone de la s\u00e9rie PSH offrent<br>une alternative \u00e9conomique aux cartouches \u00e0 membrane PTFE ou PVDF destin\u00e9es aux applications d\u2019air, de gaz en vrac et d\u2019\u00e9vents de r\u00e9servoirs n\u00e9cessitant une r\u00e9sistance \u00e9lev\u00e9e \u00e0 l\u2019humidit\u00e9. La structure poreuse hautement asym\u00e9trique de la membrane assure un d\u00e9bit \u00e9lev\u00e9 pour une faible chute de pression.<br>Elles sont faites \u00e0 base de polypropyl\u00e8ne de haute puret\u00e9. Les cartouches de la s\u00e9rie PSH offrent des rendements exceptionnels. Elles sont fabriqu\u00e9es en salle blanche afin de satisfaire aux normes de puret\u00e9 et de propret\u00e9 \u00e9lev\u00e9es.<\/p>\n\n\n\n<p><strong>Applications courantes<\/strong><\/p>\n\n\n\n<ul class=\"wp-block-list\"><li>\u00c9vent de r\u00e9servoir<\/li><li>Fermentation<\/li><li>Air, azote, autres gaz inertes<\/li><\/ul>\n<\/div>\n<\/div>\n","protected":false},"excerpt":{"rendered":"<p>Contacter un expert Le m\u00e9dia de filtration des cartouches membranes en polysulfone hydrophobe de haute puret\u00e9 constitue une alternative \u00e9conomique aux cartouches \u00e0 membrane PTFE ou PVDF pour les applications d\u2019air, de gaz en vrac et d\u2019\u00e9vents de r\u00e9servoirs n\u00e9cessitant une r\u00e9sistance \u00e9lev\u00e9e \u00e0 l\u2019humidit\u00e9. La structure poreuse hautement asym\u00e9trique de la membrane assure un [&hellip;]<\/p>\n","protected":false},"author":3,"featured_media":0,"parent":1415,"menu_order":0,"comment_status":"closed","ping_status":"closed","template":"","meta":{"_acf_changed":false,"content-type":"","footnotes":""},"class_list":["post-1416","page","type-page","status-publish","hentry"],"acf":[],"yoast_head":"<!-- This site is optimized with the Yoast SEO plugin v27.3 - https:\/\/yoast.com\/product\/yoast-seo-wordpress\/ -->\n<title>Polysulfone hydrophobe - Global Filter<\/title>\n<meta name=\"description\" content=\"Le m\u00e9dia de filtration des cartouches membranes en polysulfone hydrophobe de haute puret\u00e9 constitue une alternative \u00e9conomique aux cartouches \u00e0 membrane PTFE ou PVDF pour les applications d\u2019air, de gaz en vrac et d\u2019\u00e9vents de r\u00e9servoirs n\u00e9cessitant une r\u00e9sistance \u00e9lev\u00e9e \u00e0 l\u2019humidit\u00e9.\" \/>\n<meta name=\"robots\" content=\"index, follow, max-snippet:-1, max-image-preview:large, max-video-preview:-1\" \/>\n<link rel=\"canonical\" href=\"https:\/\/www.globalfilter.com\/fr\/produits\/cartouches-a-membrane-plissee\/polysulfone-hydrophobe\/\" \/>\n<meta property=\"og:locale\" content=\"fr_FR\" \/>\n<meta property=\"og:type\" content=\"article\" \/>\n<meta property=\"og:title\" content=\"Polysulfone hydrophobe - Global Filter\" \/>\n<meta property=\"og:description\" content=\"Le m\u00e9dia de filtration des cartouches membranes en polysulfone hydrophobe de haute puret\u00e9 constitue une alternative \u00e9conomique aux cartouches \u00e0 membrane PTFE ou PVDF pour les applications d\u2019air, de gaz en vrac et d\u2019\u00e9vents de r\u00e9servoirs n\u00e9cessitant une r\u00e9sistance \u00e9lev\u00e9e \u00e0 l\u2019humidit\u00e9.\" \/>\n<meta property=\"og:url\" content=\"https:\/\/www.globalfilter.com\/fr\/produits\/cartouches-a-membrane-plissee\/polysulfone-hydrophobe\/\" \/>\n<meta property=\"og:site_name\" content=\"Global Filter\" \/>\n<meta property=\"article:modified_time\" content=\"2022-03-09T16:15:47+00:00\" \/>\n<meta property=\"og:image\" content=\"https:\/\/www.globalfilter.com\/wp-content\/uploads\/2021\/08\/Gen2-Web-Banner-origional.jpg\" \/>\n<meta name=\"twitter:card\" content=\"summary_large_image\" \/>\n<meta name=\"twitter:label1\" content=\"Dur\u00e9e de lecture estim\u00e9e\" \/>\n\t<meta name=\"twitter:data1\" content=\"2 minutes\" \/>\n<script type=\"application\/ld+json\" class=\"yoast-schema-graph\">{\"@context\":\"https:\\\/\\\/schema.org\",\"@graph\":[{\"@type\":\"WebPage\",\"@id\":\"https:\\\/\\\/www.globalfilter.com\\\/fr\\\/produits\\\/cartouches-a-membrane-plissee\\\/polysulfone-hydrophobe\\\/\",\"url\":\"https:\\\/\\\/www.globalfilter.com\\\/fr\\\/produits\\\/cartouches-a-membrane-plissee\\\/polysulfone-hydrophobe\\\/\",\"name\":\"Polysulfone hydrophobe - Global Filter\",\"isPartOf\":{\"@id\":\"https:\\\/\\\/www.globalfilter.com\\\/fr\\\/#website\"},\"primaryImageOfPage\":{\"@id\":\"https:\\\/\\\/www.globalfilter.com\\\/fr\\\/produits\\\/cartouches-a-membrane-plissee\\\/polysulfone-hydrophobe\\\/#primaryimage\"},\"image\":{\"@id\":\"https:\\\/\\\/www.globalfilter.com\\\/fr\\\/produits\\\/cartouches-a-membrane-plissee\\\/polysulfone-hydrophobe\\\/#primaryimage\"},\"thumbnailUrl\":\"https:\\\/\\\/www.globalfilter.com\\\/wp-content\\\/uploads\\\/2021\\\/08\\\/Gen2-Web-Banner-origional.jpg\",\"datePublished\":\"2020-02-03T17:02:15+00:00\",\"dateModified\":\"2022-03-09T16:15:47+00:00\",\"description\":\"Le m\u00e9dia de filtration des cartouches membranes en polysulfone hydrophobe de haute puret\u00e9 constitue une alternative \u00e9conomique aux cartouches \u00e0 membrane PTFE ou PVDF pour les applications d\u2019air, de gaz en vrac et d\u2019\u00e9vents de r\u00e9servoirs n\u00e9cessitant une r\u00e9sistance \u00e9lev\u00e9e \u00e0 l\u2019humidit\u00e9.\",\"breadcrumb\":{\"@id\":\"https:\\\/\\\/www.globalfilter.com\\\/fr\\\/produits\\\/cartouches-a-membrane-plissee\\\/polysulfone-hydrophobe\\\/#breadcrumb\"},\"inLanguage\":\"fr-FR\",\"potentialAction\":[{\"@type\":\"ReadAction\",\"target\":[\"https:\\\/\\\/www.globalfilter.com\\\/fr\\\/produits\\\/cartouches-a-membrane-plissee\\\/polysulfone-hydrophobe\\\/\"]}]},{\"@type\":\"ImageObject\",\"inLanguage\":\"fr-FR\",\"@id\":\"https:\\\/\\\/www.globalfilter.com\\\/fr\\\/produits\\\/cartouches-a-membrane-plissee\\\/polysulfone-hydrophobe\\\/#primaryimage\",\"url\":\"https:\\\/\\\/www.globalfilter.com\\\/wp-content\\\/uploads\\\/2021\\\/08\\\/Gen2-Web-Banner-origional.jpg\",\"contentUrl\":\"https:\\\/\\\/www.globalfilter.com\\\/wp-content\\\/uploads\\\/2021\\\/08\\\/Gen2-Web-Banner-origional.jpg\"},{\"@type\":\"BreadcrumbList\",\"@id\":\"https:\\\/\\\/www.globalfilter.com\\\/fr\\\/produits\\\/cartouches-a-membrane-plissee\\\/polysulfone-hydrophobe\\\/#breadcrumb\",\"itemListElement\":[{\"@type\":\"ListItem\",\"position\":1,\"name\":\"home\",\"item\":\"https:\\\/\\\/www.globalfilter.com\\\/fr\\\/\"},{\"@type\":\"ListItem\",\"position\":2,\"name\":\"Produits\",\"item\":\"https:\\\/\\\/www.globalfilter.com\\\/fr\\\/produits\\\/\"},{\"@type\":\"ListItem\",\"position\":3,\"name\":\"Cartouches membranes\",\"item\":\"https:\\\/\\\/www.globalfilter.com\\\/fr\\\/produits\\\/cartouches-a-membrane-plissee\\\/\"},{\"@type\":\"ListItem\",\"position\":4,\"name\":\"Polysulfone hydrophobe\"}]},{\"@type\":\"WebSite\",\"@id\":\"https:\\\/\\\/www.globalfilter.com\\\/fr\\\/#website\",\"url\":\"https:\\\/\\\/www.globalfilter.com\\\/fr\\\/\",\"name\":\"Global Filter\",\"description\":\"Making the World Safer, Healthier and More Productive\",\"publisher\":{\"@id\":\"https:\\\/\\\/www.globalfilter.com\\\/fr\\\/#organization\"},\"potentialAction\":[{\"@type\":\"SearchAction\",\"target\":{\"@type\":\"EntryPoint\",\"urlTemplate\":\"https:\\\/\\\/www.globalfilter.com\\\/fr\\\/?s={search_term_string}\"},\"query-input\":{\"@type\":\"PropertyValueSpecification\",\"valueRequired\":true,\"valueName\":\"search_term_string\"}}],\"inLanguage\":\"fr-FR\"},{\"@type\":\"Organization\",\"@id\":\"https:\\\/\\\/www.globalfilter.com\\\/fr\\\/#organization\",\"name\":\"Global filter\",\"url\":\"https:\\\/\\\/www.globalfilter.com\\\/fr\\\/\",\"logo\":{\"@type\":\"ImageObject\",\"inLanguage\":\"fr-FR\",\"@id\":\"https:\\\/\\\/www.globalfilter.com\\\/fr\\\/#\\\/schema\\\/logo\\\/image\\\/\",\"url\":\"https:\\\/\\\/www.globalfilter.com\\\/wp-content\\\/uploads\\\/2019\\\/06\\\/FGC-logo-1.png\",\"contentUrl\":\"https:\\\/\\\/www.globalfilter.com\\\/wp-content\\\/uploads\\\/2019\\\/06\\\/FGC-logo-1.png\",\"width\":1104,\"height\":224,\"caption\":\"Global filter\"},\"image\":{\"@id\":\"https:\\\/\\\/www.globalfilter.com\\\/fr\\\/#\\\/schema\\\/logo\\\/image\\\/\"},\"sameAs\":[\"https:\\\/\\\/www.linkedin.com\\\/company\\\/global-filter-llc\"]}]}<\/script>\n<!-- \/ Yoast SEO plugin. -->","yoast_head_json":{"title":"Polysulfone hydrophobe - Global Filter","description":"Le m\u00e9dia de filtration des cartouches membranes en polysulfone hydrophobe de haute puret\u00e9 constitue une alternative \u00e9conomique aux cartouches \u00e0 membrane PTFE ou PVDF pour les applications d\u2019air, de gaz en vrac et d\u2019\u00e9vents de r\u00e9servoirs n\u00e9cessitant une r\u00e9sistance \u00e9lev\u00e9e \u00e0 l\u2019humidit\u00e9.","robots":{"index":"index","follow":"follow","max-snippet":"max-snippet:-1","max-image-preview":"max-image-preview:large","max-video-preview":"max-video-preview:-1"},"canonical":"https:\/\/www.globalfilter.com\/fr\/produits\/cartouches-a-membrane-plissee\/polysulfone-hydrophobe\/","og_locale":"fr_FR","og_type":"article","og_title":"Polysulfone hydrophobe - Global Filter","og_description":"Le m\u00e9dia de filtration des cartouches membranes en polysulfone hydrophobe de haute puret\u00e9 constitue une alternative \u00e9conomique aux cartouches \u00e0 membrane PTFE ou PVDF pour les applications d\u2019air, de gaz en vrac et d\u2019\u00e9vents de r\u00e9servoirs n\u00e9cessitant une r\u00e9sistance \u00e9lev\u00e9e \u00e0 l\u2019humidit\u00e9.","og_url":"https:\/\/www.globalfilter.com\/fr\/produits\/cartouches-a-membrane-plissee\/polysulfone-hydrophobe\/","og_site_name":"Global Filter","article_modified_time":"2022-03-09T16:15:47+00:00","og_image":[{"url":"https:\/\/www.globalfilter.com\/wp-content\/uploads\/2021\/08\/Gen2-Web-Banner-origional.jpg","type":"","width":"","height":""}],"twitter_card":"summary_large_image","twitter_misc":{"Dur\u00e9e de lecture estim\u00e9e":"2 minutes"},"schema":{"@context":"https:\/\/schema.org","@graph":[{"@type":"WebPage","@id":"https:\/\/www.globalfilter.com\/fr\/produits\/cartouches-a-membrane-plissee\/polysulfone-hydrophobe\/","url":"https:\/\/www.globalfilter.com\/fr\/produits\/cartouches-a-membrane-plissee\/polysulfone-hydrophobe\/","name":"Polysulfone hydrophobe - Global Filter","isPartOf":{"@id":"https:\/\/www.globalfilter.com\/fr\/#website"},"primaryImageOfPage":{"@id":"https:\/\/www.globalfilter.com\/fr\/produits\/cartouches-a-membrane-plissee\/polysulfone-hydrophobe\/#primaryimage"},"image":{"@id":"https:\/\/www.globalfilter.com\/fr\/produits\/cartouches-a-membrane-plissee\/polysulfone-hydrophobe\/#primaryimage"},"thumbnailUrl":"https:\/\/www.globalfilter.com\/wp-content\/uploads\/2021\/08\/Gen2-Web-Banner-origional.jpg","datePublished":"2020-02-03T17:02:15+00:00","dateModified":"2022-03-09T16:15:47+00:00","description":"Le m\u00e9dia de filtration des cartouches membranes en polysulfone hydrophobe de haute puret\u00e9 constitue une alternative \u00e9conomique aux cartouches \u00e0 membrane PTFE ou PVDF pour les applications d\u2019air, de gaz en vrac et d\u2019\u00e9vents de r\u00e9servoirs n\u00e9cessitant une r\u00e9sistance \u00e9lev\u00e9e \u00e0 l\u2019humidit\u00e9.","breadcrumb":{"@id":"https:\/\/www.globalfilter.com\/fr\/produits\/cartouches-a-membrane-plissee\/polysulfone-hydrophobe\/#breadcrumb"},"inLanguage":"fr-FR","potentialAction":[{"@type":"ReadAction","target":["https:\/\/www.globalfilter.com\/fr\/produits\/cartouches-a-membrane-plissee\/polysulfone-hydrophobe\/"]}]},{"@type":"ImageObject","inLanguage":"fr-FR","@id":"https:\/\/www.globalfilter.com\/fr\/produits\/cartouches-a-membrane-plissee\/polysulfone-hydrophobe\/#primaryimage","url":"https:\/\/www.globalfilter.com\/wp-content\/uploads\/2021\/08\/Gen2-Web-Banner-origional.jpg","contentUrl":"https:\/\/www.globalfilter.com\/wp-content\/uploads\/2021\/08\/Gen2-Web-Banner-origional.jpg"},{"@type":"BreadcrumbList","@id":"https:\/\/www.globalfilter.com\/fr\/produits\/cartouches-a-membrane-plissee\/polysulfone-hydrophobe\/#breadcrumb","itemListElement":[{"@type":"ListItem","position":1,"name":"home","item":"https:\/\/www.globalfilter.com\/fr\/"},{"@type":"ListItem","position":2,"name":"Produits","item":"https:\/\/www.globalfilter.com\/fr\/produits\/"},{"@type":"ListItem","position":3,"name":"Cartouches membranes","item":"https:\/\/www.globalfilter.com\/fr\/produits\/cartouches-a-membrane-plissee\/"},{"@type":"ListItem","position":4,"name":"Polysulfone hydrophobe"}]},{"@type":"WebSite","@id":"https:\/\/www.globalfilter.com\/fr\/#website","url":"https:\/\/www.globalfilter.com\/fr\/","name":"Global Filter","description":"Making the World Safer, Healthier and More Productive","publisher":{"@id":"https:\/\/www.globalfilter.com\/fr\/#organization"},"potentialAction":[{"@type":"SearchAction","target":{"@type":"EntryPoint","urlTemplate":"https:\/\/www.globalfilter.com\/fr\/?s={search_term_string}"},"query-input":{"@type":"PropertyValueSpecification","valueRequired":true,"valueName":"search_term_string"}}],"inLanguage":"fr-FR"},{"@type":"Organization","@id":"https:\/\/www.globalfilter.com\/fr\/#organization","name":"Global filter","url":"https:\/\/www.globalfilter.com\/fr\/","logo":{"@type":"ImageObject","inLanguage":"fr-FR","@id":"https:\/\/www.globalfilter.com\/fr\/#\/schema\/logo\/image\/","url":"https:\/\/www.globalfilter.com\/wp-content\/uploads\/2019\/06\/FGC-logo-1.png","contentUrl":"https:\/\/www.globalfilter.com\/wp-content\/uploads\/2019\/06\/FGC-logo-1.png","width":1104,"height":224,"caption":"Global filter"},"image":{"@id":"https:\/\/www.globalfilter.com\/fr\/#\/schema\/logo\/image\/"},"sameAs":["https:\/\/www.linkedin.com\/company\/global-filter-llc"]}]}},"_links":{"self":[{"href":"https:\/\/www.globalfilter.com\/fr\/wp-json\/wp\/v2\/pages\/1416","targetHints":{"allow":["GET"]}}],"collection":[{"href":"https:\/\/www.globalfilter.com\/fr\/wp-json\/wp\/v2\/pages"}],"about":[{"href":"https:\/\/www.globalfilter.com\/fr\/wp-json\/wp\/v2\/types\/page"}],"author":[{"embeddable":true,"href":"https:\/\/www.globalfilter.com\/fr\/wp-json\/wp\/v2\/users\/3"}],"replies":[{"embeddable":true,"href":"https:\/\/www.globalfilter.com\/fr\/wp-json\/wp\/v2\/comments?post=1416"}],"version-history":[{"count":0,"href":"https:\/\/www.globalfilter.com\/fr\/wp-json\/wp\/v2\/pages\/1416\/revisions"}],"up":[{"embeddable":true,"href":"https:\/\/www.globalfilter.com\/fr\/wp-json\/wp\/v2\/pages\/1415"}],"wp:attachment":[{"href":"https:\/\/www.globalfilter.com\/fr\/wp-json\/wp\/v2\/media?parent=1416"}],"curies":[{"name":"wp","href":"https:\/\/api.w.org\/{rel}","templated":true}]}}