{"id":1419,"date":"2020-02-03T17:02:16","date_gmt":"2020-02-03T17:02:16","guid":{"rendered":"https:\/\/www.globalfilter.com\/produits\/cartouches-a-haut-debit\/"},"modified":"2025-08-08T15:02:06","modified_gmt":"2025-08-08T15:02:06","slug":"cartouches-a-haut-debit","status":"publish","type":"page","link":"https:\/\/www.globalfilter.com\/fr\/produits\/cartouches-a-haut-debit\/","title":{"rendered":"Cartouches \u00e0 haut d\u00e9bit"},"content":{"rendered":"\n<div class=\"wp-block-cover alignfull is-light\" style=\"min-height:200px;aspect-ratio:unset;\"><img decoding=\"async\" class=\"wp-block-cover__image-background wp-image-362\" alt=\"\" src=\"https:\/\/www.globalfilter.com\/wp-content\/uploads\/2021\/08\/Gen2-Web-Banner-origional.jpg\" data-object-fit=\"cover\" \/><span aria-hidden=\"true\" class=\"wp-block-cover__background has-blue-background-color has-background-dim\"><\/span><div class=\"wp-block-cover__inner-container is-layout-flow wp-block-cover-is-layout-flow\">\n<h1 class=\"wp-block-heading has-text-align-center has-white-color has-text-color has-link-color wp-elements-d37d67adbff197c99e3d09ef961a892e\" id=\"h-cartouches-haut-d-bit\">Cartouches \u00e0 haut d\u00e9bit <\/h1>\n<\/div><\/div>\n\n\n\n<!--Close-->\t\n<\/div><\/div><\/section>\n<!--Menu-->\n<div class=\"no-top-margin\">\n<div class=\"msb-sticky-bar\">\n<div class=\"container\">\n  <div class=\"row\">\n    <div class=\"col-sm text-center\">\n      <a href=\"https:\/\/www.globalfilter.com\/fr\/nous-contacter\/\" class=\"btn btn-primary solution-trigger\">Contacter un expert<\/a>\n    <\/div>\n  <\/div>\n<\/div>\n<\/div>\n<\/div>\n<!--Open-->\n<section class=\"container\"><div class=\"row\"><div class=\"col-md-12\">\n\n\n\n<p>Les cartouches de filtration en profondeur multi-couches \u00e0 base de fibres ont une capacit\u00e9 de charge \u00e9lev\u00e9e pour une \u00e9limination optimale des particules plus petites que le seuil de r\u00e9tention microm\u00e9trique. Le design pliss\u00e9 de grand diam\u00e8tre des cartouches \u00e0 haut d\u00e9bit offre une tr\u00e8s grande surface filtrante, permettant ainsi une capacit\u00e9 de charge exceptionnelle \u00e0 des d\u00e9bits \u00e9lev\u00e9s. Ceci permet de r\u00e9duire le nombre de cartouches requises, baissant ainsi les co\u00fbts totaux associ\u00e9s.<\/p>\n\n\n\n<div class=\"wp-block-columns has-2-columns is-layout-flex wp-container-core-columns-is-layout-9d6595d7 wp-block-columns-is-layout-flex\">\n<div class=\"wp-block-column is-layout-flow wp-block-column-is-layout-flow\">\n<figure class=\"wp-block-image\"><img loading=\"lazy\" decoding=\"async\" width=\"728\" height=\"409\" src=\"https:\/\/www.globalfilter.com\/wp-content\/uploads\/2019\/09\/HFB-Series-High-Flow-Pleated-Cartridges.jpg\" alt=\"HFB Series High Flow Pleated Cartridges\" class=\"wp-image-566\" srcset=\"https:\/\/www.globalfilter.com\/wp-content\/uploads\/2019\/09\/HFB-Series-High-Flow-Pleated-Cartridges.jpg 728w, https:\/\/www.globalfilter.com\/wp-content\/uploads\/2019\/09\/HFB-Series-High-Flow-Pleated-Cartridges-300x169.jpg 300w\" sizes=\"auto, (max-width: 728px) 100vw, 728px\" \/><\/figure>\n\n\n\n<div class=\"wp-block-file aligncenter btn-file\"><a href=\"https:\/\/www.globalfilter.com\/wp-content\/uploads\/2025\/08\/D062B-HFB-FR.pdf\" class=\"wp-block-file__button\">T\u00e9l\u00e9charger la fiche technique<\/a><\/div>\n<\/div>\n\n\n\n<div class=\"wp-block-column is-layout-flow wp-block-column-is-layout-flow\">\n<h1 class=\"wp-block-heading\" id=\"h-cartouches-pliss-es-haut-d-bit-de-la-s-rie-hfb\">Cartouches pliss\u00e9es \u00e0 haut d\u00e9bit de la s\u00e9rie HFB<\/h1>\n\n\n\n<p>Les cartouches pliss\u00e9es \u00e0 haut d\u00e9bit de la s\u00e9rie HFB sont compatibles avec la plupart des corps de filtres \u00e0 poches standards. Ces cartouches combinent efficacit\u00e9, grand d\u00e9bit et forte capacit\u00e9 de charge, et ce dans des conditions de perte de pression initiale tr\u00e8s faible. Gr\u00e2ce \u00e0 son design sp\u00e9cifique faisant passer le flux de l\u2019int\u00e9rieur vers l\u2019ext\u00e9rieur, tous les contaminants sont retenus \u00e0 l\u2019int\u00e9rieur de la cartouche. Ainsi toute contamination de la solution filtr\u00e9e qui pourrait survenir lors de la maintenance est \u00e9vit\u00e9e. L\u2019association du m\u00e9dia en polypropyl\u00e8ne ou en fibre de verre et de la structure en polypropyl\u00e8ne conf\u00e8re aux cartouches HFB une large compatibilit\u00e9 chimique.  Avec un m\u00e9dia couvrant jusqu\u2019\u00e0 4,5 m<sup>2<\/sup>, la s\u00e9rie HFB offre une valeur exceptionnelle.<\/p>\n\n\n\n<h3 class=\"wp-block-heading\" id=\"h-dimensions\">Dimensions<\/h3>\n\n\n\n<p>Longueur: 12 pouces (taille # 1)<br>24 pouces (taille # 2)<\/p>\n\n\n\n<p><\/p>\n\n\n\n<p>Diam\u00e8tre ext\u00e9rieur&nbsp;:7,06&nbsp;pouces (bride) \/ 6&nbsp;pouces (cartouche)<\/p>\n\n\n\n<h3 class=\"wp-block-heading\" id=\"h-application-courante\">Application courante<\/h3>\n\n\n\n<ul class=\"wp-block-list\">\n<li>Eau de process<\/li>\n\n\n\n<li>Eau d\u00e9min\u00e9ralis\u00e9e<\/li>\n\n\n\n<li>Pr\u00e9filtration par membrane d\u2019OI<\/li>\n\n\n\n<li>Industrie alimentaire et des boissons<\/li>\n\n\n\n<li>Cosm\u00e9tiques<\/li>\n\n\n\n<li>Produits chimiques fins<\/li>\n\n\n\n<li>Eau de production <\/li>\n\n\n\n<li>Eaux us\u00e9es<\/li>\n\n\n\n<li>Amines<\/li>\n<\/ul>\n<\/div>\n<\/div>\n\n\n\n<hr class=\"wp-block-separator has-css-opacity is-style-wide\" \/>\n\n\n\n<div class=\"wp-block-columns has-2-columns is-layout-flex wp-container-core-columns-is-layout-9d6595d7 wp-block-columns-is-layout-flex\">\n<div class=\"wp-block-column is-layout-flow wp-block-column-is-layout-flow\">\n<div class=\"wp-block-file aligncenter btn-file\"><a href=\"https:\/\/www.globalfilter.com\/wp-content\/uploads\/2022\/02\/2021-cartouche-haut-debit-EHF3.pdf\" class=\"wp-block-file__button\">T\u00e9l\u00e9charger la fiche technique<\/a><\/div>\n<\/div>\n\n\n\n<div class=\"wp-block-column is-layout-flow wp-block-column-is-layout-flow\">\n<h1 class=\"wp-block-heading\" id=\"h-cartouches-pliss-es-haut-d-bit-de-la-s-rie-ehf3\">Cartouches pliss\u00e9es \u00e0 haut d\u00e9bit de la s\u00e9rie EHF3<\/h1>\n\n\n\n<p>Les cartouches de filtration pliss\u00e9es \u00e0 haut d\u00e9bit de la s\u00e9rie EHF3 sont con\u00e7ues pour r\u00e9pondre aux besoins de filtration critique dans les applications \u00e0 d\u00e9bit \u00e9lev\u00e9. Ces filtres de grand diam\u00e8tre \u00e0 surface de filtration importante r\u00e9duisent consid\u00e9rablement les temps de maintenance et d\u2019arr\u00eat de production. Les cartouches EFH3 sont une solution de remplacement direct des cartouches \u00e0 haut d\u00e9bit de la s\u00e9rie 3M\/Cuno\u2122. Les cartouches de la s\u00e9rie EHF3 sont disponibles en polypropyl\u00e8ne et en microfibres de verre dans une grande plage de seuils de r\u00e9tention microm\u00e9trique. Ce filtre est confectionn\u00e9 en polypropyl\u00e8ne pour un design robuste. Le polypropyl\u00e8ne et les microfibres de verre garantissent une grande compatibilit\u00e9 chimique.  La capacit\u00e9 de r\u00e9tention est sup\u00e9rieure \u00e0 99&nbsp;%.<\/p>\n\n\n\n<h3 class=\"wp-block-heading\" id=\"h-dimensions-1\">Dimensions<\/h3>\n\n\n\n<p>Longueur&nbsp;: 40 et 60&nbsp;pouces<\/p>\n\n\n\n<p>Diam\u00e8tre ext\u00e9rieur&nbsp;: 6,5&nbsp;pouces<\/p>\n\n\n\n<p>Diam\u00e8tre ext\u00e9rieur&nbsp;: 3&nbsp;pouces<\/p>\n<\/div>\n<\/div>\n\n\n\n<hr class=\"wp-block-separator has-css-opacity is-style-wide\" \/>\n\n\n\n<div class=\"wp-block-columns has-2-columns is-layout-flex wp-container-core-columns-is-layout-9d6595d7 wp-block-columns-is-layout-flex\">\n<div class=\"wp-block-column is-layout-flow wp-block-column-is-layout-flow\">\n<div class=\"wp-block-file aligncenter btn-file\"><a href=\"https:\/\/www.globalfilter.com\/wp-content\/uploads\/2020\/09\/Se\u0301rie-HFHF3-Cartouches-plisse\u0301es-a\u0300-haut-de\u0301bit-DS-210127.pdf\" class=\"wp-block-file__button\">T\u00e9l\u00e9charger la fiche technique<\/a><\/div>\n<\/div>\n\n\n\n<div class=\"wp-block-column is-layout-flow wp-block-column-is-layout-flow\">\n<h1 class=\"wp-block-heading\" id=\"h-cartouches-pliss-es-haut-d-bit-de-la-s-rie-hf-hf3\">Cartouches pliss\u00e9es \u00e0 haut d\u00e9bit de la s\u00e9rie HF\/HF3<\/h1>\n\n\n\n<p>Les cartouches \u00e0 haut d\u00e9bit en polypropyl\u00e8ne et en microfibres de verre de la s\u00e9rie HF r\u00e9pondent \u00e0 vos besoins de cartouches de filtration absolue dans des applications \u00e0 haut d\u00e9bit. Les cartouches pliss\u00e9es de la s\u00e9rie HF sont con\u00e7ues pour une utilisation comme remplacement direct des \u00e9l\u00e9ments des s\u00e9ries Pall\u00ae Ultipleat\u00ae \u00e0 haut d\u00e9bit et 3M 740\u2122. La capacit\u00e9 de r\u00e9tention est sup\u00e9rieure \u00e0 99&nbsp;%.<\/p>\n\n\n\n<h3 class=\"wp-block-heading\" id=\"h-mat-riaux-de-construction\">Mat\u00e9riaux de construction<\/h3>\n\n\n\n<ul class=\"wp-block-list\">\n<li>M\u00e9dias de filtration &#8211; Polypropyl\u00e8ne ou microfibre de verre<\/li>\n\n\n\n<li>Support du m\u00e9dia &#8211; Polypropyl\u00e8ne<\/li>\n\n\n\n<li>Connections &#8211; Polypropyl\u00e8ne<\/li>\n\n\n\n<li>\u00c2me centrale &#8211; Polypropyl\u00e8ne<\/li>\n\n\n\n<li>Cage ext\u00e9rieure &#8211; Polypropyl\u00e8ne<\/li>\n\n\n\n<li>Joints &#8211; Buna, EPDM, Viton, Silicone<\/li>\n<\/ul>\n\n\n\n<h3 class=\"wp-block-heading\" id=\"h-dimensions-2\">Dimensions<\/h3>\n\n\n\n<p>Longueur&nbsp;:<\/p>\n\n\n\n<ul class=\"wp-block-list\">\n<li>HF &#8211; 20, 40, 60 pouces<\/li>\n\n\n\n<li>HF3 &#8211; 39 pouces<\/li>\n<\/ul>\n\n\n\n<p>Diam\u00e8tre ext\u00e9rieur&nbsp;:<\/p>\n\n\n\n<ul class=\"wp-block-list\">\n<li>6,25 pouces<\/li>\n<\/ul>\n<\/div>\n<\/div>\n\n\n\n<hr class=\"wp-block-separator has-css-opacity is-style-wide\" \/>\n\n\n\n<div class=\"wp-block-columns has-2-columns is-layout-flex wp-container-core-columns-is-layout-9d6595d7 wp-block-columns-is-layout-flex\">\n<div class=\"wp-block-column is-layout-flow wp-block-column-is-layout-flow\">\n<figure class=\"wp-block-image size-large\"><img loading=\"lazy\" decoding=\"async\" width=\"688\" height=\"1024\" src=\"https:\/\/www.globalfilter.com\/wp-content\/uploads\/2024\/03\/HFBC-Series-High-Flow-DS240104-FR-688x1024.png\" alt=\"\" class=\"wp-image-12130\" srcset=\"https:\/\/www.globalfilter.com\/wp-content\/uploads\/2024\/03\/HFBC-Series-High-Flow-DS240104-FR-688x1024.png 688w, https:\/\/www.globalfilter.com\/wp-content\/uploads\/2024\/03\/HFBC-Series-High-Flow-DS240104-FR-202x300.png 202w, https:\/\/www.globalfilter.com\/wp-content\/uploads\/2024\/03\/HFBC-Series-High-Flow-DS240104-FR.png 744w\" sizes=\"auto, (max-width: 688px) 100vw, 688px\" \/><\/figure>\n\n\n\n<div class=\"wp-block-file aligncenter btn-file\"><a href=\"https:\/\/www.globalfilter.com\/wp-content\/uploads\/2024\/03\/HFBC-Series-High-Flow-DS240104-FR.pdf\" class=\"wp-block-file__button\">T\u00e9l\u00e9charger la fiche technique<\/a><\/div>\n<\/div>\n\n\n\n<div class=\"wp-block-column is-layout-flow wp-block-column-is-layout-flow\">\n<h1 class=\"wp-block-heading\" id=\"h-cartouches-pliss-es-haut-d-bit-de-la-s-rie-hf-hf3\">Cartouches pliss\u00e9es \u00e0 haut d\u00e9bit de la s\u00e9rie HFBC<\/h1>\n\n\n\n<p>Les \u00e9l\u00e9ments filtrants de la s\u00e9rie HFBC \/ HFBCE sont sp\u00e9cialement con\u00e7us pour \u00eatre utilis\u00e9s avec des<br>corps de filtre \u00e0 poches standards.<\/p>\n\n\n\n<p>Les \u00e9l\u00e9ments de la s\u00e9rie HFBC\/HFBCE sont dot\u00e9s d&rsquo;une surface filtrante nettement plus \u00e9lev\u00e9e, ce qui permet d&rsquo;accro\u00eetre l&rsquo;efficacit\u00e9 de la filtration, la dur\u00e9e d&rsquo;utilisation du filtre et, le cas \u00e9ch\u00e9ant, le d\u00e9bit d&rsquo;un corps de filtre \u00e0 poches existant.<\/p>\n\n\n\n<h3 class=\"wp-block-heading\" id=\"h-mat-riaux-de-construction\">Mat\u00e9riaux de construction<\/h3>\n\n\n\n<ul class=\"wp-block-list\">\n<li>M\u00e9dias filtrant &#8211; Polypropyl\u00e8ne ou polyester<\/li>\n<\/ul>\n\n\n\n<h3 class=\"wp-block-heading\" id=\"h-dimensions-2\">Dimensions<\/h3>\n\n\n\n<p>Longueur&nbsp;:<\/p>\n\n\n\n<ul class=\"wp-block-list\">\n<li>\u00d8 180 x 295mm (taille #1) <\/li>\n\n\n\n<li>\u00d8 180 x 680mm (taille #2)<\/li>\n<\/ul>\n<\/div>\n<\/div>\n","protected":false},"excerpt":{"rendered":"<p>Contacter un expert Les cartouches de filtration en profondeur multi-couches \u00e0 base de fibres ont une capacit\u00e9 de charge \u00e9lev\u00e9e pour une \u00e9limination optimale des particules plus petites que le seuil de r\u00e9tention microm\u00e9trique. Le design pliss\u00e9 de grand diam\u00e8tre des cartouches \u00e0 haut d\u00e9bit offre une tr\u00e8s grande surface filtrante, permettant ainsi une capacit\u00e9 [&hellip;]<\/p>\n","protected":false},"author":3,"featured_media":0,"parent":1411,"menu_order":0,"comment_status":"closed","ping_status":"closed","template":"","meta":{"_acf_changed":false,"content-type":"","footnotes":""},"class_list":["post-1419","page","type-page","status-publish","hentry"],"acf":[],"yoast_head":"<!-- This site is optimized with the Yoast SEO plugin v27.3 - https:\/\/yoast.com\/product\/yoast-seo-wordpress\/ -->\n<title>Cartouches \u00e0 haut d\u00e9bit - Global Filter<\/title>\n<meta name=\"description\" content=\"Nos cartouches \u00e0 haut d\u00e9bit sont dot\u00e9 d&#039;un m\u00e9dia pliss\u00e9 et d&#039;une grande surface filtrante. Compatibles avec les corps de filtres poches.\" \/>\n<meta name=\"robots\" content=\"index, follow, max-snippet:-1, max-image-preview:large, max-video-preview:-1\" \/>\n<link rel=\"canonical\" href=\"https:\/\/www.globalfilter.com\/fr\/produits\/cartouches-a-haut-debit\/\" \/>\n<meta property=\"og:locale\" content=\"fr_FR\" \/>\n<meta property=\"og:type\" content=\"article\" \/>\n<meta property=\"og:title\" content=\"Cartouches \u00e0 haut d\u00e9bit - Global Filter\" \/>\n<meta property=\"og:description\" content=\"Nos cartouches \u00e0 haut d\u00e9bit sont dot\u00e9 d&#039;un m\u00e9dia pliss\u00e9 et d&#039;une grande surface filtrante. Compatibles avec les corps de filtres poches.\" \/>\n<meta property=\"og:url\" content=\"https:\/\/www.globalfilter.com\/fr\/produits\/cartouches-a-haut-debit\/\" \/>\n<meta property=\"og:site_name\" content=\"Global Filter\" \/>\n<meta property=\"article:modified_time\" content=\"2025-08-08T15:02:06+00:00\" \/>\n<meta property=\"og:image\" content=\"https:\/\/www.globalfilter.com\/wp-content\/uploads\/2019\/09\/blank.png\" \/>\n\t<meta property=\"og:image:width\" content=\"1\" \/>\n\t<meta property=\"og:image:height\" content=\"1\" \/>\n\t<meta property=\"og:image:type\" content=\"image\/png\" \/>\n<meta name=\"twitter:card\" content=\"summary_large_image\" \/>\n<meta name=\"twitter:label1\" content=\"Dur\u00e9e de lecture estim\u00e9e\" \/>\n\t<meta name=\"twitter:data1\" content=\"4 minutes\" \/>\n<script type=\"application\/ld+json\" class=\"yoast-schema-graph\">{\"@context\":\"https:\\\/\\\/schema.org\",\"@graph\":[{\"@type\":\"WebPage\",\"@id\":\"https:\\\/\\\/www.globalfilter.com\\\/fr\\\/produits\\\/cartouches-a-haut-debit\\\/\",\"url\":\"https:\\\/\\\/www.globalfilter.com\\\/fr\\\/produits\\\/cartouches-a-haut-debit\\\/\",\"name\":\"Cartouches \u00e0 haut d\u00e9bit - Global Filter\",\"isPartOf\":{\"@id\":\"https:\\\/\\\/www.globalfilter.com\\\/fr\\\/#website\"},\"primaryImageOfPage\":{\"@id\":\"https:\\\/\\\/www.globalfilter.com\\\/fr\\\/produits\\\/cartouches-a-haut-debit\\\/#primaryimage\"},\"image\":{\"@id\":\"https:\\\/\\\/www.globalfilter.com\\\/fr\\\/produits\\\/cartouches-a-haut-debit\\\/#primaryimage\"},\"thumbnailUrl\":\"https:\\\/\\\/www.globalfilter.com\\\/wp-content\\\/uploads\\\/2021\\\/08\\\/Gen2-Web-Banner-origional.jpg\",\"datePublished\":\"2020-02-03T17:02:16+00:00\",\"dateModified\":\"2025-08-08T15:02:06+00:00\",\"description\":\"Nos cartouches \u00e0 haut d\u00e9bit sont dot\u00e9 d'un m\u00e9dia pliss\u00e9 et d'une grande surface filtrante. Compatibles avec les corps de filtres poches.\",\"breadcrumb\":{\"@id\":\"https:\\\/\\\/www.globalfilter.com\\\/fr\\\/produits\\\/cartouches-a-haut-debit\\\/#breadcrumb\"},\"inLanguage\":\"fr-FR\",\"potentialAction\":[{\"@type\":\"ReadAction\",\"target\":[\"https:\\\/\\\/www.globalfilter.com\\\/fr\\\/produits\\\/cartouches-a-haut-debit\\\/\"]}]},{\"@type\":\"ImageObject\",\"inLanguage\":\"fr-FR\",\"@id\":\"https:\\\/\\\/www.globalfilter.com\\\/fr\\\/produits\\\/cartouches-a-haut-debit\\\/#primaryimage\",\"url\":\"https:\\\/\\\/www.globalfilter.com\\\/wp-content\\\/uploads\\\/2021\\\/08\\\/Gen2-Web-Banner-origional.jpg\",\"contentUrl\":\"https:\\\/\\\/www.globalfilter.com\\\/wp-content\\\/uploads\\\/2021\\\/08\\\/Gen2-Web-Banner-origional.jpg\"},{\"@type\":\"BreadcrumbList\",\"@id\":\"https:\\\/\\\/www.globalfilter.com\\\/fr\\\/produits\\\/cartouches-a-haut-debit\\\/#breadcrumb\",\"itemListElement\":[{\"@type\":\"ListItem\",\"position\":1,\"name\":\"home\",\"item\":\"https:\\\/\\\/www.globalfilter.com\\\/fr\\\/\"},{\"@type\":\"ListItem\",\"position\":2,\"name\":\"Produits\",\"item\":\"https:\\\/\\\/www.globalfilter.com\\\/fr\\\/produits\\\/\"},{\"@type\":\"ListItem\",\"position\":3,\"name\":\"Cartouches \u00e0 haut d\u00e9bit\"}]},{\"@type\":\"WebSite\",\"@id\":\"https:\\\/\\\/www.globalfilter.com\\\/fr\\\/#website\",\"url\":\"https:\\\/\\\/www.globalfilter.com\\\/fr\\\/\",\"name\":\"Global Filter\",\"description\":\"Making the World Safer, Healthier and More Productive\",\"publisher\":{\"@id\":\"https:\\\/\\\/www.globalfilter.com\\\/fr\\\/#organization\"},\"potentialAction\":[{\"@type\":\"SearchAction\",\"target\":{\"@type\":\"EntryPoint\",\"urlTemplate\":\"https:\\\/\\\/www.globalfilter.com\\\/fr\\\/?s={search_term_string}\"},\"query-input\":{\"@type\":\"PropertyValueSpecification\",\"valueRequired\":true,\"valueName\":\"search_term_string\"}}],\"inLanguage\":\"fr-FR\"},{\"@type\":\"Organization\",\"@id\":\"https:\\\/\\\/www.globalfilter.com\\\/fr\\\/#organization\",\"name\":\"Global filter\",\"url\":\"https:\\\/\\\/www.globalfilter.com\\\/fr\\\/\",\"logo\":{\"@type\":\"ImageObject\",\"inLanguage\":\"fr-FR\",\"@id\":\"https:\\\/\\\/www.globalfilter.com\\\/fr\\\/#\\\/schema\\\/logo\\\/image\\\/\",\"url\":\"https:\\\/\\\/www.globalfilter.com\\\/wp-content\\\/uploads\\\/2019\\\/06\\\/FGC-logo-1.png\",\"contentUrl\":\"https:\\\/\\\/www.globalfilter.com\\\/wp-content\\\/uploads\\\/2019\\\/06\\\/FGC-logo-1.png\",\"width\":1104,\"height\":224,\"caption\":\"Global filter\"},\"image\":{\"@id\":\"https:\\\/\\\/www.globalfilter.com\\\/fr\\\/#\\\/schema\\\/logo\\\/image\\\/\"},\"sameAs\":[\"https:\\\/\\\/www.linkedin.com\\\/company\\\/global-filter-llc\"]}]}<\/script>\n<!-- \/ Yoast SEO plugin. -->","yoast_head_json":{"title":"Cartouches \u00e0 haut d\u00e9bit - Global Filter","description":"Nos cartouches \u00e0 haut d\u00e9bit sont dot\u00e9 d'un m\u00e9dia pliss\u00e9 et d'une grande surface filtrante. Compatibles avec les corps de filtres poches.","robots":{"index":"index","follow":"follow","max-snippet":"max-snippet:-1","max-image-preview":"max-image-preview:large","max-video-preview":"max-video-preview:-1"},"canonical":"https:\/\/www.globalfilter.com\/fr\/produits\/cartouches-a-haut-debit\/","og_locale":"fr_FR","og_type":"article","og_title":"Cartouches \u00e0 haut d\u00e9bit - Global Filter","og_description":"Nos cartouches \u00e0 haut d\u00e9bit sont dot\u00e9 d'un m\u00e9dia pliss\u00e9 et d'une grande surface filtrante. Compatibles avec les corps de filtres poches.","og_url":"https:\/\/www.globalfilter.com\/fr\/produits\/cartouches-a-haut-debit\/","og_site_name":"Global Filter","article_modified_time":"2025-08-08T15:02:06+00:00","og_image":[{"width":1,"height":1,"url":"https:\/\/www.globalfilter.com\/wp-content\/uploads\/2019\/09\/blank.png","type":"image\/png"}],"twitter_card":"summary_large_image","twitter_misc":{"Dur\u00e9e de lecture estim\u00e9e":"4 minutes"},"schema":{"@context":"https:\/\/schema.org","@graph":[{"@type":"WebPage","@id":"https:\/\/www.globalfilter.com\/fr\/produits\/cartouches-a-haut-debit\/","url":"https:\/\/www.globalfilter.com\/fr\/produits\/cartouches-a-haut-debit\/","name":"Cartouches \u00e0 haut d\u00e9bit - Global Filter","isPartOf":{"@id":"https:\/\/www.globalfilter.com\/fr\/#website"},"primaryImageOfPage":{"@id":"https:\/\/www.globalfilter.com\/fr\/produits\/cartouches-a-haut-debit\/#primaryimage"},"image":{"@id":"https:\/\/www.globalfilter.com\/fr\/produits\/cartouches-a-haut-debit\/#primaryimage"},"thumbnailUrl":"https:\/\/www.globalfilter.com\/wp-content\/uploads\/2021\/08\/Gen2-Web-Banner-origional.jpg","datePublished":"2020-02-03T17:02:16+00:00","dateModified":"2025-08-08T15:02:06+00:00","description":"Nos cartouches \u00e0 haut d\u00e9bit sont dot\u00e9 d'un m\u00e9dia pliss\u00e9 et d'une grande surface filtrante. Compatibles avec les corps de filtres poches.","breadcrumb":{"@id":"https:\/\/www.globalfilter.com\/fr\/produits\/cartouches-a-haut-debit\/#breadcrumb"},"inLanguage":"fr-FR","potentialAction":[{"@type":"ReadAction","target":["https:\/\/www.globalfilter.com\/fr\/produits\/cartouches-a-haut-debit\/"]}]},{"@type":"ImageObject","inLanguage":"fr-FR","@id":"https:\/\/www.globalfilter.com\/fr\/produits\/cartouches-a-haut-debit\/#primaryimage","url":"https:\/\/www.globalfilter.com\/wp-content\/uploads\/2021\/08\/Gen2-Web-Banner-origional.jpg","contentUrl":"https:\/\/www.globalfilter.com\/wp-content\/uploads\/2021\/08\/Gen2-Web-Banner-origional.jpg"},{"@type":"BreadcrumbList","@id":"https:\/\/www.globalfilter.com\/fr\/produits\/cartouches-a-haut-debit\/#breadcrumb","itemListElement":[{"@type":"ListItem","position":1,"name":"home","item":"https:\/\/www.globalfilter.com\/fr\/"},{"@type":"ListItem","position":2,"name":"Produits","item":"https:\/\/www.globalfilter.com\/fr\/produits\/"},{"@type":"ListItem","position":3,"name":"Cartouches \u00e0 haut d\u00e9bit"}]},{"@type":"WebSite","@id":"https:\/\/www.globalfilter.com\/fr\/#website","url":"https:\/\/www.globalfilter.com\/fr\/","name":"Global Filter","description":"Making the World Safer, Healthier and More Productive","publisher":{"@id":"https:\/\/www.globalfilter.com\/fr\/#organization"},"potentialAction":[{"@type":"SearchAction","target":{"@type":"EntryPoint","urlTemplate":"https:\/\/www.globalfilter.com\/fr\/?s={search_term_string}"},"query-input":{"@type":"PropertyValueSpecification","valueRequired":true,"valueName":"search_term_string"}}],"inLanguage":"fr-FR"},{"@type":"Organization","@id":"https:\/\/www.globalfilter.com\/fr\/#organization","name":"Global filter","url":"https:\/\/www.globalfilter.com\/fr\/","logo":{"@type":"ImageObject","inLanguage":"fr-FR","@id":"https:\/\/www.globalfilter.com\/fr\/#\/schema\/logo\/image\/","url":"https:\/\/www.globalfilter.com\/wp-content\/uploads\/2019\/06\/FGC-logo-1.png","contentUrl":"https:\/\/www.globalfilter.com\/wp-content\/uploads\/2019\/06\/FGC-logo-1.png","width":1104,"height":224,"caption":"Global filter"},"image":{"@id":"https:\/\/www.globalfilter.com\/fr\/#\/schema\/logo\/image\/"},"sameAs":["https:\/\/www.linkedin.com\/company\/global-filter-llc"]}]}},"_links":{"self":[{"href":"https:\/\/www.globalfilter.com\/fr\/wp-json\/wp\/v2\/pages\/1419","targetHints":{"allow":["GET"]}}],"collection":[{"href":"https:\/\/www.globalfilter.com\/fr\/wp-json\/wp\/v2\/pages"}],"about":[{"href":"https:\/\/www.globalfilter.com\/fr\/wp-json\/wp\/v2\/types\/page"}],"author":[{"embeddable":true,"href":"https:\/\/www.globalfilter.com\/fr\/wp-json\/wp\/v2\/users\/3"}],"replies":[{"embeddable":true,"href":"https:\/\/www.globalfilter.com\/fr\/wp-json\/wp\/v2\/comments?post=1419"}],"version-history":[{"count":0,"href":"https:\/\/www.globalfilter.com\/fr\/wp-json\/wp\/v2\/pages\/1419\/revisions"}],"up":[{"embeddable":true,"href":"https:\/\/www.globalfilter.com\/fr\/wp-json\/wp\/v2\/pages\/1411"}],"wp:attachment":[{"href":"https:\/\/www.globalfilter.com\/fr\/wp-json\/wp\/v2\/media?parent=1419"}],"curies":[{"name":"wp","href":"https:\/\/api.w.org\/{rel}","templated":true}]}}