{"id":1421,"date":"2020-02-03T17:02:17","date_gmt":"2020-02-03T17:02:17","guid":{"rendered":"https:\/\/www.globalfilter.com\/cartouches-plissees\/microfibres-de-verre\/"},"modified":"2026-01-06T08:34:34","modified_gmt":"2026-01-06T08:34:34","slug":"cartouche-plissee-fibre-de-verre","status":"publish","type":"page","link":"https:\/\/www.globalfilter.com\/fr\/produits\/cartouches-plissees\/cartouche-plissee-fibre-de-verre\/","title":{"rendered":"Fibre de verre"},"content":{"rendered":"\n<div class=\"wp-block-cover alignfull is-light\" style=\"min-height:200px;aspect-ratio:unset;\"><img decoding=\"async\" class=\"wp-block-cover__image-background wp-image-362\" alt=\"\" src=\"https:\/\/www.globalfilter.com\/wp-content\/uploads\/2021\/08\/Gen2-Web-Banner-origional.jpg\" data-object-fit=\"cover\" \/><span aria-hidden=\"true\" class=\"wp-block-cover__background has-blue-background-color has-background-dim\"><\/span><div class=\"wp-block-cover__inner-container is-layout-flow wp-block-cover-is-layout-flow\">\n<h1 class=\"wp-block-heading has-text-align-center\" id=\"h-cartouches-pliss-es-fibre-de-verre\">Cartouches pliss\u00e9es fibre de verre<\/h1>\n<\/div><\/div>\n\n\n\n<p>Les cartouches pliss\u00e9es fibre de verre. Leur m\u00e9dia filtrant en fibres de verre de borosilicate pliss\u00e9 de haute puret\u00e9 offre une r\u00e9tention de haute efficacit\u00e9 des particules des flux de liquides et gazeux. Pr\u00e9f\u00e9r\u00e9 aux autres m\u00e9dias, le mat\u00e9riau se distingue par son taux de r\u00e9tention \u00e9lev\u00e9 ainsi que sa faible perte de charge. Pouvant \u00eatre utilis\u00e9 au contact alimentaire, le m\u00e9dia est parfait pour l\u2019agroalimentaire et le traitement d&rsquo;eau. Ces cartouches sont souvent utilis\u00e9es pour la filtration d\u2019eau de process, de lubrifiants et de certains produits chimiques.<\/p>\n\n\n\n<p> Ces cartouches pliss\u00e9es fibre de verre sont fabriqu\u00e9es en salle blanche pour r\u00e9pondre aux standards \u00e9lev\u00e9s en termes de puret\u00e9 et de propret\u00e9. Elles sont tr\u00e8s efficace pour retirer les collo\u00efdes gr\u00e2ce \u00e0 leur m\u00e9dia charg\u00e9 positivement. Les cartouches pliss\u00e9es fibre de verre Global Filter sont disponibles avec une efficacit\u00e9 de filtration absolue (jusqu\u2019\u00e0 99,98&nbsp;% de r\u00e9tention) ou nominale (90&nbsp;% de r\u00e9tention). <\/p>\n\n\n\n<div class=\"wp-block-columns has-2-columns is-layout-flex wp-container-core-columns-is-layout-9d6595d7 wp-block-columns-is-layout-flex\">\n<div class=\"wp-block-column is-layout-flow wp-block-column-is-layout-flow\">\n<figure class=\"wp-block-image\"><img loading=\"lazy\" decoding=\"async\" width=\"1024\" height=\"576\" src=\"https:\/\/www.globalfilter.com\/wp-content\/uploads\/2019\/09\/FG-Series-Pleated-Depth-Cartridges-1024x576.jpg\" alt=\"Cartouches pliss\u00e9es de filtration en profondeur de la s\u00e9rie FG \" class=\"wp-image-578\" srcset=\"https:\/\/www.globalfilter.com\/wp-content\/uploads\/2019\/09\/FG-Series-Pleated-Depth-Cartridges-1024x576.jpg 1024w, https:\/\/www.globalfilter.com\/wp-content\/uploads\/2019\/09\/FG-Series-Pleated-Depth-Cartridges-300x169.jpg 300w, https:\/\/www.globalfilter.com\/wp-content\/uploads\/2019\/09\/FG-Series-Pleated-Depth-Cartridges-768x432.jpg 768w, https:\/\/www.globalfilter.com\/wp-content\/uploads\/2019\/09\/FG-Series-Pleated-Depth-Cartridges.jpg 1295w\" sizes=\"auto, (max-width: 1024px) 100vw, 1024px\" \/><\/figure>\n\n\n\n<div class=\"wp-block-file aligncenter btn-file\"><a href=\"https:\/\/www.globalfilter.com\/wp-content\/uploads\/2026\/01\/D015A-FG-FR.pdf\" class=\"wp-block-file__button\">T\u00e9l\u00e9charger la fiche technique<\/a><\/div>\n\n\n<div class=\"wp-block-image\">\n<figure class=\"aligncenter size-medium\"><img loading=\"lazy\" decoding=\"async\" width=\"221\" height=\"300\" src=\"https:\/\/www.globalfilter.com\/wp-content\/uploads\/2021\/11\/fab_bloc_cartouche_rvb-1-221x300.jpg\" alt=\"\" class=\"wp-image-7951\" srcset=\"https:\/\/www.globalfilter.com\/wp-content\/uploads\/2021\/11\/fab_bloc_cartouche_rvb-1-221x300.jpg 221w, https:\/\/www.globalfilter.com\/wp-content\/uploads\/2021\/11\/fab_bloc_cartouche_rvb-1-755x1024.jpg 755w, https:\/\/www.globalfilter.com\/wp-content\/uploads\/2021\/11\/fab_bloc_cartouche_rvb-1-768x1042.jpg 768w, https:\/\/www.globalfilter.com\/wp-content\/uploads\/2021\/11\/fab_bloc_cartouche_rvb-1.jpg 827w\" sizes=\"auto, (max-width: 221px) 100vw, 221px\" \/><\/figure>\n<\/div><\/div>\n\n\n\n<div class=\"wp-block-column is-layout-flow wp-block-column-is-layout-flow\">\n<h2 class=\"wp-block-heading\" id=\"h-cartouches-pliss-es-fibre-de-verre-de-la-s-rie-fg\">Cartouches pliss\u00e9es fibre de verre de la s\u00e9rie FG<\/h2>\n\n\n\n<p>Les cartouches filtrantes pliss\u00e9es en fibre de verre borosilicate haute puret\u00e9 de la s\u00e9rie FG offrent une r\u00e9tention tr\u00e8s efficace des particules dans les fluides liquides et gazeux. Elles poss\u00e8dent une grande capacit\u00e9 de r\u00e9tention et une faible perte de charge. Adapt\u00e9e au contact alimentaire, la s\u00e9rie FG r\u00e9pond aux exigences de haute performance de la production agroalimentaire et du traitement d&rsquo;eau. Elle est aussi souvent utilis\u00e9e pour les eaux de process, les lubrifiants et une gamme de produits chimiques. Elle est efficace pour la filtration des collo\u00efdes gr\u00e2ce \u00e0 la charge positive inh\u00e9rente au m\u00e9dia. Fabriqu\u00e9e en salle blanche pour maintenir des normes \u00e9lev\u00e9es de puret\u00e9 et de propret\u00e9.<\/p>\n\n\n\n<p>Fabriqu\u00e9es en France (Orange).<\/p>\n\n\n\n<p>Propos\u00e9 \u00e0 la fois en efficacit\u00e9 absolue (jusqu&rsquo;\u00e0 99,98 % de r\u00e9tention) et en efficacit\u00e9 nominale (90 % de r\u00e9tention). Disponibles avec les connexions courantes.<\/p>\n\n\n\n<p><strong>Applications courantes<\/strong><\/p>\n\n\n\n<ul class=\"wp-block-list\">\n<li>Industrie alimentaire et des boissons<\/li>\n\n\n\n<li>Eau d\u00e9min\u00e9ralis\u00e9e<\/li>\n\n\n\n<li>Eau de process<\/li>\n\n\n\n<li>Produits chimiques fins<\/li>\n\n\n\n<li>Eaux us\u00e9es<\/li>\n\n\n\n<li>Eau de production <\/li>\n\n\n\n<li>Clarification du vin<\/li>\n\n\n\n<li>\u00c9dulcorants<\/li>\n<\/ul>\n<\/div>\n<\/div>\n\n\n\n<hr class=\"wp-block-separator has-css-opacity is-style-wide\" \/>\n\n\n\n<div class=\"wp-block-columns has-2-columns is-layout-flex wp-container-core-columns-is-layout-9d6595d7 wp-block-columns-is-layout-flex\">\n<div class=\"wp-block-column is-layout-flow wp-block-column-is-layout-flow\">\n<figure class=\"wp-block-image\"><img loading=\"lazy\" decoding=\"async\" width=\"884\" height=\"497\" src=\"https:\/\/www.globalfilter.com\/wp-content\/uploads\/2019\/09\/FGE-Series-Pleated-Depth-Cartridges.jpg\" alt=\"Cartouches de filtration en profondeur pliss\u00e9es de la s\u00e9rie FGE\" class=\"wp-image-580\" srcset=\"https:\/\/www.globalfilter.com\/wp-content\/uploads\/2019\/09\/FGE-Series-Pleated-Depth-Cartridges.jpg 884w, https:\/\/www.globalfilter.com\/wp-content\/uploads\/2019\/09\/FGE-Series-Pleated-Depth-Cartridges-300x169.jpg 300w, https:\/\/www.globalfilter.com\/wp-content\/uploads\/2019\/09\/FGE-Series-Pleated-Depth-Cartridges-768x432.jpg 768w\" sizes=\"auto, (max-width: 884px) 100vw, 884px\" \/><\/figure>\n\n\n\n<div class=\"wp-block-file aligncenter btn-file\"><a href=\"https:\/\/www.globalfilter.com\/wp-content\/uploads\/2021\/11\/2021-cartouches-plissees-FGE.pdf\" class=\"wp-block-file__button\">T\u00e9l\u00e9charger la fiche technique<\/a><\/div>\n\n\n<div class=\"wp-block-image\">\n<figure class=\"aligncenter size-medium\"><img loading=\"lazy\" decoding=\"async\" width=\"221\" height=\"300\" src=\"https:\/\/www.globalfilter.com\/wp-content\/uploads\/2021\/11\/fab_bloc_cartouche_rvb-1-221x300.jpg\" alt=\"\" class=\"wp-image-7951\" srcset=\"https:\/\/www.globalfilter.com\/wp-content\/uploads\/2021\/11\/fab_bloc_cartouche_rvb-1-221x300.jpg 221w, https:\/\/www.globalfilter.com\/wp-content\/uploads\/2021\/11\/fab_bloc_cartouche_rvb-1-755x1024.jpg 755w, https:\/\/www.globalfilter.com\/wp-content\/uploads\/2021\/11\/fab_bloc_cartouche_rvb-1-768x1042.jpg 768w, https:\/\/www.globalfilter.com\/wp-content\/uploads\/2021\/11\/fab_bloc_cartouche_rvb-1.jpg 827w\" sizes=\"auto, (max-width: 221px) 100vw, 221px\" \/><\/figure>\n<\/div><\/div>\n\n\n\n<div class=\"wp-block-column is-layout-flow wp-block-column-is-layout-flow\">\n<h2 class=\"wp-block-heading\" id=\"h-cartouche-pliss-e-conomique-en-fibre-de-verre-de-la-s-rie-fge\">Cartouche pliss\u00e9e \u00e9conomique en fibre de verre  &#8211;  de la S\u00e9rie FGE<\/h2>\n\n\n\n<p>Les cartouches filtrantes pliss\u00e9es en micro fibre de verre borosilicate de haute puret\u00e9 et de qualit\u00e9 \u00e9conomique de la s\u00e9rie FGE offrent une r\u00e9tention tr\u00e8s efficace des particules dans les fluides liquides et gazeux. Elles sont appr\u00e9ci\u00e9es pour leur efficacit\u00e9 de r\u00e9tention sup\u00e9rieure, leur faible perte de charge et leur plus grande capacit\u00e9 de r\u00e9tention en contaminants par rapport aux autres m\u00e9dias. La s\u00e9rie FGE est le choix pr\u00e9f\u00e9r\u00e9 lorsque l&rsquo;application exige une option plus \u00e9conomique ou lorsque le diam\u00e8tre ext\u00e9rieur de 2,5&Prime; est n\u00e9cessaire. Par exemple lors de filtration par batch. Supporte des temp\u00e9ratures \u00e9lev\u00e9es (jusqu&rsquo;\u00e0 200\u00b0F).<\/p>\n\n\n\n<p>Adapt\u00e9e au contact alimentaire, la s\u00e9rie FGE r\u00e9pond aux exigences de haute performance de la production agroalimentaire. Elle peut \u00e9galement \u00eatre utilis\u00e9e dans une large gamme d&rsquo;applications, dont le traitement d&rsquo;eau, les lubrifiants et produits chimiques. Fabriqu\u00e9e en salle blanche pour maintenir des normes \u00e9lev\u00e9es de puret\u00e9 et de propret\u00e9.<\/p>\n\n\n\n<p>Fabriqu\u00e9es  en France (Orange).<\/p>\n\n\n\n<p>Propos\u00e9e \u00e0 la fois en efficacit\u00e9 absolue (jusqu&rsquo;\u00e0 99,98 % de r\u00e9tention) et nominale (90 % de r\u00e9tention). Disponibles avec les connexions courantes.<\/p>\n\n\n\n<p><strong>Applications courantes<\/strong><\/p>\n\n\n\n<ul class=\"wp-block-list\">\n<li>Industrie alimentaire et des boissons<\/li>\n\n\n\n<li>Eau d\u00e9min\u00e9ralis\u00e9e<\/li>\n\n\n\n<li>Eau de process<\/li>\n\n\n\n<li>Produits chimiques fins<\/li>\n\n\n\n<li>Pr\u00e9filtration par osmose inverse<\/li>\n\n\n\n<li>Eaux us\u00e9es<\/li>\n\n\n\n<li>Eau de production <\/li>\n\n\n\n<li>Clarification du vin<\/li>\n\n\n\n<li>\u00c9dulcorants<\/li>\n<\/ul>\n\n\n\n<p><strong>Dimensions<\/strong><\/p>\n\n\n\n<p>Longueur&nbsp;: 25,4 \u00e0 101,6&nbsp;cm, nominale<\/p>\n\n\n\n<p>Diam\u00e8tre ext\u00e9rieur&nbsp;: 6,35&nbsp;cm, nominal<\/p>\n<\/div>\n<\/div>\n","protected":false},"excerpt":{"rendered":"<p>Les cartouches pliss\u00e9es fibre de verre. Leur m\u00e9dia filtrant en fibres de verre de borosilicate pliss\u00e9 de haute puret\u00e9 offre une r\u00e9tention de haute efficacit\u00e9 des particules des flux de liquides et gazeux. Pr\u00e9f\u00e9r\u00e9 aux autres m\u00e9dias, le mat\u00e9riau se distingue par son taux de r\u00e9tention \u00e9lev\u00e9 ainsi que sa faible perte de charge. Pouvant [&hellip;]<\/p>\n","protected":false},"author":3,"featured_media":0,"parent":1398,"menu_order":0,"comment_status":"closed","ping_status":"closed","template":"","meta":{"_acf_changed":false,"content-type":"","footnotes":""},"class_list":["post-1421","page","type-page","status-publish","hentry"],"acf":[],"yoast_head":"<!-- This site is optimized with the Yoast SEO plugin v27.3 - https:\/\/yoast.com\/product\/yoast-seo-wordpress\/ -->\n<title>Fibre de verre - Global Filter<\/title>\n<meta name=\"description\" content=\"Les cartouches pliss\u00e9es fibre de verre S\u00e9rie FG et FGE de Global Filter sont une solution de filtration id\u00e9ale pour les fluides et gaz. Fibre de verre cartouche fibre de verre\" \/>\n<meta name=\"robots\" content=\"index, follow, max-snippet:-1, max-image-preview:large, max-video-preview:-1\" \/>\n<link rel=\"canonical\" href=\"https:\/\/www.globalfilter.com\/fr\/produits\/cartouches-plissees\/cartouche-plissee-fibre-de-verre\/\" \/>\n<meta property=\"og:locale\" content=\"fr_FR\" \/>\n<meta property=\"og:type\" content=\"article\" \/>\n<meta property=\"og:title\" content=\"Fibre de verre - Global Filter\" \/>\n<meta property=\"og:description\" content=\"Les cartouches pliss\u00e9es fibre de verre S\u00e9rie FG et FGE de Global Filter sont une solution de filtration id\u00e9ale pour les fluides et gaz. Fibre de verre cartouche fibre de verre\" \/>\n<meta property=\"og:url\" content=\"https:\/\/www.globalfilter.com\/fr\/produits\/cartouches-plissees\/cartouche-plissee-fibre-de-verre\/\" \/>\n<meta property=\"og:site_name\" content=\"Global Filter\" \/>\n<meta property=\"article:modified_time\" content=\"2026-01-06T08:34:34+00:00\" \/>\n<meta property=\"og:image\" content=\"https:\/\/www.globalfilter.com\/wp-content\/uploads\/2019\/09\/blank.png\" \/>\n\t<meta property=\"og:image:width\" content=\"1\" \/>\n\t<meta property=\"og:image:height\" content=\"1\" \/>\n\t<meta property=\"og:image:type\" content=\"image\/png\" \/>\n<meta name=\"twitter:card\" content=\"summary_large_image\" \/>\n<meta name=\"twitter:label1\" content=\"Dur\u00e9e de lecture estim\u00e9e\" \/>\n\t<meta name=\"twitter:data1\" content=\"4 minutes\" \/>\n<script type=\"application\/ld+json\" class=\"yoast-schema-graph\">{\"@context\":\"https:\\\/\\\/schema.org\",\"@graph\":[{\"@type\":\"WebPage\",\"@id\":\"https:\\\/\\\/www.globalfilter.com\\\/fr\\\/produits\\\/cartouches-plissees\\\/cartouche-plissee-fibre-de-verre\\\/\",\"url\":\"https:\\\/\\\/www.globalfilter.com\\\/fr\\\/produits\\\/cartouches-plissees\\\/cartouche-plissee-fibre-de-verre\\\/\",\"name\":\"Fibre de verre - Global Filter\",\"isPartOf\":{\"@id\":\"https:\\\/\\\/www.globalfilter.com\\\/fr\\\/#website\"},\"primaryImageOfPage\":{\"@id\":\"https:\\\/\\\/www.globalfilter.com\\\/fr\\\/produits\\\/cartouches-plissees\\\/cartouche-plissee-fibre-de-verre\\\/#primaryimage\"},\"image\":{\"@id\":\"https:\\\/\\\/www.globalfilter.com\\\/fr\\\/produits\\\/cartouches-plissees\\\/cartouche-plissee-fibre-de-verre\\\/#primaryimage\"},\"thumbnailUrl\":\"https:\\\/\\\/www.globalfilter.com\\\/wp-content\\\/uploads\\\/2021\\\/08\\\/Gen2-Web-Banner-origional.jpg\",\"datePublished\":\"2020-02-03T17:02:17+00:00\",\"dateModified\":\"2026-01-06T08:34:34+00:00\",\"description\":\"Les cartouches pliss\u00e9es fibre de verre S\u00e9rie FG et FGE de Global Filter sont une solution de filtration id\u00e9ale pour les fluides et gaz. Fibre de verre cartouche fibre de verre\",\"breadcrumb\":{\"@id\":\"https:\\\/\\\/www.globalfilter.com\\\/fr\\\/produits\\\/cartouches-plissees\\\/cartouche-plissee-fibre-de-verre\\\/#breadcrumb\"},\"inLanguage\":\"fr-FR\",\"potentialAction\":[{\"@type\":\"ReadAction\",\"target\":[\"https:\\\/\\\/www.globalfilter.com\\\/fr\\\/produits\\\/cartouches-plissees\\\/cartouche-plissee-fibre-de-verre\\\/\"]}]},{\"@type\":\"ImageObject\",\"inLanguage\":\"fr-FR\",\"@id\":\"https:\\\/\\\/www.globalfilter.com\\\/fr\\\/produits\\\/cartouches-plissees\\\/cartouche-plissee-fibre-de-verre\\\/#primaryimage\",\"url\":\"https:\\\/\\\/www.globalfilter.com\\\/wp-content\\\/uploads\\\/2021\\\/08\\\/Gen2-Web-Banner-origional.jpg\",\"contentUrl\":\"https:\\\/\\\/www.globalfilter.com\\\/wp-content\\\/uploads\\\/2021\\\/08\\\/Gen2-Web-Banner-origional.jpg\"},{\"@type\":\"BreadcrumbList\",\"@id\":\"https:\\\/\\\/www.globalfilter.com\\\/fr\\\/produits\\\/cartouches-plissees\\\/cartouche-plissee-fibre-de-verre\\\/#breadcrumb\",\"itemListElement\":[{\"@type\":\"ListItem\",\"position\":1,\"name\":\"home\",\"item\":\"https:\\\/\\\/www.globalfilter.com\\\/fr\\\/\"},{\"@type\":\"ListItem\",\"position\":2,\"name\":\"Produits\",\"item\":\"https:\\\/\\\/www.globalfilter.com\\\/fr\\\/produits\\\/\"},{\"@type\":\"ListItem\",\"position\":3,\"name\":\"Cartouches pliss\u00e9es\",\"item\":\"https:\\\/\\\/www.globalfilter.com\\\/fr\\\/produits\\\/cartouches-plissees\\\/\"},{\"@type\":\"ListItem\",\"position\":4,\"name\":\"Fibre de verre\"}]},{\"@type\":\"WebSite\",\"@id\":\"https:\\\/\\\/www.globalfilter.com\\\/fr\\\/#website\",\"url\":\"https:\\\/\\\/www.globalfilter.com\\\/fr\\\/\",\"name\":\"Global Filter\",\"description\":\"Making the World Safer, Healthier and More Productive\",\"publisher\":{\"@id\":\"https:\\\/\\\/www.globalfilter.com\\\/fr\\\/#organization\"},\"potentialAction\":[{\"@type\":\"SearchAction\",\"target\":{\"@type\":\"EntryPoint\",\"urlTemplate\":\"https:\\\/\\\/www.globalfilter.com\\\/fr\\\/?s={search_term_string}\"},\"query-input\":{\"@type\":\"PropertyValueSpecification\",\"valueRequired\":true,\"valueName\":\"search_term_string\"}}],\"inLanguage\":\"fr-FR\"},{\"@type\":\"Organization\",\"@id\":\"https:\\\/\\\/www.globalfilter.com\\\/fr\\\/#organization\",\"name\":\"Global filter\",\"url\":\"https:\\\/\\\/www.globalfilter.com\\\/fr\\\/\",\"logo\":{\"@type\":\"ImageObject\",\"inLanguage\":\"fr-FR\",\"@id\":\"https:\\\/\\\/www.globalfilter.com\\\/fr\\\/#\\\/schema\\\/logo\\\/image\\\/\",\"url\":\"https:\\\/\\\/www.globalfilter.com\\\/wp-content\\\/uploads\\\/2019\\\/06\\\/FGC-logo-1.png\",\"contentUrl\":\"https:\\\/\\\/www.globalfilter.com\\\/wp-content\\\/uploads\\\/2019\\\/06\\\/FGC-logo-1.png\",\"width\":1104,\"height\":224,\"caption\":\"Global filter\"},\"image\":{\"@id\":\"https:\\\/\\\/www.globalfilter.com\\\/fr\\\/#\\\/schema\\\/logo\\\/image\\\/\"},\"sameAs\":[\"https:\\\/\\\/www.linkedin.com\\\/company\\\/global-filter-llc\"]}]}<\/script>\n<!-- \/ Yoast SEO plugin. -->","yoast_head_json":{"title":"Fibre de verre - Global Filter","description":"Les cartouches pliss\u00e9es fibre de verre S\u00e9rie FG et FGE de Global Filter sont une solution de filtration id\u00e9ale pour les fluides et gaz. Fibre de verre cartouche fibre de verre","robots":{"index":"index","follow":"follow","max-snippet":"max-snippet:-1","max-image-preview":"max-image-preview:large","max-video-preview":"max-video-preview:-1"},"canonical":"https:\/\/www.globalfilter.com\/fr\/produits\/cartouches-plissees\/cartouche-plissee-fibre-de-verre\/","og_locale":"fr_FR","og_type":"article","og_title":"Fibre de verre - Global Filter","og_description":"Les cartouches pliss\u00e9es fibre de verre S\u00e9rie FG et FGE de Global Filter sont une solution de filtration id\u00e9ale pour les fluides et gaz. Fibre de verre cartouche fibre de verre","og_url":"https:\/\/www.globalfilter.com\/fr\/produits\/cartouches-plissees\/cartouche-plissee-fibre-de-verre\/","og_site_name":"Global Filter","article_modified_time":"2026-01-06T08:34:34+00:00","og_image":[{"width":1,"height":1,"url":"https:\/\/www.globalfilter.com\/wp-content\/uploads\/2019\/09\/blank.png","type":"image\/png"}],"twitter_card":"summary_large_image","twitter_misc":{"Dur\u00e9e de lecture estim\u00e9e":"4 minutes"},"schema":{"@context":"https:\/\/schema.org","@graph":[{"@type":"WebPage","@id":"https:\/\/www.globalfilter.com\/fr\/produits\/cartouches-plissees\/cartouche-plissee-fibre-de-verre\/","url":"https:\/\/www.globalfilter.com\/fr\/produits\/cartouches-plissees\/cartouche-plissee-fibre-de-verre\/","name":"Fibre de verre - Global Filter","isPartOf":{"@id":"https:\/\/www.globalfilter.com\/fr\/#website"},"primaryImageOfPage":{"@id":"https:\/\/www.globalfilter.com\/fr\/produits\/cartouches-plissees\/cartouche-plissee-fibre-de-verre\/#primaryimage"},"image":{"@id":"https:\/\/www.globalfilter.com\/fr\/produits\/cartouches-plissees\/cartouche-plissee-fibre-de-verre\/#primaryimage"},"thumbnailUrl":"https:\/\/www.globalfilter.com\/wp-content\/uploads\/2021\/08\/Gen2-Web-Banner-origional.jpg","datePublished":"2020-02-03T17:02:17+00:00","dateModified":"2026-01-06T08:34:34+00:00","description":"Les cartouches pliss\u00e9es fibre de verre S\u00e9rie FG et FGE de Global Filter sont une solution de filtration id\u00e9ale pour les fluides et gaz. Fibre de verre cartouche fibre de verre","breadcrumb":{"@id":"https:\/\/www.globalfilter.com\/fr\/produits\/cartouches-plissees\/cartouche-plissee-fibre-de-verre\/#breadcrumb"},"inLanguage":"fr-FR","potentialAction":[{"@type":"ReadAction","target":["https:\/\/www.globalfilter.com\/fr\/produits\/cartouches-plissees\/cartouche-plissee-fibre-de-verre\/"]}]},{"@type":"ImageObject","inLanguage":"fr-FR","@id":"https:\/\/www.globalfilter.com\/fr\/produits\/cartouches-plissees\/cartouche-plissee-fibre-de-verre\/#primaryimage","url":"https:\/\/www.globalfilter.com\/wp-content\/uploads\/2021\/08\/Gen2-Web-Banner-origional.jpg","contentUrl":"https:\/\/www.globalfilter.com\/wp-content\/uploads\/2021\/08\/Gen2-Web-Banner-origional.jpg"},{"@type":"BreadcrumbList","@id":"https:\/\/www.globalfilter.com\/fr\/produits\/cartouches-plissees\/cartouche-plissee-fibre-de-verre\/#breadcrumb","itemListElement":[{"@type":"ListItem","position":1,"name":"home","item":"https:\/\/www.globalfilter.com\/fr\/"},{"@type":"ListItem","position":2,"name":"Produits","item":"https:\/\/www.globalfilter.com\/fr\/produits\/"},{"@type":"ListItem","position":3,"name":"Cartouches pliss\u00e9es","item":"https:\/\/www.globalfilter.com\/fr\/produits\/cartouches-plissees\/"},{"@type":"ListItem","position":4,"name":"Fibre de verre"}]},{"@type":"WebSite","@id":"https:\/\/www.globalfilter.com\/fr\/#website","url":"https:\/\/www.globalfilter.com\/fr\/","name":"Global Filter","description":"Making the World Safer, Healthier and More Productive","publisher":{"@id":"https:\/\/www.globalfilter.com\/fr\/#organization"},"potentialAction":[{"@type":"SearchAction","target":{"@type":"EntryPoint","urlTemplate":"https:\/\/www.globalfilter.com\/fr\/?s={search_term_string}"},"query-input":{"@type":"PropertyValueSpecification","valueRequired":true,"valueName":"search_term_string"}}],"inLanguage":"fr-FR"},{"@type":"Organization","@id":"https:\/\/www.globalfilter.com\/fr\/#organization","name":"Global filter","url":"https:\/\/www.globalfilter.com\/fr\/","logo":{"@type":"ImageObject","inLanguage":"fr-FR","@id":"https:\/\/www.globalfilter.com\/fr\/#\/schema\/logo\/image\/","url":"https:\/\/www.globalfilter.com\/wp-content\/uploads\/2019\/06\/FGC-logo-1.png","contentUrl":"https:\/\/www.globalfilter.com\/wp-content\/uploads\/2019\/06\/FGC-logo-1.png","width":1104,"height":224,"caption":"Global filter"},"image":{"@id":"https:\/\/www.globalfilter.com\/fr\/#\/schema\/logo\/image\/"},"sameAs":["https:\/\/www.linkedin.com\/company\/global-filter-llc"]}]}},"_links":{"self":[{"href":"https:\/\/www.globalfilter.com\/fr\/wp-json\/wp\/v2\/pages\/1421","targetHints":{"allow":["GET"]}}],"collection":[{"href":"https:\/\/www.globalfilter.com\/fr\/wp-json\/wp\/v2\/pages"}],"about":[{"href":"https:\/\/www.globalfilter.com\/fr\/wp-json\/wp\/v2\/types\/page"}],"author":[{"embeddable":true,"href":"https:\/\/www.globalfilter.com\/fr\/wp-json\/wp\/v2\/users\/3"}],"replies":[{"embeddable":true,"href":"https:\/\/www.globalfilter.com\/fr\/wp-json\/wp\/v2\/comments?post=1421"}],"version-history":[{"count":0,"href":"https:\/\/www.globalfilter.com\/fr\/wp-json\/wp\/v2\/pages\/1421\/revisions"}],"up":[{"embeddable":true,"href":"https:\/\/www.globalfilter.com\/fr\/wp-json\/wp\/v2\/pages\/1398"}],"wp:attachment":[{"href":"https:\/\/www.globalfilter.com\/fr\/wp-json\/wp\/v2\/media?parent=1421"}],"curies":[{"name":"wp","href":"https:\/\/api.w.org\/{rel}","templated":true}]}}