{"id":1424,"date":"2020-02-03T17:02:19","date_gmt":"2020-02-03T17:02:19","guid":{"rendered":"https:\/\/www.globalfilter.com\/cartouches-plissees\/polyester\/"},"modified":"2022-02-10T16:20:45","modified_gmt":"2022-02-10T16:20:45","slug":"polyester","status":"publish","type":"page","link":"https:\/\/www.globalfilter.com\/fr\/produits\/cartouches-plissees\/polyester\/","title":{"rendered":"Polyester"},"content":{"rendered":"\n<div class=\"wp-block-cover alignfull has-blue-background-color has-background-dim\" style=\"min-height:200px;aspect-ratio:unset;\"><img decoding=\"async\" class=\"wp-block-cover__image-background wp-image-362\" alt=\"\" src=\"https:\/\/www.globalfilter.com\/wp-content\/uploads\/2021\/08\/Gen2-Web-Banner-origional.jpg\" data-object-fit=\"cover\" \/><div class=\"wp-block-cover__inner-container is-layout-flow wp-block-cover-is-layout-flow\">\n<h1 class=\"has-text-align-center wp-block-heading\" id=\"h-cartouches-pliss-es-en-polyester\">Cartouches pliss\u00e9es en polyester<\/h1>\n<\/div><\/div>\n\n\n\n<p>Le m\u00e9dia de filtration en profondeur en polyester pliss\u00e9 offre une option de filtration efficace et \u00e9conomique avec une large gamme d\u2019applications. La construction enti\u00e8rement en polyester permet une plage de temp\u00e9rature \u00e9tendue (jusqu\u2019\u00e0 113&nbsp;\u02daC). Le diam\u00e8tre ext\u00e9rieur de 6,35&nbsp;cm permet une utilisation dans des bo\u00eetiers ne pouvant contenir des cartouches plus grandes. Ces cartouches sont confectionn\u00e9es en salle blanche pour r\u00e9pondre aux standards \u00e9lev\u00e9s en termes de puret\u00e9 et de propret\u00e9. Elles sont disponibles avec un degr\u00e9 de filtration absolu (jusqu\u2019\u00e0 99,98&nbsp;% de r\u00e9tention) et un degr\u00e9 de filtration nominal (90&nbsp;% de r\u00e9tention) dans les configurations avec adaptateur et avec certains types de mat\u00e9riaux d\u2019\u00e9tanch\u00e9it\u00e9.<\/p>\n\n\n\n<div class=\"wp-block-columns has-2-columns is-layout-flex wp-container-core-columns-is-layout-9d6595d7 wp-block-columns-is-layout-flex\">\n<div class=\"wp-block-column is-layout-flow wp-block-column-is-layout-flow\">\n<figure class=\"wp-block-image\"><img loading=\"lazy\" decoding=\"async\" width=\"461\" height=\"259\" src=\"https:\/\/www.globalfilter.com\/wp-content\/uploads\/2019\/09\/PEE-Series-Pleated-Depth-Cartridges.jpg\" alt=\"Cartouches de filtration en profondeur pliss\u00e9es de la s\u00e9rie PEE\" class=\"wp-image-2053\" srcset=\"https:\/\/www.globalfilter.com\/wp-content\/uploads\/2019\/09\/PEE-Series-Pleated-Depth-Cartridges.jpg 461w, https:\/\/www.globalfilter.com\/wp-content\/uploads\/2019\/09\/PEE-Series-Pleated-Depth-Cartridges-300x169.jpg 300w\" sizes=\"auto, (max-width: 461px) 100vw, 461px\" \/><\/figure>\n\n\n\n<div class=\"wp-block-file aligncenter btn-file\"><a href=\"\/\/www.globalfilter.com\/wp-content\/uploads\/2020\/09\/Se\u0301rie-PEE-Me\u0301dia-de-profondeur-plisse\u0301-e\u0301conomique-en-polyester-DS-210127.pdf\" class=\"wp-block-file__button\">T\u00e9l\u00e9charger la fiche technique<\/a><\/div>\n\n\n\n<p><\/p>\n<\/div>\n\n\n\n<div class=\"wp-block-column is-layout-flow wp-block-column-is-layout-flow\">\n<h2 class=\"wp-block-heading\" id=\"h-m-dia-de-filtration-en-profondeur-en-polyester-pliss-et-conomique-de-la-s-rie-pee\">M\u00e9dia de filtration en profondeur en polyester pliss\u00e9 et \u00e9conomique de la s\u00e9rie PEE<\/h2>\n\n\n\n<p>PEE-Series Economy Grade Pleated Polyester Depth Media Filter Cartridges offer an efficient and economical filtration option with broad application. The all-polyester construction allows higher temperature use (up to 235\u00b0F). The 2.5\u201d OD allows use in housings where larger cartridges do not fit. Manufactured in a clean-room environment to maintain high standards of purity and cleanliness. <br><br>Offered in both absolute-rated (up to 99.98% retention) and nominally-rated (90% retention) grades in common adapter configurations and seal material types.<\/p>\n\n\n\n<p><strong>Applications courantes<\/strong><\/p>\n\n\n\n<ul class=\"wp-block-list\"><li>Eau de process<\/li><li>Solvants<\/li><li>Produits chimiques fins<\/li><li>Produits chimiques de galvanisation<\/li><li>Eaux us\u00e9es<\/li><li>Eau de production <\/li><li>Hydrocarbures<\/li><li>Lubrifiants synth\u00e9tiques<\/li><\/ul>\n\n\n\n<p><\/p>\n<\/div>\n<\/div>\n\n\n\n<hr class=\"wp-block-separator is-style-wide\" \/>\n\n\n\n<div class=\"wp-block-columns has-2-columns is-layout-flex wp-container-core-columns-is-layout-9d6595d7 wp-block-columns-is-layout-flex\">\n<div class=\"wp-block-column is-layout-flow wp-block-column-is-layout-flow\">\n<figure class=\"wp-block-image\"><img loading=\"lazy\" decoding=\"async\" width=\"1024\" height=\"576\" src=\"https:\/\/www.globalfilter.com\/wp-content\/uploads\/2019\/09\/LiquidClear-GF-Series-Pleated-Depth-Cartridges-1024x576.jpg\" alt=\"Cartouches de filtration en profondeur pliss&#xE9;es de la s&#xE9;rie GF LiquidClear \" class=\"wp-image-2055\" srcset=\"https:\/\/www.globalfilter.com\/wp-content\/uploads\/2019\/09\/LiquidClear-GF-Series-Pleated-Depth-Cartridges-1024x576.jpg 1024w, https:\/\/www.globalfilter.com\/wp-content\/uploads\/2019\/09\/LiquidClear-GF-Series-Pleated-Depth-Cartridges-300x169.jpg 300w, https:\/\/www.globalfilter.com\/wp-content\/uploads\/2019\/09\/LiquidClear-GF-Series-Pleated-Depth-Cartridges-768x432.jpg 768w, https:\/\/www.globalfilter.com\/wp-content\/uploads\/2019\/09\/LiquidClear-GF-Series-Pleated-Depth-Cartridges.jpg 1920w\" sizes=\"auto, (max-width: 1024px) 100vw, 1024px\" \/><figcaption><\/figcaption><\/figure>\n\n\n\n<div class=\"wp-block-file aligncenter btn-file\"><a class=\"wp-block-file__button\" href=\"https:\/\/www.globalfilter.com\/wp-content\/uploads\/2022\/02\/2021-cartouches-plissees-GF.pdf\">T\u00e9l\u00e9charger la fiche technique<\/a><\/div>\n<\/div>\n\n\n\n<div class=\"wp-block-column is-layout-flow wp-block-column-is-layout-flow\">\n<h2 class=\"wp-block-heading\" id=\"h-m-dia-de-filtration-en-profondeur-en-mat-riau-synth-tique-pliss-de-la-s-rie-gf-liquidclear\">M\u00e9dia de filtration en profondeur en mat\u00e9riau synth\u00e9tique pliss\u00e9 de la s\u00e9rie GF LiquidClear\u2122<\/h2>\n\n\n\n<p>Les cartouches de filtration en profondeur en mat\u00e9riau synth\u00e9tique pliss\u00e9 de la s\u00e9rie GF LiquidClear se caract\u00e9risent par une construction \u00e9conomique et sans cellulose, une capacit\u00e9 de r\u00e9tention des impuret\u00e9s exceptionnelle et une faible chute de pression \u00e0 des performances nominales. Elles proposent g\u00e9n\u00e9ralement de meilleures valeurs de rendement compar\u00e9 aux options bobin\u00e9es, souffl\u00e9es et \u00e0 liant en r\u00e9sine. Les bouchons d\u2019extr\u00e9mit\u00e9 en plastisol PVC offrent une \u00e9tanch\u00e9it\u00e9 int\u00e9gr\u00e9e et s\u00fbre.<\/p>\n\n\n\n<p><strong>Applications courantes<\/strong><\/p>\n\n\n\n<ul class=\"wp-block-list\"><li>Eau de process<\/li><li>Eau de refroidissement<\/li><li>Eau potable<\/li><li>Pr\u00e9filtration par osmose inverse<\/li><li>Produits chimiques de galvanisation<\/li><li>Eaux us\u00e9es<\/li><li>Industrie alimentaire et des boissons<\/li><li>Eau d\u00e9min\u00e9ralis\u00e9e<\/li><\/ul>\n<\/div>\n<\/div>\n","protected":false},"excerpt":{"rendered":"<p>Le m\u00e9dia de filtration en profondeur en polyester pliss\u00e9 offre une option de filtration efficace et \u00e9conomique avec une large gamme d\u2019applications. La construction enti\u00e8rement en polyester permet une plage de temp\u00e9rature \u00e9tendue (jusqu\u2019\u00e0 113&nbsp;\u02daC). Le diam\u00e8tre ext\u00e9rieur de 6,35&nbsp;cm permet une utilisation dans des bo\u00eetiers ne pouvant contenir des cartouches plus grandes. Ces cartouches [&hellip;]<\/p>\n","protected":false},"author":3,"featured_media":0,"parent":1398,"menu_order":0,"comment_status":"closed","ping_status":"closed","template":"","meta":{"_acf_changed":false,"content-type":"","footnotes":""},"class_list":["post-1424","page","type-page","status-publish","hentry"],"acf":[],"yoast_head":"<!-- This site is optimized with the Yoast SEO plugin v27.3 - https:\/\/yoast.com\/product\/yoast-seo-wordpress\/ -->\n<title>Polyester - Global Filter<\/title>\n<meta name=\"description\" content=\"Le m\u00e9dia de filtration en profondeur en polyester pliss\u00e9 offre une option de filtration efficace et \u00e9conomique avec une large gamme d\u2019applications. La construction enti\u00e8rement en polyester permet une plage de temp\u00e9rature \u00e9tendue (jusqu\u2019\u00e0 113\u00a0\u02daC).\" \/>\n<meta name=\"robots\" content=\"index, follow, max-snippet:-1, max-image-preview:large, max-video-preview:-1\" \/>\n<link rel=\"canonical\" href=\"https:\/\/www.globalfilter.com\/fr\/produits\/cartouches-plissees\/polyester\/\" \/>\n<meta property=\"og:locale\" content=\"fr_FR\" \/>\n<meta property=\"og:type\" content=\"article\" \/>\n<meta property=\"og:title\" content=\"Polyester - Global Filter\" \/>\n<meta property=\"og:description\" content=\"Le m\u00e9dia de filtration en profondeur en polyester pliss\u00e9 offre une option de filtration efficace et \u00e9conomique avec une large gamme d\u2019applications. La construction enti\u00e8rement en polyester permet une plage de temp\u00e9rature \u00e9tendue (jusqu\u2019\u00e0 113\u00a0\u02daC).\" \/>\n<meta property=\"og:url\" content=\"https:\/\/www.globalfilter.com\/fr\/produits\/cartouches-plissees\/polyester\/\" \/>\n<meta property=\"og:site_name\" content=\"Global Filter\" \/>\n<meta property=\"article:modified_time\" content=\"2022-02-10T16:20:45+00:00\" \/>\n<meta property=\"og:image\" content=\"https:\/\/www.globalfilter.com\/wp-content\/uploads\/2021\/08\/Gen2-Web-Banner-origional.jpg\" \/>\n<meta name=\"twitter:card\" content=\"summary_large_image\" \/>\n<meta name=\"twitter:label1\" content=\"Dur\u00e9e de lecture estim\u00e9e\" \/>\n\t<meta name=\"twitter:data1\" content=\"3 minutes\" \/>\n<script type=\"application\/ld+json\" class=\"yoast-schema-graph\">{\"@context\":\"https:\\\/\\\/schema.org\",\"@graph\":[{\"@type\":\"WebPage\",\"@id\":\"https:\\\/\\\/www.globalfilter.com\\\/fr\\\/produits\\\/cartouches-plissees\\\/polyester\\\/\",\"url\":\"https:\\\/\\\/www.globalfilter.com\\\/fr\\\/produits\\\/cartouches-plissees\\\/polyester\\\/\",\"name\":\"Polyester - Global Filter\",\"isPartOf\":{\"@id\":\"https:\\\/\\\/www.globalfilter.com\\\/fr\\\/#website\"},\"primaryImageOfPage\":{\"@id\":\"https:\\\/\\\/www.globalfilter.com\\\/fr\\\/produits\\\/cartouches-plissees\\\/polyester\\\/#primaryimage\"},\"image\":{\"@id\":\"https:\\\/\\\/www.globalfilter.com\\\/fr\\\/produits\\\/cartouches-plissees\\\/polyester\\\/#primaryimage\"},\"thumbnailUrl\":\"https:\\\/\\\/www.globalfilter.com\\\/wp-content\\\/uploads\\\/2021\\\/08\\\/Gen2-Web-Banner-origional.jpg\",\"datePublished\":\"2020-02-03T17:02:19+00:00\",\"dateModified\":\"2022-02-10T16:20:45+00:00\",\"description\":\"Le m\u00e9dia de filtration en profondeur en polyester pliss\u00e9 offre une option de filtration efficace et \u00e9conomique avec une large gamme d\u2019applications. La construction enti\u00e8rement en polyester permet une plage de temp\u00e9rature \u00e9tendue (jusqu\u2019\u00e0 113\u00a0\u02daC).\",\"breadcrumb\":{\"@id\":\"https:\\\/\\\/www.globalfilter.com\\\/fr\\\/produits\\\/cartouches-plissees\\\/polyester\\\/#breadcrumb\"},\"inLanguage\":\"fr-FR\",\"potentialAction\":[{\"@type\":\"ReadAction\",\"target\":[\"https:\\\/\\\/www.globalfilter.com\\\/fr\\\/produits\\\/cartouches-plissees\\\/polyester\\\/\"]}]},{\"@type\":\"ImageObject\",\"inLanguage\":\"fr-FR\",\"@id\":\"https:\\\/\\\/www.globalfilter.com\\\/fr\\\/produits\\\/cartouches-plissees\\\/polyester\\\/#primaryimage\",\"url\":\"https:\\\/\\\/www.globalfilter.com\\\/wp-content\\\/uploads\\\/2021\\\/08\\\/Gen2-Web-Banner-origional.jpg\",\"contentUrl\":\"https:\\\/\\\/www.globalfilter.com\\\/wp-content\\\/uploads\\\/2021\\\/08\\\/Gen2-Web-Banner-origional.jpg\"},{\"@type\":\"BreadcrumbList\",\"@id\":\"https:\\\/\\\/www.globalfilter.com\\\/fr\\\/produits\\\/cartouches-plissees\\\/polyester\\\/#breadcrumb\",\"itemListElement\":[{\"@type\":\"ListItem\",\"position\":1,\"name\":\"home\",\"item\":\"https:\\\/\\\/www.globalfilter.com\\\/fr\\\/\"},{\"@type\":\"ListItem\",\"position\":2,\"name\":\"Produits\",\"item\":\"https:\\\/\\\/www.globalfilter.com\\\/fr\\\/produits\\\/\"},{\"@type\":\"ListItem\",\"position\":3,\"name\":\"Cartouches pliss\u00e9es\",\"item\":\"https:\\\/\\\/www.globalfilter.com\\\/fr\\\/produits\\\/cartouches-plissees\\\/\"},{\"@type\":\"ListItem\",\"position\":4,\"name\":\"Polyester\"}]},{\"@type\":\"WebSite\",\"@id\":\"https:\\\/\\\/www.globalfilter.com\\\/fr\\\/#website\",\"url\":\"https:\\\/\\\/www.globalfilter.com\\\/fr\\\/\",\"name\":\"Global Filter\",\"description\":\"Making the World Safer, Healthier and More Productive\",\"publisher\":{\"@id\":\"https:\\\/\\\/www.globalfilter.com\\\/fr\\\/#organization\"},\"potentialAction\":[{\"@type\":\"SearchAction\",\"target\":{\"@type\":\"EntryPoint\",\"urlTemplate\":\"https:\\\/\\\/www.globalfilter.com\\\/fr\\\/?s={search_term_string}\"},\"query-input\":{\"@type\":\"PropertyValueSpecification\",\"valueRequired\":true,\"valueName\":\"search_term_string\"}}],\"inLanguage\":\"fr-FR\"},{\"@type\":\"Organization\",\"@id\":\"https:\\\/\\\/www.globalfilter.com\\\/fr\\\/#organization\",\"name\":\"Global filter\",\"url\":\"https:\\\/\\\/www.globalfilter.com\\\/fr\\\/\",\"logo\":{\"@type\":\"ImageObject\",\"inLanguage\":\"fr-FR\",\"@id\":\"https:\\\/\\\/www.globalfilter.com\\\/fr\\\/#\\\/schema\\\/logo\\\/image\\\/\",\"url\":\"https:\\\/\\\/www.globalfilter.com\\\/wp-content\\\/uploads\\\/2019\\\/06\\\/FGC-logo-1.png\",\"contentUrl\":\"https:\\\/\\\/www.globalfilter.com\\\/wp-content\\\/uploads\\\/2019\\\/06\\\/FGC-logo-1.png\",\"width\":1104,\"height\":224,\"caption\":\"Global filter\"},\"image\":{\"@id\":\"https:\\\/\\\/www.globalfilter.com\\\/fr\\\/#\\\/schema\\\/logo\\\/image\\\/\"},\"sameAs\":[\"https:\\\/\\\/www.linkedin.com\\\/company\\\/global-filter-llc\"]}]}<\/script>\n<!-- \/ Yoast SEO plugin. -->","yoast_head_json":{"title":"Polyester - Global Filter","description":"Le m\u00e9dia de filtration en profondeur en polyester pliss\u00e9 offre une option de filtration efficace et \u00e9conomique avec une large gamme d\u2019applications. La construction enti\u00e8rement en polyester permet une plage de temp\u00e9rature \u00e9tendue (jusqu\u2019\u00e0 113\u00a0\u02daC).","robots":{"index":"index","follow":"follow","max-snippet":"max-snippet:-1","max-image-preview":"max-image-preview:large","max-video-preview":"max-video-preview:-1"},"canonical":"https:\/\/www.globalfilter.com\/fr\/produits\/cartouches-plissees\/polyester\/","og_locale":"fr_FR","og_type":"article","og_title":"Polyester - Global Filter","og_description":"Le m\u00e9dia de filtration en profondeur en polyester pliss\u00e9 offre une option de filtration efficace et \u00e9conomique avec une large gamme d\u2019applications. La construction enti\u00e8rement en polyester permet une plage de temp\u00e9rature \u00e9tendue (jusqu\u2019\u00e0 113\u00a0\u02daC).","og_url":"https:\/\/www.globalfilter.com\/fr\/produits\/cartouches-plissees\/polyester\/","og_site_name":"Global Filter","article_modified_time":"2022-02-10T16:20:45+00:00","og_image":[{"url":"https:\/\/www.globalfilter.com\/wp-content\/uploads\/2021\/08\/Gen2-Web-Banner-origional.jpg","type":"","width":"","height":""}],"twitter_card":"summary_large_image","twitter_misc":{"Dur\u00e9e de lecture estim\u00e9e":"3 minutes"},"schema":{"@context":"https:\/\/schema.org","@graph":[{"@type":"WebPage","@id":"https:\/\/www.globalfilter.com\/fr\/produits\/cartouches-plissees\/polyester\/","url":"https:\/\/www.globalfilter.com\/fr\/produits\/cartouches-plissees\/polyester\/","name":"Polyester - Global Filter","isPartOf":{"@id":"https:\/\/www.globalfilter.com\/fr\/#website"},"primaryImageOfPage":{"@id":"https:\/\/www.globalfilter.com\/fr\/produits\/cartouches-plissees\/polyester\/#primaryimage"},"image":{"@id":"https:\/\/www.globalfilter.com\/fr\/produits\/cartouches-plissees\/polyester\/#primaryimage"},"thumbnailUrl":"https:\/\/www.globalfilter.com\/wp-content\/uploads\/2021\/08\/Gen2-Web-Banner-origional.jpg","datePublished":"2020-02-03T17:02:19+00:00","dateModified":"2022-02-10T16:20:45+00:00","description":"Le m\u00e9dia de filtration en profondeur en polyester pliss\u00e9 offre une option de filtration efficace et \u00e9conomique avec une large gamme d\u2019applications. La construction enti\u00e8rement en polyester permet une plage de temp\u00e9rature \u00e9tendue (jusqu\u2019\u00e0 113\u00a0\u02daC).","breadcrumb":{"@id":"https:\/\/www.globalfilter.com\/fr\/produits\/cartouches-plissees\/polyester\/#breadcrumb"},"inLanguage":"fr-FR","potentialAction":[{"@type":"ReadAction","target":["https:\/\/www.globalfilter.com\/fr\/produits\/cartouches-plissees\/polyester\/"]}]},{"@type":"ImageObject","inLanguage":"fr-FR","@id":"https:\/\/www.globalfilter.com\/fr\/produits\/cartouches-plissees\/polyester\/#primaryimage","url":"https:\/\/www.globalfilter.com\/wp-content\/uploads\/2021\/08\/Gen2-Web-Banner-origional.jpg","contentUrl":"https:\/\/www.globalfilter.com\/wp-content\/uploads\/2021\/08\/Gen2-Web-Banner-origional.jpg"},{"@type":"BreadcrumbList","@id":"https:\/\/www.globalfilter.com\/fr\/produits\/cartouches-plissees\/polyester\/#breadcrumb","itemListElement":[{"@type":"ListItem","position":1,"name":"home","item":"https:\/\/www.globalfilter.com\/fr\/"},{"@type":"ListItem","position":2,"name":"Produits","item":"https:\/\/www.globalfilter.com\/fr\/produits\/"},{"@type":"ListItem","position":3,"name":"Cartouches pliss\u00e9es","item":"https:\/\/www.globalfilter.com\/fr\/produits\/cartouches-plissees\/"},{"@type":"ListItem","position":4,"name":"Polyester"}]},{"@type":"WebSite","@id":"https:\/\/www.globalfilter.com\/fr\/#website","url":"https:\/\/www.globalfilter.com\/fr\/","name":"Global Filter","description":"Making the World Safer, Healthier and More Productive","publisher":{"@id":"https:\/\/www.globalfilter.com\/fr\/#organization"},"potentialAction":[{"@type":"SearchAction","target":{"@type":"EntryPoint","urlTemplate":"https:\/\/www.globalfilter.com\/fr\/?s={search_term_string}"},"query-input":{"@type":"PropertyValueSpecification","valueRequired":true,"valueName":"search_term_string"}}],"inLanguage":"fr-FR"},{"@type":"Organization","@id":"https:\/\/www.globalfilter.com\/fr\/#organization","name":"Global filter","url":"https:\/\/www.globalfilter.com\/fr\/","logo":{"@type":"ImageObject","inLanguage":"fr-FR","@id":"https:\/\/www.globalfilter.com\/fr\/#\/schema\/logo\/image\/","url":"https:\/\/www.globalfilter.com\/wp-content\/uploads\/2019\/06\/FGC-logo-1.png","contentUrl":"https:\/\/www.globalfilter.com\/wp-content\/uploads\/2019\/06\/FGC-logo-1.png","width":1104,"height":224,"caption":"Global filter"},"image":{"@id":"https:\/\/www.globalfilter.com\/fr\/#\/schema\/logo\/image\/"},"sameAs":["https:\/\/www.linkedin.com\/company\/global-filter-llc"]}]}},"_links":{"self":[{"href":"https:\/\/www.globalfilter.com\/fr\/wp-json\/wp\/v2\/pages\/1424","targetHints":{"allow":["GET"]}}],"collection":[{"href":"https:\/\/www.globalfilter.com\/fr\/wp-json\/wp\/v2\/pages"}],"about":[{"href":"https:\/\/www.globalfilter.com\/fr\/wp-json\/wp\/v2\/types\/page"}],"author":[{"embeddable":true,"href":"https:\/\/www.globalfilter.com\/fr\/wp-json\/wp\/v2\/users\/3"}],"replies":[{"embeddable":true,"href":"https:\/\/www.globalfilter.com\/fr\/wp-json\/wp\/v2\/comments?post=1424"}],"version-history":[{"count":0,"href":"https:\/\/www.globalfilter.com\/fr\/wp-json\/wp\/v2\/pages\/1424\/revisions"}],"up":[{"embeddable":true,"href":"https:\/\/www.globalfilter.com\/fr\/wp-json\/wp\/v2\/pages\/1398"}],"wp:attachment":[{"href":"https:\/\/www.globalfilter.com\/fr\/wp-json\/wp\/v2\/media?parent=1424"}],"curies":[{"name":"wp","href":"https:\/\/api.w.org\/{rel}","templated":true}]}}