{"id":1426,"date":"2020-02-03T17:02:22","date_gmt":"2020-02-03T17:02:22","guid":{"rendered":"https:\/\/www.globalfilter.com\/ressources\/ressources-achat\/"},"modified":"2025-01-28T10:25:14","modified_gmt":"2025-01-28T10:25:14","slug":"ressources-achat","status":"publish","type":"page","link":"https:\/\/www.globalfilter.com\/fr\/ressources\/ressources-achat\/","title":{"rendered":"ressources-achat"},"content":{"rendered":"\n<div class=\"wp-block-cover alignfull is-light\"><span aria-hidden=\"true\" class=\"wp-block-cover__background has-background-dim\"><\/span><img loading=\"lazy\" decoding=\"async\" width=\"2000\" height=\"1333\" class=\"wp-block-cover__image-background wp-image-919\" src=\"https:\/\/www.globalfilter.com\/wp-content\/uploads\/2019\/11\/heroeng_0.jpg\" data-object-fit=\"cover\" srcset=\"https:\/\/www.globalfilter.com\/wp-content\/uploads\/2019\/11\/heroeng_0.jpg 2000w, https:\/\/www.globalfilter.com\/wp-content\/uploads\/2019\/11\/heroeng_0-300x200.jpg 300w, https:\/\/www.globalfilter.com\/wp-content\/uploads\/2019\/11\/heroeng_0-768x512.jpg 768w, https:\/\/www.globalfilter.com\/wp-content\/uploads\/2019\/11\/heroeng_0-1024x682.jpg 1024w, https:\/\/www.globalfilter.com\/wp-content\/uploads\/2019\/11\/heroeng_0-272x182.jpg 272w\" sizes=\"auto, (max-width: 2000px) 100vw, 2000px\" \/><div class=\"wp-block-cover__inner-container is-layout-flow wp-block-cover-is-layout-flow\">\n<h1 class=\"wp-block-heading has-text-align-center\">Solutions d\u2019eau ultra-pure<\/h1>\n<\/div><\/div>\n\n\n\n<h2 class=\"wp-block-heading\">Global Filter&nbsp;: Fournir des solutions pour les syst\u00e8mes d\u2019eau pure et ultra-pure (UPW)<\/h2>\n\n\n\n<p>Bien que le processus g\u00e9n\u00e9ral de production d\u2019eau pure ou ultra-pure soit \nsimilaire d\u2019un syst\u00e8me \u00e0 l\u2019autre, Global Filter comprend les nombreuses \nvariables qui, ensemble, rendent votre syst\u00e8me unique.<\/p>\n\n\n\n<p>Pour vous aider \u00e0 relever les d\u00e9fis pos\u00e9s par votre syst\u00e8me d\u2019eau, Global Filter vous fournit les connaissances, les technologies et les solutions globales pour rendre votre processus plus s\u00fbr, plus sain et plus productif.<\/p>\n\n\n\n<div class=\"wp-block-columns has-2-columns grayblock is-layout-flex wp-container-core-columns-is-layout-9d6595d7 wp-block-columns-is-layout-flex\">\n<div class=\"wp-block-column is-layout-flow wp-block-column-is-layout-flow\"><\/div>\n\n\n\n<div class=\"wp-block-column is-layout-flow wp-block-column-is-layout-flow\"><\/div>\n<\/div>\n\n\n\n<div class=\"wp-block-media-text alignwide\"><figure class=\"wp-block-media-text__media\"><img loading=\"lazy\" decoding=\"async\" width=\"1024\" height=\"663\" src=\"https:\/\/www.globalfilter.com\/wp-content\/uploads\/2019\/11\/UPW-Infographic-1024x663.jpg\" alt=\"\" class=\"wp-image-1430\" srcset=\"https:\/\/www.globalfilter.com\/wp-content\/uploads\/2019\/11\/UPW-Infographic-1024x663.jpg 1024w, https:\/\/www.globalfilter.com\/wp-content\/uploads\/2019\/11\/UPW-Infographic-300x194.jpg 300w, https:\/\/www.globalfilter.com\/wp-content\/uploads\/2019\/11\/UPW-Infographic-768x497.jpg 768w, https:\/\/www.globalfilter.com\/wp-content\/uploads\/2019\/11\/UPW-Infographic.jpg 1224w\" sizes=\"auto, (max-width: 1024px) 100vw, 1024px\" \/><\/figure><div class=\"wp-block-media-text__content\">\n\n<h2 class=\"wp-block-heading\">Co\u00fbt total d\u2019application d\u2019eau ultra-pure<\/h2>\n\n\n<p><strong>Global Filter adapte ses solutions de filtration \u00e0 vos besoins<\/strong><\/p>\n\n\n<p>Nous nous sommes donn\u00e9s pour objectif de rendre le monde plus s\u00fbr, plus sain et plus \n productif gr\u00e2ce \u00e0 des produits et services respectueux de l\u2019environnement et \n aidant nos clients \u00e0 am\u00e9liorer leurs processus tout en contr\u00f4lant leurs \n co\u00fbts d\u2019exploitation.<\/p>\n\n<\/div><\/div>\n\n\n\n<hr class=\"wp-block-separator has-css-opacity is-style-wide\" \/>\n\n\n\n<h1 class=\"wp-block-heading\">Ligne de produits Global&nbsp;Filter<\/h1>\n\n\n\n<p><em>Global Filter propose tous les types d\u2019\u00e9l\u00e9ments filtrants inclus dans le syst\u00e8me d\u2019eau, class\u00e9s par caract\u00e9ristiques et capacit\u00e9s d\u2019\u00e9limination.<\/em><\/p>\n\n\n\n<p>La s\u00e9lection du produit Global Filter appropri\u00e9 constitue un \u00e9l\u00e9ment important de votre strat\u00e9gie globale de traitement de l\u2019eau pour atteindre vos objectifs de qualit\u00e9 de l\u2019eau.  Global Filter propose une gamme compl\u00e8te de solutions de filtration de haute puret\u00e9 pour g\u00e9rer toute application tout au long du processus de purification de l\u2019eau. En tant que fournisseur leader de cartouches de filtration en profondeur, pliss\u00e9es et de cartouches \u00e0 membrane pliss\u00e9e, Global Filter constitue votre solution unique pour tous vos besoins de filtration.<\/p>\n\n\n\n<div class=\"wp-block-columns has-3-columns anm-columns is-layout-flex wp-container-core-columns-is-layout-9d6595d7 wp-block-columns-is-layout-flex\">\n<div class=\"wp-block-column is-layout-flow wp-block-column-is-layout-flow\">\n<h2 class=\"wp-block-heading\">Recommandations pour les membranes pliss\u00e9es&nbsp;:<\/h2>\n\n\n\n<p><strong>Product Spec Sheets&nbsp;<br> (Stage 6 &amp; 7&nbsp;in the High Purity&nbsp;Water Process)<\/strong><br><br><a href=\"http:\/\/lp.filtrationgroup.com\/rs\/223-HWY-680\/images\/GFPES-Series-Food-and-Beverage-Grade-Polyethersulfone-6.15.18.pdf\" target=\"_blank\" rel=\"noreferrer noopener\" aria-label=\" (opens in a new tab)\">Food and Beverage Grade Polyethersulfone \u2013 GFPES<\/a><\/p>\n\n\n\n<p><a href=\"http:\/\/lp.filtrationgroup.com\/rs\/223-HWY-680\/images\/GEPES-Series-Electronics-Grade-Polyethersulfone-6.15.18.pdf\" target=\"_blank\" rel=\"noreferrer noopener\" aria-label=\" (opens in a new tab)\">Poly\u00e9thersulfone pour l\u2019\u00e9lectronique &#8211; S\u00e9rie GEPES<\/a><\/p>\n\n\n\n<p><a href=\"http:\/\/lp.filtrationgroup.com\/rs\/223-HWY-680\/images\/BRPES-Series-Bio-Burden-Reduction-Grade-Polyethersulfone-6.15.18.pdf\" target=\"_blank\" rel=\"noreferrer noopener\" aria-label=\" (opens in a new tab)\">Poly\u00e9thersulfone pour la r\u00e9duction de la charge microbienne &#8211; S\u00e9rie BRPES<\/a>&nbsp;<\/p>\n\n\n\n<p><a href=\"http:\/\/lp.filtrationgroup.com\/rs\/223-HWY-680\/images\/PPES-Series-Pharmaceutical-Grade-Polyethersulfone-6.15.18.pdf\" target=\"_blank\" rel=\"noreferrer noopener\" aria-label=\" (opens in a new tab)\">Pharmaceutical Grade Polyethersulfone \u2013 PPES<\/a><br> &nbsp;<\/p>\n\n\n\n<p><strong>Product Spec Sheets&nbsp;<br>\n(Stage 4)<\/strong><\/p>\n\n\n\n<p><a href=\"http:\/\/lp.filtrationgroup.com\/rs\/223-HWY-680\/images\/BRPTFE-Series-Bio-Burden-Reduction-Grade-PTFE-6.15.18.pdf\" target=\"_blank\" rel=\"noreferrer noopener\" aria-label=\" (opens in a new tab)\">R\u00e9duction de la charge microbienne S\u00e9rie BRPTFE &#8211; PTFE <\/a><\/p>\n\n\n\n<p><a href=\"http:\/\/lp.filtrationgroup.com\/rs\/223-HWY-680\/images\/PPTFE-Series-Pharmaceutical-Grade-PTFE-6.15.18.pdf\" target=\"_blank\" rel=\"noreferrer noopener\" aria-label=\" (opens in a new tab)\">Filtration pour applications pharmaceutiques PTFE &#8211; PPTFE<\/a><\/p>\n\n\n\n<div class=\"wp-block-button is-style-outline is-style-outline--1\"><a class=\"wp-block-button__link has-blue-color has-text-color wp-element-button\" href=\"https:\/\/www.globalfilter.com\/fr\/produits\/cartouches-a-membrane-plissee\/\">Cartouches \u00e0 membrane pliss\u00e9e<\/a><\/div>\n<\/div>\n\n\n\n<div class=\"wp-block-column is-layout-flow wp-block-column-is-layout-flow\">\n<h2 class=\"wp-block-heading\">Recommandations pour les cartouches de filtration en profondeur pliss\u00e9e&nbsp;:<\/h2>\n\n\n\n<p><strong>Product Spec Sheets<br>\n(Stage 1, 2, 3, &amp;&nbsp;5 in the High Purity&nbsp;Water Process)<\/strong><\/p>\n\n\n\n<p><a href=\"http:\/\/lp.filtrationgroup.com\/rs\/223-HWY-680\/images\/PP-Series-Pleated-Polypropylene-6.15.18.pdf\" target=\"_blank\" rel=\"noreferrer noopener\" aria-label=\" (opens in a new tab)\">Cartouches de filtration en profondeur pliss\u00e9es de la s\u00e9rie PP<\/a><\/p>\n\n\n\n<p><a href=\"http:\/\/lp.filtrationgroup.com\/rs\/223-HWY-680\/images\/FG-Series-Pleated-MicroGlass-Media-6.15.18.pdf\" target=\"_blank\" rel=\"noreferrer noopener\" aria-label=\" (opens in a new tab)\">Cartouches pliss\u00e9es de filtration en profondeur de la s\u00e9rie FG <\/a><\/p>\n\n\n\n<div class=\"wp-block-button is-style-outline is-style-outline--2\"><a class=\"wp-block-button__link has-blue-color has-text-color wp-element-button\" href=\"https:\/\/www.globalfilter.com\/fr\/produits\/cartouches-plissees\/\">Cartouches pliss\u00e9es<\/a><\/div>\n<\/div>\n\n\n\n<div class=\"wp-block-column is-layout-flow wp-block-column-is-layout-flow\">\n<h2 class=\"wp-block-heading\">Recommandations pour le produit souffl\u00e9&nbsp;:<\/h2>\n\n\n\n<p><strong>Product Spec Sheets<br>\n(Stage 1, 2, &amp; 3 in the High Purity&nbsp;Water Process)<\/strong><\/p>\n\n\n\n<p><a href=\"http:\/\/lp.filtrationgroup.com\/rs\/223-HWY-680\/images\/GWTB-Series-Water-Grade-Meltblown-6.15.18.pdf\" target=\"_blank\" rel=\"noreferrer noopener\" aria-label=\" (opens in a new tab)\">Cartouches en polypropyl\u00e8ne souffl\u00e9 pour filtration d\u2019eau &#8211; GWTB<\/a><\/p>\n\n\n\n<p><a href=\"http:\/\/lp.filtrationgroup.com\/rs\/223-HWY-680\/images\/GCTB-Series-High-Performance-Meltblown-6.15.18.pdf\" target=\"_blank\" rel=\"noreferrer noopener\" aria-label=\" (opens in a new tab)\">High Performance Grade Polypropylene Meltblown Cartridge \u2013 GCTB<\/a><br><\/p>\n\n\n\n<p><a href=\"http:\/\/lp.filtrationgroup.com\/rs\/223-HWY-680\/images\/GATB-Series-Absolute-Rated-Meltblown-6.15.18.pdf\" target=\"_blank\" rel=\"noreferrer noopener\" aria-label=\" (opens in a new tab)\">Cartouches en polypropyl\u00e8ne souffl\u00e9 pour filtration absolue &#8211; GATB<\/a><\/p>\n\n\n\n<p> <a href=\"http:\/\/lp.filtrationgroup.com\/rs\/223-HWY-680\/images\/GCTB-Series-High-Performance-Meltblown-6.15.18.pdf\" target=\"_blank\" rel=\"noreferrer noopener\" aria-label=\" (opens in a new tab)\">High Performance Grade Polypropylene Meltblown Cartridge \u2013 GCTB<\/a><br><\/p>\n\n\n\n<p><a href=\"http:\/\/lp.filtrationgroup.com\/rs\/223-HWY-680\/images\/GATB-Series-Absolute-Rated-Meltblown-6.15.18.pdf\" target=\"_blank\" rel=\"noreferrer noopener\" aria-label=\" (opens in a new tab)\">Cartouches en polypropyl\u00e8ne souffl\u00e9 pour filtration absolue &#8211; GATB<\/a><\/p>\n\n\n\n<div class=\"wp-block-button is-style-outline is-style-outline--3\"><a class=\"wp-block-button__link has-blue-color has-text-color wp-element-button\" href=\"https:\/\/www.globalfilter.com\/fr\/produits\/cartouches-de-filtration-en-profondeur\/\">Cartouches de filtration en profondeur<\/a><\/div>\n<\/div>\n<\/div>\n\n\n\n<p class=\"grayblock\"><strong>ARTICLE&nbsp;: D\u00e9couvrez votre avantage concurrentiel avec le co\u00fbt total de possession<\/strong><br><br><em>De l\u2019eau, de l\u2019eau partout, et aucune goutte \u00e0 boire. Cette ligne bien connue de \u00ab&nbsp;The Rime of the Ancient Mariner&nbsp;\u00bb de Samuel Taylor Coleridge d\u00e9crit le sort des marins sur un navire \u00e0 l\u2019arr\u00eat, entour\u00e9s d\u2019eau sal\u00e9e qu\u2019ils ne pouvaient pas boire. L\u2019histoire ne se termine pas bien pour les marins d\u00e9shydrat\u00e9s. Aujourd\u2019hui, une technologie innovante et une industrie comp\u00e9titive ont chang\u00e9 tout cela.<\/em><br><br><a href=\"https:\/\/www.globalfilter.com\/fr\/news\/decouvrez-votre-avantage-concurrentiel-avec-le-cout-total-de-possession\/\">EN SAVOIR PLUS<\/a><\/p>\n\n\n\n<div class=\"wp-block-columns has-2-columns is-layout-flex wp-container-core-columns-is-layout-9d6595d7 wp-block-columns-is-layout-flex\">\n<div class=\"wp-block-column is-layout-flow wp-block-column-is-layout-flow\">\n<h1 class=\"wp-block-heading\">Audit de filtration gratuit<\/h1>\n\n\n\n<h3 class=\"wp-block-heading\"><strong>\u00c9valuation GRATUITE de processus et de conception de filtration<\/strong><\/h3>\n\n\n\n<p>Visitez <a href=\"https:\/\/www.globalfilter.com\/en-US\">www.globalfilter.com<\/a> pour d\u00e9couvrir notre gamme compl\u00e8te de produits ou contactez-nous d\u00e8s aujourd\u2019hui pour planifier votre \u00e9valuation de filtration GRATUITE.<\/p>\n\n\n\n<ul class=\"wp-block-list\">\n<li>\u00c9valuation des domaines identifi\u00e9s aux fins d\u2019am\u00e9lioration et d\u2019optimisation<\/li>\n\n\n\n<li>Aper\u00e7u des meilleures pratiques de filtration adapt\u00e9es \u00e0 l\u2019industrie<\/li>\n\n\n\n<li>Introduction aux programmes locaux de support et de stockage<\/li>\n<\/ul>\n<\/div>\n\n\n\n<div class=\"wp-block-column is-layout-flow wp-block-column-is-layout-flow\"><p>[marketo-form formid=\u00a0\u00bb2267&Prime;]<\/p>\n<\/div>\n<\/div>\n\n\n\n<p><\/p>\n","protected":false},"excerpt":{"rendered":"<p>Global Filter&nbsp;: Fournir des solutions pour les syst\u00e8mes d\u2019eau pure et ultra-pure (UPW) Bien que le processus g\u00e9n\u00e9ral de production d\u2019eau pure ou ultra-pure soit similaire d\u2019un syst\u00e8me \u00e0 l\u2019autre, Global Filter comprend les nombreuses variables qui, ensemble, rendent votre syst\u00e8me unique. Pour vous aider \u00e0 relever les d\u00e9fis pos\u00e9s par votre syst\u00e8me d\u2019eau, Global [&hellip;]<\/p>\n","protected":false},"author":3,"featured_media":0,"parent":1358,"menu_order":0,"comment_status":"closed","ping_status":"closed","template":"","meta":{"_acf_changed":false,"content-type":"","footnotes":""},"class_list":["post-1426","page","type-page","status-publish","hentry"],"acf":[],"yoast_head":"<!-- This site is optimized with the Yoast SEO plugin v27.3 - https:\/\/yoast.com\/product\/yoast-seo-wordpress\/ -->\n<title>ressources-achat - Global Filter<\/title>\n<meta name=\"robots\" content=\"index, follow, max-snippet:-1, max-image-preview:large, max-video-preview:-1\" \/>\n<link rel=\"canonical\" href=\"https:\/\/www.globalfilter.com\/fr\/ressources\/ressources-achat\/\" \/>\n<meta property=\"og:locale\" content=\"fr_FR\" \/>\n<meta property=\"og:type\" content=\"article\" \/>\n<meta property=\"og:title\" content=\"ressources-achat - Global Filter\" \/>\n<meta property=\"og:description\" content=\"Global Filter&nbsp;: Fournir des solutions pour les syst\u00e8mes d\u2019eau pure et ultra-pure (UPW) Bien que le processus g\u00e9n\u00e9ral de production d\u2019eau pure ou ultra-pure soit similaire d\u2019un syst\u00e8me \u00e0 l\u2019autre, Global Filter comprend les nombreuses variables qui, ensemble, rendent votre syst\u00e8me unique. Pour vous aider \u00e0 relever les d\u00e9fis pos\u00e9s par votre syst\u00e8me d\u2019eau, Global [&hellip;]\" \/>\n<meta property=\"og:url\" content=\"https:\/\/www.globalfilter.com\/fr\/ressources\/ressources-achat\/\" \/>\n<meta property=\"og:site_name\" content=\"Global Filter\" \/>\n<meta property=\"article:modified_time\" content=\"2025-01-28T10:25:14+00:00\" \/>\n<meta property=\"og:image\" content=\"https:\/\/www.globalfilter.com\/wp-content\/uploads\/2019\/11\/heroeng_0.jpg\" \/>\n\t<meta property=\"og:image:width\" content=\"2000\" \/>\n\t<meta property=\"og:image:height\" content=\"1333\" \/>\n\t<meta property=\"og:image:type\" content=\"image\/jpeg\" \/>\n<meta name=\"twitter:card\" content=\"summary_large_image\" \/>\n<meta name=\"twitter:label1\" content=\"Dur\u00e9e de lecture estim\u00e9e\" \/>\n\t<meta name=\"twitter:data1\" content=\"4 minutes\" \/>\n<script type=\"application\/ld+json\" class=\"yoast-schema-graph\">{\"@context\":\"https:\\\/\\\/schema.org\",\"@graph\":[{\"@type\":\"WebPage\",\"@id\":\"https:\\\/\\\/www.globalfilter.com\\\/fr\\\/ressources\\\/ressources-achat\\\/\",\"url\":\"https:\\\/\\\/www.globalfilter.com\\\/fr\\\/ressources\\\/ressources-achat\\\/\",\"name\":\"ressources-achat - Global Filter\",\"isPartOf\":{\"@id\":\"https:\\\/\\\/www.globalfilter.com\\\/fr\\\/#website\"},\"primaryImageOfPage\":{\"@id\":\"https:\\\/\\\/www.globalfilter.com\\\/fr\\\/ressources\\\/ressources-achat\\\/#primaryimage\"},\"image\":{\"@id\":\"https:\\\/\\\/www.globalfilter.com\\\/fr\\\/ressources\\\/ressources-achat\\\/#primaryimage\"},\"thumbnailUrl\":\"https:\\\/\\\/www.globalfilter.com\\\/wp-content\\\/uploads\\\/2019\\\/11\\\/heroeng_0.jpg\",\"datePublished\":\"2020-02-03T17:02:22+00:00\",\"dateModified\":\"2025-01-28T10:25:14+00:00\",\"breadcrumb\":{\"@id\":\"https:\\\/\\\/www.globalfilter.com\\\/fr\\\/ressources\\\/ressources-achat\\\/#breadcrumb\"},\"inLanguage\":\"fr-FR\",\"potentialAction\":[{\"@type\":\"ReadAction\",\"target\":[\"https:\\\/\\\/www.globalfilter.com\\\/fr\\\/ressources\\\/ressources-achat\\\/\"]}]},{\"@type\":\"ImageObject\",\"inLanguage\":\"fr-FR\",\"@id\":\"https:\\\/\\\/www.globalfilter.com\\\/fr\\\/ressources\\\/ressources-achat\\\/#primaryimage\",\"url\":\"https:\\\/\\\/www.globalfilter.com\\\/wp-content\\\/uploads\\\/2019\\\/11\\\/heroeng_0.jpg\",\"contentUrl\":\"https:\\\/\\\/www.globalfilter.com\\\/wp-content\\\/uploads\\\/2019\\\/11\\\/heroeng_0.jpg\"},{\"@type\":\"BreadcrumbList\",\"@id\":\"https:\\\/\\\/www.globalfilter.com\\\/fr\\\/ressources\\\/ressources-achat\\\/#breadcrumb\",\"itemListElement\":[{\"@type\":\"ListItem\",\"position\":1,\"name\":\"home\",\"item\":\"https:\\\/\\\/www.globalfilter.com\\\/fr\\\/\"},{\"@type\":\"ListItem\",\"position\":2,\"name\":\"Ressources\",\"item\":\"https:\\\/\\\/www.globalfilter.com\\\/fr\\\/ressources\\\/\"},{\"@type\":\"ListItem\",\"position\":3,\"name\":\"ressources-achat\"}]},{\"@type\":\"WebSite\",\"@id\":\"https:\\\/\\\/www.globalfilter.com\\\/fr\\\/#website\",\"url\":\"https:\\\/\\\/www.globalfilter.com\\\/fr\\\/\",\"name\":\"Global Filter\",\"description\":\"Making the World Safer, Healthier and More Productive\",\"publisher\":{\"@id\":\"https:\\\/\\\/www.globalfilter.com\\\/fr\\\/#organization\"},\"potentialAction\":[{\"@type\":\"SearchAction\",\"target\":{\"@type\":\"EntryPoint\",\"urlTemplate\":\"https:\\\/\\\/www.globalfilter.com\\\/fr\\\/?s={search_term_string}\"},\"query-input\":{\"@type\":\"PropertyValueSpecification\",\"valueRequired\":true,\"valueName\":\"search_term_string\"}}],\"inLanguage\":\"fr-FR\"},{\"@type\":\"Organization\",\"@id\":\"https:\\\/\\\/www.globalfilter.com\\\/fr\\\/#organization\",\"name\":\"Global filter\",\"url\":\"https:\\\/\\\/www.globalfilter.com\\\/fr\\\/\",\"logo\":{\"@type\":\"ImageObject\",\"inLanguage\":\"fr-FR\",\"@id\":\"https:\\\/\\\/www.globalfilter.com\\\/fr\\\/#\\\/schema\\\/logo\\\/image\\\/\",\"url\":\"https:\\\/\\\/www.globalfilter.com\\\/wp-content\\\/uploads\\\/2019\\\/06\\\/FGC-logo-1.png\",\"contentUrl\":\"https:\\\/\\\/www.globalfilter.com\\\/wp-content\\\/uploads\\\/2019\\\/06\\\/FGC-logo-1.png\",\"width\":1104,\"height\":224,\"caption\":\"Global filter\"},\"image\":{\"@id\":\"https:\\\/\\\/www.globalfilter.com\\\/fr\\\/#\\\/schema\\\/logo\\\/image\\\/\"},\"sameAs\":[\"https:\\\/\\\/www.linkedin.com\\\/company\\\/global-filter-llc\"]}]}<\/script>\n<!-- \/ Yoast SEO plugin. -->","yoast_head_json":{"title":"ressources-achat - Global Filter","robots":{"index":"index","follow":"follow","max-snippet":"max-snippet:-1","max-image-preview":"max-image-preview:large","max-video-preview":"max-video-preview:-1"},"canonical":"https:\/\/www.globalfilter.com\/fr\/ressources\/ressources-achat\/","og_locale":"fr_FR","og_type":"article","og_title":"ressources-achat - Global Filter","og_description":"Global Filter&nbsp;: Fournir des solutions pour les syst\u00e8mes d\u2019eau pure et ultra-pure (UPW) Bien que le processus g\u00e9n\u00e9ral de production d\u2019eau pure ou ultra-pure soit similaire d\u2019un syst\u00e8me \u00e0 l\u2019autre, Global Filter comprend les nombreuses variables qui, ensemble, rendent votre syst\u00e8me unique. Pour vous aider \u00e0 relever les d\u00e9fis pos\u00e9s par votre syst\u00e8me d\u2019eau, Global [&hellip;]","og_url":"https:\/\/www.globalfilter.com\/fr\/ressources\/ressources-achat\/","og_site_name":"Global Filter","article_modified_time":"2025-01-28T10:25:14+00:00","og_image":[{"width":2000,"height":1333,"url":"https:\/\/www.globalfilter.com\/wp-content\/uploads\/2019\/11\/heroeng_0.jpg","type":"image\/jpeg"}],"twitter_card":"summary_large_image","twitter_misc":{"Dur\u00e9e de lecture estim\u00e9e":"4 minutes"},"schema":{"@context":"https:\/\/schema.org","@graph":[{"@type":"WebPage","@id":"https:\/\/www.globalfilter.com\/fr\/ressources\/ressources-achat\/","url":"https:\/\/www.globalfilter.com\/fr\/ressources\/ressources-achat\/","name":"ressources-achat - Global Filter","isPartOf":{"@id":"https:\/\/www.globalfilter.com\/fr\/#website"},"primaryImageOfPage":{"@id":"https:\/\/www.globalfilter.com\/fr\/ressources\/ressources-achat\/#primaryimage"},"image":{"@id":"https:\/\/www.globalfilter.com\/fr\/ressources\/ressources-achat\/#primaryimage"},"thumbnailUrl":"https:\/\/www.globalfilter.com\/wp-content\/uploads\/2019\/11\/heroeng_0.jpg","datePublished":"2020-02-03T17:02:22+00:00","dateModified":"2025-01-28T10:25:14+00:00","breadcrumb":{"@id":"https:\/\/www.globalfilter.com\/fr\/ressources\/ressources-achat\/#breadcrumb"},"inLanguage":"fr-FR","potentialAction":[{"@type":"ReadAction","target":["https:\/\/www.globalfilter.com\/fr\/ressources\/ressources-achat\/"]}]},{"@type":"ImageObject","inLanguage":"fr-FR","@id":"https:\/\/www.globalfilter.com\/fr\/ressources\/ressources-achat\/#primaryimage","url":"https:\/\/www.globalfilter.com\/wp-content\/uploads\/2019\/11\/heroeng_0.jpg","contentUrl":"https:\/\/www.globalfilter.com\/wp-content\/uploads\/2019\/11\/heroeng_0.jpg"},{"@type":"BreadcrumbList","@id":"https:\/\/www.globalfilter.com\/fr\/ressources\/ressources-achat\/#breadcrumb","itemListElement":[{"@type":"ListItem","position":1,"name":"home","item":"https:\/\/www.globalfilter.com\/fr\/"},{"@type":"ListItem","position":2,"name":"Ressources","item":"https:\/\/www.globalfilter.com\/fr\/ressources\/"},{"@type":"ListItem","position":3,"name":"ressources-achat"}]},{"@type":"WebSite","@id":"https:\/\/www.globalfilter.com\/fr\/#website","url":"https:\/\/www.globalfilter.com\/fr\/","name":"Global Filter","description":"Making the World Safer, Healthier and More Productive","publisher":{"@id":"https:\/\/www.globalfilter.com\/fr\/#organization"},"potentialAction":[{"@type":"SearchAction","target":{"@type":"EntryPoint","urlTemplate":"https:\/\/www.globalfilter.com\/fr\/?s={search_term_string}"},"query-input":{"@type":"PropertyValueSpecification","valueRequired":true,"valueName":"search_term_string"}}],"inLanguage":"fr-FR"},{"@type":"Organization","@id":"https:\/\/www.globalfilter.com\/fr\/#organization","name":"Global filter","url":"https:\/\/www.globalfilter.com\/fr\/","logo":{"@type":"ImageObject","inLanguage":"fr-FR","@id":"https:\/\/www.globalfilter.com\/fr\/#\/schema\/logo\/image\/","url":"https:\/\/www.globalfilter.com\/wp-content\/uploads\/2019\/06\/FGC-logo-1.png","contentUrl":"https:\/\/www.globalfilter.com\/wp-content\/uploads\/2019\/06\/FGC-logo-1.png","width":1104,"height":224,"caption":"Global filter"},"image":{"@id":"https:\/\/www.globalfilter.com\/fr\/#\/schema\/logo\/image\/"},"sameAs":["https:\/\/www.linkedin.com\/company\/global-filter-llc"]}]}},"_links":{"self":[{"href":"https:\/\/www.globalfilter.com\/fr\/wp-json\/wp\/v2\/pages\/1426","targetHints":{"allow":["GET"]}}],"collection":[{"href":"https:\/\/www.globalfilter.com\/fr\/wp-json\/wp\/v2\/pages"}],"about":[{"href":"https:\/\/www.globalfilter.com\/fr\/wp-json\/wp\/v2\/types\/page"}],"author":[{"embeddable":true,"href":"https:\/\/www.globalfilter.com\/fr\/wp-json\/wp\/v2\/users\/3"}],"replies":[{"embeddable":true,"href":"https:\/\/www.globalfilter.com\/fr\/wp-json\/wp\/v2\/comments?post=1426"}],"version-history":[{"count":0,"href":"https:\/\/www.globalfilter.com\/fr\/wp-json\/wp\/v2\/pages\/1426\/revisions"}],"up":[{"embeddable":true,"href":"https:\/\/www.globalfilter.com\/fr\/wp-json\/wp\/v2\/pages\/1358"}],"wp:attachment":[{"href":"https:\/\/www.globalfilter.com\/fr\/wp-json\/wp\/v2\/media?parent=1426"}],"curies":[{"name":"wp","href":"https:\/\/api.w.org\/{rel}","templated":true}]}}