{"id":14932,"date":"2025-10-07T09:13:01","date_gmt":"2025-10-07T09:13:01","guid":{"rendered":"https:\/\/www.globalfilter.com\/?page_id=14932"},"modified":"2025-10-16T08:07:06","modified_gmt":"2025-10-16T08:07:06","slug":"actualites","status":"publish","type":"page","link":"https:\/\/www.globalfilter.com\/fr\/actualites\/","title":{"rendered":"Actualit\u00e9s"},"content":{"rendered":"\n<div style=\"height:44px\" aria-hidden=\"true\" class=\"wp-block-spacer\"><\/div>\n\n\n\n<h2 class=\"wp-block-heading alignwide has-black-color has-text-color has-link-color wp-elements-6f4ee8d03d82ea9a9c98f95809801a50\">D\u00e9couvrez toute l&rsquo;actualit\u00e9 Filtration Group SAS &#8211; Global Filter !<\/h2>\n\n\n\n<div style=\"height:44px\" aria-hidden=\"true\" class=\"wp-block-spacer\"><\/div>\n\n\n\n<div class=\"wp-block-columns alignwide is-layout-flex wp-container-core-columns-is-layout-9d6595d7 wp-block-columns-is-layout-flex\">\n<div class=\"wp-block-column is-layout-flow wp-block-column-is-layout-flow\" style=\"flex-basis:40%\">\n<figure class=\"wp-block-image size-full\"><a href=\"https:\/\/www.globalfilter.com\/news\/certification-casher-bcke-filtration-group-sas\/\"><img loading=\"lazy\" decoding=\"async\" width=\"400\" height=\"300\" src=\"https:\/\/www.globalfilter.com\/wp-content\/uploads\/2025\/10\/Filtration-Group-SAS-Global-Filter-Certifie-Kosher-BCKE.png\" alt=\"\" class=\"wp-image-14984\" srcset=\"https:\/\/www.globalfilter.com\/wp-content\/uploads\/2025\/10\/Filtration-Group-SAS-Global-Filter-Certifie-Kosher-BCKE.png 400w, https:\/\/www.globalfilter.com\/wp-content\/uploads\/2025\/10\/Filtration-Group-SAS-Global-Filter-Certifie-Kosher-BCKE-300x225.png 300w\" sizes=\"auto, (max-width: 400px) 100vw, 400px\" \/><\/a><\/figure>\n<\/div>\n\n\n\n<div class=\"wp-block-column is-vertically-aligned-center is-layout-flow wp-block-column-is-layout-flow\" style=\"flex-basis:66.66%\">\n<h2 class=\"wp-block-heading has-black-color has-text-color has-link-color has-normal-font-size wp-elements-4d27a7b337c6aea8a2b6eef2084c8c7f\"><strong>Filtration Group SAS Obtient la Certification Kosher BCKE<\/strong> !<\/h2>\n\n\n\n<p class=\"has-black-color has-text-color has-link-color wp-elements-29b67195de923755666d0a7e9d9e0666\">Nous avons obtenu la certification Casher (KOSHER) du BCKE, un gage de qualit\u00e9, de tra\u00e7abilit\u00e9 et de puret\u00e9 pour nos produits. Ce label confirme que nos solutions de filtration respectent les normes les plus strictes, r\u00e9pondant ainsi aux exigences des secteurs agroalimentaire, pharmaceutique et cosm\u00e9tique. Avec cette certification, nous renfor\u00e7ons notre position d\u2019acteur incontournable, engag\u00e9 \u00e0 fournir des produits d\u2019exception pour les industries les plus exigeantes.<\/p>\n\n\n\n<div class=\"wp-block-buttons is-layout-flex wp-block-buttons-is-layout-flex\">\n<div class=\"wp-block-button has-custom-width wp-block-button__width-25 is-style-fill\"><a class=\"wp-block-button__link has-green-background-color has-background has-small-font-size has-custom-font-size wp-element-button\" href=\"https:\/\/www.globalfilter.com\/news\/certification-casher-bcke-filtration-group-sas\/\">En lire plus<\/a><\/div>\n<\/div>\n<\/div>\n<\/div>\n\n\n\n<div style=\"height:39px\" aria-hidden=\"true\" class=\"wp-block-spacer\"><\/div>\n\n\n\n<hr class=\"wp-block-separator alignwide has-text-color has-alpha-channel-opacity has-background\" style=\"background-color:#7d7f823b;color:#7d7f823b\" \/>\n\n\n\n<div style=\"height:35px\" aria-hidden=\"true\" class=\"wp-block-spacer\"><\/div>\n\n\n\n<div class=\"wp-block-columns alignwide is-layout-flex wp-container-core-columns-is-layout-9d6595d7 wp-block-columns-is-layout-flex\">\n<div class=\"wp-block-column is-layout-flow wp-block-column-is-layout-flow\" style=\"flex-basis:40%\">\n<figure class=\"wp-block-image size-full\"><a href=\"https:\/\/www.globalfilter.com\/fr\/news\/formation-biere-filtration-group-sas\/\"><img loading=\"lazy\" decoding=\"async\" width=\"400\" height=\"300\" src=\"https:\/\/www.globalfilter.com\/wp-content\/uploads\/2025\/10\/Formation-Biere-Filtration-Groupe-SAS-Global-Filter.png\" alt=\"\" class=\"wp-image-14965\" srcset=\"https:\/\/www.globalfilter.com\/wp-content\/uploads\/2025\/10\/Formation-Biere-Filtration-Groupe-SAS-Global-Filter.png 400w, https:\/\/www.globalfilter.com\/wp-content\/uploads\/2025\/10\/Formation-Biere-Filtration-Groupe-SAS-Global-Filter-300x225.png 300w\" sizes=\"auto, (max-width: 400px) 100vw, 400px\" \/><\/a><\/figure>\n<\/div>\n\n\n\n<div class=\"wp-block-column is-vertically-aligned-center is-layout-flow wp-block-column-is-layout-flow\" style=\"flex-basis:66.66%\">\n<h2 class=\"wp-block-heading has-black-color has-text-color has-link-color has-normal-font-size wp-elements-aa1804d6ebb586c8ca26d6cc177f33d3\"><strong>Immersion Brassicole en R\u00e9publique Tch\u00e8que : Formation Avanc\u00e9e de nos \u00c9quipes !<\/strong><\/h2>\n\n\n\n<p class=\"has-black-color has-text-color has-link-color wp-elements-51293ee753d8cc054c678cc5904ecac8\">Nos \u00e9quipes ont r\u00e9cemment plong\u00e9 dans l\u2019univers du brassage en R\u00e9publique Tch\u00e8que, explorant les secrets de la fabrication et de la filtration de la bi\u00e8re, en collaboration avec les principaux producteurs de bi\u00e8re. Une occasion unique d\u2019approfondir nos connaissances techniques et de renforcer notre expertise en filtration, avec des applications concr\u00e8tes pour l\u2019agroalimentaire.<\/p>\n\n\n\n<div class=\"wp-block-buttons is-layout-flex wp-block-buttons-is-layout-flex\">\n<div class=\"wp-block-button has-custom-width wp-block-button__width-25 is-style-fill\"><a class=\"wp-block-button__link has-green-background-color has-background has-small-font-size has-custom-font-size wp-element-button\" href=\"https:\/\/www.globalfilter.com\/fr\/news\/formation-biere-filtration-group-sas\/\">En lire plus<\/a><\/div>\n<\/div>\n<\/div>\n<\/div>\n\n\n\n<div style=\"height:39px\" aria-hidden=\"true\" class=\"wp-block-spacer\"><\/div>\n\n\n\n<hr class=\"wp-block-separator alignwide has-text-color has-alpha-channel-opacity has-background\" style=\"background-color:#7d7f823b;color:#7d7f823b\" \/>\n\n\n\n<div style=\"height:35px\" aria-hidden=\"true\" class=\"wp-block-spacer\"><\/div>\n\n\n\n<div class=\"wp-block-columns alignwide is-layout-flex wp-container-core-columns-is-layout-9d6595d7 wp-block-columns-is-layout-flex\">\n<div class=\"wp-block-column is-layout-flow wp-block-column-is-layout-flow\" style=\"flex-basis:40%\">\n<figure class=\"wp-block-image size-full\"><a href=\"https:\/\/www.globalfilter.com\/fr\/news\/certification-ecovadis-filtration-group-sas\/\"><img loading=\"lazy\" decoding=\"async\" width=\"400\" height=\"300\" src=\"https:\/\/www.globalfilter.com\/wp-content\/uploads\/2025\/10\/Filtration-Group-SAS-Global-Filter-Certifie-EcoVadis.png\" alt=\"\" class=\"wp-image-14978\" srcset=\"https:\/\/www.globalfilter.com\/wp-content\/uploads\/2025\/10\/Filtration-Group-SAS-Global-Filter-Certifie-EcoVadis.png 400w, https:\/\/www.globalfilter.com\/wp-content\/uploads\/2025\/10\/Filtration-Group-SAS-Global-Filter-Certifie-EcoVadis-300x225.png 300w\" sizes=\"auto, (max-width: 400px) 100vw, 400px\" \/><\/a><\/figure>\n<\/div>\n\n\n\n<div class=\"wp-block-column is-vertically-aligned-center is-layout-flow wp-block-column-is-layout-flow\" style=\"flex-basis:66.66%\">\n<h2 class=\"wp-block-heading has-black-color has-text-color has-link-color has-normal-font-size wp-elements-ca4ac9efa0741d5717878a3e019b485d\"><strong>Filtration Group SAS Obtient la M\u00e9daille d&rsquo;Argent EcoVadis pour sa Performance RSE<\/strong> !<\/h2>\n\n\n\n<p class=\"has-black-color has-text-color has-link-color wp-elements-3b62162203635af6ff39aa804a626b2f\">Filtration Group SAS \u2013 Global Filter est fier d&rsquo;annoncer l\u2019obtention de la M\u00e9daille d&rsquo;Argent EcoVadis, pla\u00e7ant l\u2019entreprise parmi les 15 % des meilleures entreprises mondiales en mati\u00e8re de Responsabilit\u00e9 Soci\u00e9tale des Entreprises (RSE). Cette distinction confirme notre engagement \u00e0 adopter des pratiques \u00e9thiques, sociales et environnementales rigoureuses.<\/p>\n\n\n\n<div class=\"wp-block-buttons is-layout-flex wp-block-buttons-is-layout-flex\">\n<div class=\"wp-block-button has-custom-width wp-block-button__width-25 is-style-fill\"><a class=\"wp-block-button__link has-green-background-color has-background has-small-font-size has-custom-font-size wp-element-button\" href=\"https:\/\/www.globalfilter.com\/fr\/news\/certification-ecovadis-filtration-group-sas\/\">En lire plus<\/a><\/div>\n<\/div>\n<\/div>\n<\/div>\n\n\n\n<div style=\"height:39px\" aria-hidden=\"true\" class=\"wp-block-spacer\"><\/div>\n\n\n\n<hr class=\"wp-block-separator alignwide has-text-color has-alpha-channel-opacity has-background\" style=\"background-color:#7d7f823b;color:#7d7f823b\" \/>\n\n\n\n<div style=\"height:35px\" aria-hidden=\"true\" class=\"wp-block-spacer\"><\/div>\n\n\n\n<div class=\"wp-block-columns alignwide is-layout-flex wp-container-core-columns-is-layout-9d6595d7 wp-block-columns-is-layout-flex\">\n<div class=\"wp-block-column is-layout-flow wp-block-column-is-layout-flow\" style=\"flex-basis:40%\">\n<figure class=\"wp-block-image size-full\"><a href=\"https:\/\/www.globalfilter.com\/fr\/news\/world-filtration-congress-14\/\"><img loading=\"lazy\" decoding=\"async\" width=\"400\" height=\"300\" src=\"https:\/\/www.globalfilter.com\/wp-content\/uploads\/2025\/10\/Filtration-Group-SAS-au-WFC14.png\" alt=\"\" class=\"wp-image-14971\" srcset=\"https:\/\/www.globalfilter.com\/wp-content\/uploads\/2025\/10\/Filtration-Group-SAS-au-WFC14.png 400w, https:\/\/www.globalfilter.com\/wp-content\/uploads\/2025\/10\/Filtration-Group-SAS-au-WFC14-300x225.png 300w\" sizes=\"auto, (max-width: 400px) 100vw, 400px\" \/><\/a><\/figure>\n<\/div>\n\n\n\n<div class=\"wp-block-column is-vertically-aligned-center is-layout-flow wp-block-column-is-layout-flow\" style=\"flex-basis:66.66%\">\n<h2 class=\"wp-block-heading has-black-color has-text-color has-link-color has-normal-font-size wp-elements-f6ff1b1fc20299151f793d7eefed6df1\"><strong>Filtration Group SAS pr\u00e9sent au World Filtration Congress 14<\/strong><\/h2>\n\n\n\n<p class=\"has-black-color has-text-color has-link-color wp-elements-3567b7c09005673c28f37443c39c74ae\">Le 14e Congr\u00e8s Mondial de la Filtration (WFC14), qui s\u2019est d\u00e9roul\u00e9 du 30 juin au 4 juillet au Palais des Congr\u00e8s de Bordeaux, a r\u00e9uni des experts et des professionnels du secteur de la filtration et de la s\u00e9paration. Cet \u00e9v\u00e9nement international a permis de mettre en lumi\u00e8re les derni\u00e8res avanc\u00e9es et tendances du march\u00e9. Filtration Group SAS \u2013 Global Filter a particip\u00e9 activement \u00e0 cette \u00e9dition, accueillant de nombreux visiteurs sur notre stand 44. L\u2019occasion pour notre \u00e9quipe de pr\u00e9senter nos solutions de filtration et de renforcer nos \u00e9changes avec nos partenaires et clients. <\/p>\n\n\n\n<div class=\"wp-block-buttons is-layout-flex wp-block-buttons-is-layout-flex\">\n<div class=\"wp-block-button has-custom-width wp-block-button__width-25 is-style-fill\"><a class=\"wp-block-button__link has-green-background-color has-background has-small-font-size has-custom-font-size wp-element-button\" href=\"https:\/\/www.globalfilter.com\/fr\/news\/world-filtration-congress-14\/\">En lire plus<\/a><\/div>\n<\/div>\n<\/div>\n<\/div>\n\n\n\n<p><\/p>\n","protected":false},"excerpt":{"rendered":"<p>D\u00e9couvrez toute l&rsquo;actualit\u00e9 Filtration Group SAS &#8211; Global Filter ! Filtration Group SAS Obtient la Certification Kosher BCKE ! Nous avons obtenu la certification Casher (KOSHER) du BCKE, un gage de qualit\u00e9, de tra\u00e7abilit\u00e9 et de puret\u00e9 pour nos produits. Ce label confirme que nos solutions de filtration respectent les normes les plus strictes, r\u00e9pondant [&hellip;]<\/p>\n","protected":false},"author":13,"featured_media":0,"parent":0,"menu_order":0,"comment_status":"closed","ping_status":"closed","template":"","meta":{"_acf_changed":false,"content-type":"","footnotes":""},"class_list":["post-14932","page","type-page","status-publish","hentry"],"acf":[],"yoast_head":"<!-- This site is optimized with the Yoast SEO plugin v27.3 - https:\/\/yoast.com\/product\/yoast-seo-wordpress\/ -->\n<title>Actualit\u00e9s | Filtration Group SAS - Global Filter<\/title>\n<meta name=\"description\" content=\"D\u00e9couvrez nos derni\u00e8res actualit\u00e9s : expertise, innovations, \u00e9v\u00e9nements et solutions de filtration avec Filtration Group SAS - Global Filter.\" \/>\n<meta name=\"robots\" content=\"index, follow, max-snippet:-1, max-image-preview:large, max-video-preview:-1\" \/>\n<link rel=\"canonical\" href=\"https:\/\/www.globalfilter.com\/fr\/actualites\/\" \/>\n<meta property=\"og:locale\" content=\"fr_FR\" \/>\n<meta property=\"og:type\" content=\"article\" \/>\n<meta property=\"og:title\" content=\"Actualit\u00e9s | Filtration Group SAS - Global Filter\" \/>\n<meta property=\"og:description\" content=\"D\u00e9couvrez nos derni\u00e8res actualit\u00e9s : expertise, innovations, \u00e9v\u00e9nements et solutions de filtration avec Filtration Group SAS - Global Filter.\" \/>\n<meta property=\"og:url\" content=\"https:\/\/www.globalfilter.com\/fr\/actualites\/\" \/>\n<meta property=\"og:site_name\" content=\"Global Filter\" \/>\n<meta property=\"article:modified_time\" content=\"2025-10-16T08:07:06+00:00\" \/>\n<meta property=\"og:image\" content=\"https:\/\/www.globalfilter.com\/wp-content\/uploads\/2025\/10\/Filtration-Group-SAS-Global-Filter-Certifie-Kosher-BCKE.png\" \/>\n\t<meta property=\"og:image:width\" content=\"400\" \/>\n\t<meta property=\"og:image:height\" content=\"300\" \/>\n\t<meta property=\"og:image:type\" content=\"image\/png\" \/>\n<meta name=\"twitter:card\" content=\"summary_large_image\" \/>\n<meta name=\"twitter:label1\" content=\"Dur\u00e9e de lecture estim\u00e9e\" \/>\n\t<meta name=\"twitter:data1\" content=\"3 minutes\" \/>\n<script type=\"application\/ld+json\" class=\"yoast-schema-graph\">{\"@context\":\"https:\\\/\\\/schema.org\",\"@graph\":[{\"@type\":\"WebPage\",\"@id\":\"https:\\\/\\\/www.globalfilter.com\\\/fr\\\/actualites\\\/\",\"url\":\"https:\\\/\\\/www.globalfilter.com\\\/fr\\\/actualites\\\/\",\"name\":\"Actualit\u00e9s | Filtration Group SAS - Global Filter\",\"isPartOf\":{\"@id\":\"https:\\\/\\\/www.globalfilter.com\\\/fr\\\/#website\"},\"primaryImageOfPage\":{\"@id\":\"https:\\\/\\\/www.globalfilter.com\\\/fr\\\/actualites\\\/#primaryimage\"},\"image\":{\"@id\":\"https:\\\/\\\/www.globalfilter.com\\\/fr\\\/actualites\\\/#primaryimage\"},\"thumbnailUrl\":\"https:\\\/\\\/www.globalfilter.com\\\/wp-content\\\/uploads\\\/2025\\\/10\\\/Filtration-Group-SAS-Global-Filter-Certifie-Kosher-BCKE.png\",\"datePublished\":\"2025-10-07T09:13:01+00:00\",\"dateModified\":\"2025-10-16T08:07:06+00:00\",\"description\":\"D\u00e9couvrez nos derni\u00e8res actualit\u00e9s : expertise, innovations, \u00e9v\u00e9nements et solutions de filtration avec Filtration Group SAS - Global Filter.\",\"breadcrumb\":{\"@id\":\"https:\\\/\\\/www.globalfilter.com\\\/fr\\\/actualites\\\/#breadcrumb\"},\"inLanguage\":\"fr-FR\",\"potentialAction\":[{\"@type\":\"ReadAction\",\"target\":[\"https:\\\/\\\/www.globalfilter.com\\\/fr\\\/actualites\\\/\"]}]},{\"@type\":\"ImageObject\",\"inLanguage\":\"fr-FR\",\"@id\":\"https:\\\/\\\/www.globalfilter.com\\\/fr\\\/actualites\\\/#primaryimage\",\"url\":\"https:\\\/\\\/www.globalfilter.com\\\/wp-content\\\/uploads\\\/2025\\\/10\\\/Filtration-Group-SAS-Global-Filter-Certifie-Kosher-BCKE.png\",\"contentUrl\":\"https:\\\/\\\/www.globalfilter.com\\\/wp-content\\\/uploads\\\/2025\\\/10\\\/Filtration-Group-SAS-Global-Filter-Certifie-Kosher-BCKE.png\"},{\"@type\":\"BreadcrumbList\",\"@id\":\"https:\\\/\\\/www.globalfilter.com\\\/fr\\\/actualites\\\/#breadcrumb\",\"itemListElement\":[{\"@type\":\"ListItem\",\"position\":1,\"name\":\"home\",\"item\":\"https:\\\/\\\/www.globalfilter.com\\\/fr\\\/\"},{\"@type\":\"ListItem\",\"position\":2,\"name\":\"Actualit\u00e9s\"}]},{\"@type\":\"WebSite\",\"@id\":\"https:\\\/\\\/www.globalfilter.com\\\/fr\\\/#website\",\"url\":\"https:\\\/\\\/www.globalfilter.com\\\/fr\\\/\",\"name\":\"Global Filter\",\"description\":\"Making the World Safer, Healthier and More Productive\",\"publisher\":{\"@id\":\"https:\\\/\\\/www.globalfilter.com\\\/fr\\\/#organization\"},\"potentialAction\":[{\"@type\":\"SearchAction\",\"target\":{\"@type\":\"EntryPoint\",\"urlTemplate\":\"https:\\\/\\\/www.globalfilter.com\\\/fr\\\/?s={search_term_string}\"},\"query-input\":{\"@type\":\"PropertyValueSpecification\",\"valueRequired\":true,\"valueName\":\"search_term_string\"}}],\"inLanguage\":\"fr-FR\"},{\"@type\":\"Organization\",\"@id\":\"https:\\\/\\\/www.globalfilter.com\\\/fr\\\/#organization\",\"name\":\"Global filter\",\"url\":\"https:\\\/\\\/www.globalfilter.com\\\/fr\\\/\",\"logo\":{\"@type\":\"ImageObject\",\"inLanguage\":\"fr-FR\",\"@id\":\"https:\\\/\\\/www.globalfilter.com\\\/fr\\\/#\\\/schema\\\/logo\\\/image\\\/\",\"url\":\"https:\\\/\\\/www.globalfilter.com\\\/wp-content\\\/uploads\\\/2019\\\/06\\\/FGC-logo-1.png\",\"contentUrl\":\"https:\\\/\\\/www.globalfilter.com\\\/wp-content\\\/uploads\\\/2019\\\/06\\\/FGC-logo-1.png\",\"width\":1104,\"height\":224,\"caption\":\"Global filter\"},\"image\":{\"@id\":\"https:\\\/\\\/www.globalfilter.com\\\/fr\\\/#\\\/schema\\\/logo\\\/image\\\/\"},\"sameAs\":[\"https:\\\/\\\/www.linkedin.com\\\/company\\\/global-filter-llc\"]}]}<\/script>\n<!-- \/ Yoast SEO plugin. -->","yoast_head_json":{"title":"Actualit\u00e9s | Filtration Group SAS - Global Filter","description":"D\u00e9couvrez nos derni\u00e8res actualit\u00e9s : expertise, innovations, \u00e9v\u00e9nements et solutions de filtration avec Filtration Group SAS - Global Filter.","robots":{"index":"index","follow":"follow","max-snippet":"max-snippet:-1","max-image-preview":"max-image-preview:large","max-video-preview":"max-video-preview:-1"},"canonical":"https:\/\/www.globalfilter.com\/fr\/actualites\/","og_locale":"fr_FR","og_type":"article","og_title":"Actualit\u00e9s | Filtration Group SAS - Global Filter","og_description":"D\u00e9couvrez nos derni\u00e8res actualit\u00e9s : expertise, innovations, \u00e9v\u00e9nements et solutions de filtration avec Filtration Group SAS - Global Filter.","og_url":"https:\/\/www.globalfilter.com\/fr\/actualites\/","og_site_name":"Global Filter","article_modified_time":"2025-10-16T08:07:06+00:00","og_image":[{"width":400,"height":300,"url":"https:\/\/www.globalfilter.com\/wp-content\/uploads\/2025\/10\/Filtration-Group-SAS-Global-Filter-Certifie-Kosher-BCKE.png","type":"image\/png"}],"twitter_card":"summary_large_image","twitter_misc":{"Dur\u00e9e de lecture estim\u00e9e":"3 minutes"},"schema":{"@context":"https:\/\/schema.org","@graph":[{"@type":"WebPage","@id":"https:\/\/www.globalfilter.com\/fr\/actualites\/","url":"https:\/\/www.globalfilter.com\/fr\/actualites\/","name":"Actualit\u00e9s | Filtration Group SAS - Global Filter","isPartOf":{"@id":"https:\/\/www.globalfilter.com\/fr\/#website"},"primaryImageOfPage":{"@id":"https:\/\/www.globalfilter.com\/fr\/actualites\/#primaryimage"},"image":{"@id":"https:\/\/www.globalfilter.com\/fr\/actualites\/#primaryimage"},"thumbnailUrl":"https:\/\/www.globalfilter.com\/wp-content\/uploads\/2025\/10\/Filtration-Group-SAS-Global-Filter-Certifie-Kosher-BCKE.png","datePublished":"2025-10-07T09:13:01+00:00","dateModified":"2025-10-16T08:07:06+00:00","description":"D\u00e9couvrez nos derni\u00e8res actualit\u00e9s : expertise, innovations, \u00e9v\u00e9nements et solutions de filtration avec Filtration Group SAS - Global Filter.","breadcrumb":{"@id":"https:\/\/www.globalfilter.com\/fr\/actualites\/#breadcrumb"},"inLanguage":"fr-FR","potentialAction":[{"@type":"ReadAction","target":["https:\/\/www.globalfilter.com\/fr\/actualites\/"]}]},{"@type":"ImageObject","inLanguage":"fr-FR","@id":"https:\/\/www.globalfilter.com\/fr\/actualites\/#primaryimage","url":"https:\/\/www.globalfilter.com\/wp-content\/uploads\/2025\/10\/Filtration-Group-SAS-Global-Filter-Certifie-Kosher-BCKE.png","contentUrl":"https:\/\/www.globalfilter.com\/wp-content\/uploads\/2025\/10\/Filtration-Group-SAS-Global-Filter-Certifie-Kosher-BCKE.png"},{"@type":"BreadcrumbList","@id":"https:\/\/www.globalfilter.com\/fr\/actualites\/#breadcrumb","itemListElement":[{"@type":"ListItem","position":1,"name":"home","item":"https:\/\/www.globalfilter.com\/fr\/"},{"@type":"ListItem","position":2,"name":"Actualit\u00e9s"}]},{"@type":"WebSite","@id":"https:\/\/www.globalfilter.com\/fr\/#website","url":"https:\/\/www.globalfilter.com\/fr\/","name":"Global Filter","description":"Making the World Safer, Healthier and More Productive","publisher":{"@id":"https:\/\/www.globalfilter.com\/fr\/#organization"},"potentialAction":[{"@type":"SearchAction","target":{"@type":"EntryPoint","urlTemplate":"https:\/\/www.globalfilter.com\/fr\/?s={search_term_string}"},"query-input":{"@type":"PropertyValueSpecification","valueRequired":true,"valueName":"search_term_string"}}],"inLanguage":"fr-FR"},{"@type":"Organization","@id":"https:\/\/www.globalfilter.com\/fr\/#organization","name":"Global filter","url":"https:\/\/www.globalfilter.com\/fr\/","logo":{"@type":"ImageObject","inLanguage":"fr-FR","@id":"https:\/\/www.globalfilter.com\/fr\/#\/schema\/logo\/image\/","url":"https:\/\/www.globalfilter.com\/wp-content\/uploads\/2019\/06\/FGC-logo-1.png","contentUrl":"https:\/\/www.globalfilter.com\/wp-content\/uploads\/2019\/06\/FGC-logo-1.png","width":1104,"height":224,"caption":"Global filter"},"image":{"@id":"https:\/\/www.globalfilter.com\/fr\/#\/schema\/logo\/image\/"},"sameAs":["https:\/\/www.linkedin.com\/company\/global-filter-llc"]}]}},"_links":{"self":[{"href":"https:\/\/www.globalfilter.com\/fr\/wp-json\/wp\/v2\/pages\/14932","targetHints":{"allow":["GET"]}}],"collection":[{"href":"https:\/\/www.globalfilter.com\/fr\/wp-json\/wp\/v2\/pages"}],"about":[{"href":"https:\/\/www.globalfilter.com\/fr\/wp-json\/wp\/v2\/types\/page"}],"author":[{"embeddable":true,"href":"https:\/\/www.globalfilter.com\/fr\/wp-json\/wp\/v2\/users\/13"}],"replies":[{"embeddable":true,"href":"https:\/\/www.globalfilter.com\/fr\/wp-json\/wp\/v2\/comments?post=14932"}],"version-history":[{"count":0,"href":"https:\/\/www.globalfilter.com\/fr\/wp-json\/wp\/v2\/pages\/14932\/revisions"}],"wp:attachment":[{"href":"https:\/\/www.globalfilter.com\/fr\/wp-json\/wp\/v2\/media?parent=14932"}],"curies":[{"name":"wp","href":"https:\/\/api.w.org\/{rel}","templated":true}]}}