{"id":7018,"date":"2021-07-29T14:43:44","date_gmt":"2021-07-29T14:43:44","guid":{"rendered":"https:\/\/www.globalfilter.com\/?page_id=7018"},"modified":"2021-08-09T19:53:06","modified_gmt":"2021-08-09T19:53:06","slug":"cartouches-en-acier-inoxydable","status":"publish","type":"page","link":"https:\/\/www.globalfilter.com\/fr\/cartouches-en-acier-inoxydable\/","title":{"rendered":"Cartouches en acier inoxydable"},"content":{"rendered":"\n<div class=\"wp-block-cover alignfull has-background-dim-10 has-blue-background-color has-background-dim\" style=\"min-height:200px;aspect-ratio:unset;\"><img decoding=\"async\" class=\"wp-block-cover__image-background wp-image-1334\" alt=\"\" src=\"https:\/\/www.globalfilter.com\/wp-content\/uploads\/2021\/08\/Gen2-Web-Banner-origional.jpg\" data-object-fit=\"cover\" \/><div class=\"wp-block-cover__inner-container is-layout-flow wp-block-cover-is-layout-flow\">\n<h1 class=\"has-text-align-center wp-block-heading\" id=\"h-cartouches-en-acier-inoxydable\"><strong><strong><strong>Cartouches en acier inoxydable<\/strong><\/strong><\/strong><\/h1>\n\n\n\n<div class=\"container\">\n\n\n\n<p class=\"has-text-align-center\">Les cartouches filtrantes pliss\u00e9es en acier inoxydable de la s\u00e9rie GSS de Global Filter sont une excellente solution pour les applications tr\u00e8s exigeantes. Elles sont con\u00e7ues pour tol\u00e9rer des&nbsp; temp\u00e9ratures et pressions diff\u00e9rentielles tr\u00e8s \u00e9lev\u00e9es tout en garantissant une excellente capacit\u00e9 de r\u00e9tention.<\/p>\n\n\n\n<\/div>\n\n\n\n<div style=\"height:30px\" aria-hidden=\"true\" class=\"wp-block-spacer\"><\/div>\n<\/div><\/div>\n\n\n\n<!--Close-->\t\n<\/div><\/div><\/section>\n<!--Menu-->\n<div class=\"no-top-margin\">\n<div class=\"msb-sticky-bar\">\n<div class=\"container\">\n  <div class=\"row\">\n    <div class=\"col-sm text-center\">\n      <a href=\"https:\/\/www.globalfilter.com\/contact-us\/\" class=\"btn btn-primary solution-trigger\">Parler \u00e0 un expert<\/a>\n    <\/div>\n  <\/div>\n<\/div>\n<\/div>\n<\/div>\n<!--Open-->\n<section class=\"container\"><div class=\"row\"><div class=\"col-md-12\">\n\n\n\n<div style=\"height:50px\" aria-hidden=\"true\" class=\"wp-block-spacer\"><\/div>\n\n\n\n<div class=\"wp-block-media-text alignwide is-stacked-on-mobile\" style=\"grid-template-columns:29% auto\"><figure class=\"wp-block-media-text__media\"><img loading=\"lazy\" decoding=\"async\" width=\"1024\" height=\"904\" src=\"https:\/\/www.globalfilter.com\/wp-content\/uploads\/2021\/07\/GSS-family-1024x904.png\" alt=\"\" class=\"wp-image-6764 size-large\" srcset=\"https:\/\/www.globalfilter.com\/wp-content\/uploads\/2021\/07\/GSS-family-1024x904.png 1024w, https:\/\/www.globalfilter.com\/wp-content\/uploads\/2021\/07\/GSS-family-300x265.png 300w, https:\/\/www.globalfilter.com\/wp-content\/uploads\/2021\/07\/GSS-family-768x678.png 768w, https:\/\/www.globalfilter.com\/wp-content\/uploads\/2021\/07\/GSS-family-1536x1356.png 1536w\" sizes=\"auto, (max-width: 1024px) 100vw, 1024px\" \/><\/figure><div class=\"wp-block-media-text__content\">\n<h2 class=\"wp-block-heading\" id=\"h-gss-series-cartouches-pliss-es-en-acier-inoxydable\">GSS- Series Cartouches pliss\u00e9es en acier inoxydable<\/h2>\n\n\n\n<p>Les \u00e9l\u00e9ments de la s\u00e9rie GSS sont enti\u00e8rement compos\u00e9s d&rsquo;acier inoxydable 316L, ce qui lui conf\u00e8re une excellente r\u00e9sistance dans les applications extr\u00eames, mais permet \u00e9galement des cycles de nettoyage r\u00e9p\u00e9t\u00e9s sans compromettre l&rsquo;int\u00e9grit\u00e9 du produit. Disponibles de 1,0 \u00e0 200,0 microns et en efficacit\u00e9s \u00e0 99,0 %, les \u00e9l\u00e9ments de la s\u00e9rie GSS sont disponibles en trois configurations pour s&rsquo;adapter \u00e0 toutes les applications :&nbsp; Cylindrical Woven Mesh (SSC), Pleated Woven (SSP), et Sintered Pleated Woven (SSSP).<\/p>\n\n\n\n<div class=\"wp-block-buttons is-content-justification-left is-layout-flex wp-block-buttons-is-layout-flex\">\n<div class=\"wp-block-button is-style-fill\"><a class=\"wp-block-button__link has-light-gray-color has-green-background-color has-text-color has-background\" href=\"https:\/\/www.globalfilter.com\/wp-content\/uploads\/2021\/07\/2021-cartouche-plissees-GSS-inox-1.pdf\" style=\"border-radius:5px\">T\u00e9l\u00e9charger la fiche technique<\/a><\/div>\n<\/div>\n<\/div><\/div>\n\n\n\n<hr class=\"wp-block-separator is-style-wide\" \/>\n\n\n\n<div class=\"wp-block-columns alignwide is-layout-flex wp-container-core-columns-is-layout-9d6595d7 wp-block-columns-is-layout-flex\">\n<div class=\"wp-block-column is-layout-flow wp-block-column-is-layout-flow\" style=\"flex-basis:66.67%\">\n<figure class=\"wp-block-embed is-type-video is-provider-youtube wp-block-embed-youtube wp-embed-aspect-10-6 wp-embed-aspect-16-9 wp-has-aspect-ratio\"><div class=\"wp-block-embed__wrapper\">\n<iframe loading=\"lazy\" title=\"Global Filter - GSS-Series Cylindrical &amp; Pleated Stainless Steel Filter Cartridge\" width=\"500\" height=\"281\" src=\"https:\/\/www.youtube.com\/embed\/EqS85Gzxi-Q?feature=oembed\" frameborder=\"0\" allow=\"accelerometer; autoplay; clipboard-write; encrypted-media; gyroscope; picture-in-picture; web-share\" referrerpolicy=\"strict-origin-when-cross-origin\" allowfullscreen><\/iframe>\n<\/div><\/figure>\n<\/div>\n\n\n\n<div class=\"wp-block-column is-layout-flow wp-block-column-is-layout-flow\" style=\"flex-basis:65%\">\n<p>Utilis\u00e9 dans un grand nombre d\u2019applications vari\u00e9es allant de la clarification et pr\u00e9-filtration \u00e0 la filtration st\u00e9rilisante&nbsp;:<\/p>\n\n\n\n<ul class=\"wp-block-list\"><li>Fluides cryog\u00e9nique<\/li><li>Agents chimiques agressifs<\/li><li>Hautes pressions<\/li><li>Polym\u00e8res<\/li><li>Gaz corrosifs<\/li><li>Hautes temp\u00e9ratures<\/li><\/ul>\n<\/div>\n<\/div>\n\n\n\n<hr class=\"wp-block-separator is-style-wide\" \/>\n\n\n\n<div class=\"wp-block-columns is-layout-flex wp-container-core-columns-is-layout-9d6595d7 wp-block-columns-is-layout-flex\">\n<div class=\"wp-block-column is-layout-flow wp-block-column-is-layout-flow\">\n<h3 class=\"wp-block-heading\" id=\"h-mat-riaux-de-construction\"><strong>Mat\u00e9riaux de construction<\/strong><\/h3>\n\n\n\n<ul class=\"wp-block-list\"><li>M\u00e9dia filtrant: 316L SS<\/li><li>&nbsp;Support du m\u00e9dia: 316L SS<\/li><li>Cage ext\u00e9rieure: 316L SS<\/li><li>&nbsp;Ame centrale haute pression: 316L SS<\/li><li>Connexions: 316L SS<\/li><li>&nbsp;Scell\u00e9 par soudure<\/li><li>Joints: Buna, EPDM, Silicone, Viton\u00ae<\/li><\/ul>\n\n\n\n<p><strong>Note<\/strong>: Buna-N et EPDM ont une limite de temp\u00e9rature de 250\u00b0F (121\u00b0C). Les joints en Silicone et Viton\u00ae supportent des temp\u00e9ratures allant jusqu&rsquo;\u00e0 400\u02daF (204\u00b0C).<\/p>\n\n\n\n<p>SSC = Stainless Steel Cylindrical Mesh<br>SSP = Stainless Steel Pleated Woven <br>SSSP = Stainless Steel Sintered Pleated Woven<\/p>\n<\/div>\n\n\n\n<div class=\"wp-block-column is-layout-flow wp-block-column-is-layout-flow\">\n<h3 class=\"wp-block-heading\" id=\"h-conditions-d-utilisation\"><strong><strong>Conditions d&rsquo;utilisation<\/strong><\/strong><\/h3>\n\n\n\n<ul class=\"wp-block-list\"><li>Changement de pression \u0394P(recommand\u00e9): 60 PSID (4.1 bar)<\/li><li>Temp\u00e9rature (max): 250\u02daF (121\u02daC) pour les joints en Buna-N &amp; EPDM<\/li><li>Temp\u00e9rature (max): 400\u02daF (204\u02daC) pour les joints en Silicone and Viton\u00ae<\/li><li>Pression diff\u00e9rentielle (max): 90 PSID (6.2 bar) \u00e0 250\u02daF (121\u02daC)<\/li><\/ul>\n<\/div>\n<\/div>\n\n\n\n<p><\/p>\n","protected":false},"excerpt":{"rendered":"<p>Parler \u00e0 un expert Utilis\u00e9 dans un grand nombre d\u2019applications vari\u00e9es allant de la clarification et pr\u00e9-filtration \u00e0 la filtration st\u00e9rilisante&nbsp;: Fluides cryog\u00e9nique Agents chimiques agressifs Hautes pressions Polym\u00e8res Gaz corrosifs Hautes temp\u00e9ratures Mat\u00e9riaux de construction M\u00e9dia filtrant: 316L SS &nbsp;Support du m\u00e9dia: 316L SS Cage ext\u00e9rieure: 316L SS &nbsp;Ame centrale haute pression: 316L SS [&hellip;]<\/p>\n","protected":false},"author":7,"featured_media":0,"parent":0,"menu_order":0,"comment_status":"closed","ping_status":"closed","template":"","meta":{"_acf_changed":false,"content-type":"","footnotes":""},"class_list":["post-7018","page","type-page","status-publish","hentry"],"acf":[],"yoast_head":"<!-- This site is optimized with the Yoast SEO plugin v27.3 - https:\/\/yoast.com\/product\/yoast-seo-wordpress\/ -->\n<title>Cartouches en acier inoxydable - Global Filter<\/title>\n<meta name=\"robots\" content=\"index, follow, max-snippet:-1, max-image-preview:large, max-video-preview:-1\" \/>\n<link rel=\"canonical\" href=\"https:\/\/www.globalfilter.com\/fr\/cartouches-en-acier-inoxydable\/\" \/>\n<meta property=\"og:locale\" content=\"fr_FR\" \/>\n<meta property=\"og:type\" content=\"article\" \/>\n<meta property=\"og:title\" content=\"Cartouches en acier inoxydable - Global Filter\" \/>\n<meta property=\"og:description\" content=\"Parler \u00e0 un expert Utilis\u00e9 dans un grand nombre d\u2019applications vari\u00e9es allant de la clarification et pr\u00e9-filtration \u00e0 la filtration st\u00e9rilisante&nbsp;: Fluides cryog\u00e9nique Agents chimiques agressifs Hautes pressions Polym\u00e8res Gaz corrosifs Hautes temp\u00e9ratures Mat\u00e9riaux de construction M\u00e9dia filtrant: 316L SS &nbsp;Support du m\u00e9dia: 316L SS Cage ext\u00e9rieure: 316L SS &nbsp;Ame centrale haute pression: 316L SS [&hellip;]\" \/>\n<meta property=\"og:url\" content=\"https:\/\/www.globalfilter.com\/fr\/cartouches-en-acier-inoxydable\/\" \/>\n<meta property=\"og:site_name\" content=\"Global Filter\" \/>\n<meta property=\"article:modified_time\" content=\"2021-08-09T19:53:06+00:00\" \/>\n<meta property=\"og:image\" content=\"https:\/\/www.globalfilter.com\/wp-content\/uploads\/2021\/08\/Gen2-Web-Banner-origional.jpg\" \/>\n<meta name=\"twitter:card\" content=\"summary_large_image\" \/>\n<meta name=\"twitter:label1\" content=\"Dur\u00e9e de lecture estim\u00e9e\" \/>\n\t<meta name=\"twitter:data1\" content=\"2 minutes\" \/>\n<script type=\"application\/ld+json\" class=\"yoast-schema-graph\">{\"@context\":\"https:\\\/\\\/schema.org\",\"@graph\":[{\"@type\":\"WebPage\",\"@id\":\"https:\\\/\\\/www.globalfilter.com\\\/fr\\\/cartouches-en-acier-inoxydable\\\/\",\"url\":\"https:\\\/\\\/www.globalfilter.com\\\/fr\\\/cartouches-en-acier-inoxydable\\\/\",\"name\":\"Cartouches en acier inoxydable - Global Filter\",\"isPartOf\":{\"@id\":\"https:\\\/\\\/www.globalfilter.com\\\/fr\\\/#website\"},\"primaryImageOfPage\":{\"@id\":\"https:\\\/\\\/www.globalfilter.com\\\/fr\\\/cartouches-en-acier-inoxydable\\\/#primaryimage\"},\"image\":{\"@id\":\"https:\\\/\\\/www.globalfilter.com\\\/fr\\\/cartouches-en-acier-inoxydable\\\/#primaryimage\"},\"thumbnailUrl\":\"https:\\\/\\\/www.globalfilter.com\\\/wp-content\\\/uploads\\\/2021\\\/08\\\/Gen2-Web-Banner-origional.jpg\",\"datePublished\":\"2021-07-29T14:43:44+00:00\",\"dateModified\":\"2021-08-09T19:53:06+00:00\",\"breadcrumb\":{\"@id\":\"https:\\\/\\\/www.globalfilter.com\\\/fr\\\/cartouches-en-acier-inoxydable\\\/#breadcrumb\"},\"inLanguage\":\"fr-FR\",\"potentialAction\":[{\"@type\":\"ReadAction\",\"target\":[\"https:\\\/\\\/www.globalfilter.com\\\/fr\\\/cartouches-en-acier-inoxydable\\\/\"]}]},{\"@type\":\"ImageObject\",\"inLanguage\":\"fr-FR\",\"@id\":\"https:\\\/\\\/www.globalfilter.com\\\/fr\\\/cartouches-en-acier-inoxydable\\\/#primaryimage\",\"url\":\"https:\\\/\\\/www.globalfilter.com\\\/wp-content\\\/uploads\\\/2021\\\/08\\\/Gen2-Web-Banner-origional.jpg\",\"contentUrl\":\"https:\\\/\\\/www.globalfilter.com\\\/wp-content\\\/uploads\\\/2021\\\/08\\\/Gen2-Web-Banner-origional.jpg\"},{\"@type\":\"BreadcrumbList\",\"@id\":\"https:\\\/\\\/www.globalfilter.com\\\/fr\\\/cartouches-en-acier-inoxydable\\\/#breadcrumb\",\"itemListElement\":[{\"@type\":\"ListItem\",\"position\":1,\"name\":\"home\",\"item\":\"https:\\\/\\\/www.globalfilter.com\\\/fr\\\/\"},{\"@type\":\"ListItem\",\"position\":2,\"name\":\"Cartouches en acier inoxydable\"}]},{\"@type\":\"WebSite\",\"@id\":\"https:\\\/\\\/www.globalfilter.com\\\/fr\\\/#website\",\"url\":\"https:\\\/\\\/www.globalfilter.com\\\/fr\\\/\",\"name\":\"Global Filter\",\"description\":\"Making the World Safer, Healthier and More Productive\",\"publisher\":{\"@id\":\"https:\\\/\\\/www.globalfilter.com\\\/fr\\\/#organization\"},\"potentialAction\":[{\"@type\":\"SearchAction\",\"target\":{\"@type\":\"EntryPoint\",\"urlTemplate\":\"https:\\\/\\\/www.globalfilter.com\\\/fr\\\/?s={search_term_string}\"},\"query-input\":{\"@type\":\"PropertyValueSpecification\",\"valueRequired\":true,\"valueName\":\"search_term_string\"}}],\"inLanguage\":\"fr-FR\"},{\"@type\":\"Organization\",\"@id\":\"https:\\\/\\\/www.globalfilter.com\\\/fr\\\/#organization\",\"name\":\"Global filter\",\"url\":\"https:\\\/\\\/www.globalfilter.com\\\/fr\\\/\",\"logo\":{\"@type\":\"ImageObject\",\"inLanguage\":\"fr-FR\",\"@id\":\"https:\\\/\\\/www.globalfilter.com\\\/fr\\\/#\\\/schema\\\/logo\\\/image\\\/\",\"url\":\"https:\\\/\\\/www.globalfilter.com\\\/wp-content\\\/uploads\\\/2019\\\/06\\\/FGC-logo-1.png\",\"contentUrl\":\"https:\\\/\\\/www.globalfilter.com\\\/wp-content\\\/uploads\\\/2019\\\/06\\\/FGC-logo-1.png\",\"width\":1104,\"height\":224,\"caption\":\"Global filter\"},\"image\":{\"@id\":\"https:\\\/\\\/www.globalfilter.com\\\/fr\\\/#\\\/schema\\\/logo\\\/image\\\/\"},\"sameAs\":[\"https:\\\/\\\/www.linkedin.com\\\/company\\\/global-filter-llc\"]}]}<\/script>\n<!-- \/ Yoast SEO plugin. -->","yoast_head_json":{"title":"Cartouches en acier inoxydable - Global Filter","robots":{"index":"index","follow":"follow","max-snippet":"max-snippet:-1","max-image-preview":"max-image-preview:large","max-video-preview":"max-video-preview:-1"},"canonical":"https:\/\/www.globalfilter.com\/fr\/cartouches-en-acier-inoxydable\/","og_locale":"fr_FR","og_type":"article","og_title":"Cartouches en acier inoxydable - Global Filter","og_description":"Parler \u00e0 un expert Utilis\u00e9 dans un grand nombre d\u2019applications vari\u00e9es allant de la clarification et pr\u00e9-filtration \u00e0 la filtration st\u00e9rilisante&nbsp;: Fluides cryog\u00e9nique Agents chimiques agressifs Hautes pressions Polym\u00e8res Gaz corrosifs Hautes temp\u00e9ratures Mat\u00e9riaux de construction M\u00e9dia filtrant: 316L SS &nbsp;Support du m\u00e9dia: 316L SS Cage ext\u00e9rieure: 316L SS &nbsp;Ame centrale haute pression: 316L SS [&hellip;]","og_url":"https:\/\/www.globalfilter.com\/fr\/cartouches-en-acier-inoxydable\/","og_site_name":"Global Filter","article_modified_time":"2021-08-09T19:53:06+00:00","og_image":[{"url":"https:\/\/www.globalfilter.com\/wp-content\/uploads\/2021\/08\/Gen2-Web-Banner-origional.jpg","type":"","width":"","height":""}],"twitter_card":"summary_large_image","twitter_misc":{"Dur\u00e9e de lecture estim\u00e9e":"2 minutes"},"schema":{"@context":"https:\/\/schema.org","@graph":[{"@type":"WebPage","@id":"https:\/\/www.globalfilter.com\/fr\/cartouches-en-acier-inoxydable\/","url":"https:\/\/www.globalfilter.com\/fr\/cartouches-en-acier-inoxydable\/","name":"Cartouches en acier inoxydable - Global Filter","isPartOf":{"@id":"https:\/\/www.globalfilter.com\/fr\/#website"},"primaryImageOfPage":{"@id":"https:\/\/www.globalfilter.com\/fr\/cartouches-en-acier-inoxydable\/#primaryimage"},"image":{"@id":"https:\/\/www.globalfilter.com\/fr\/cartouches-en-acier-inoxydable\/#primaryimage"},"thumbnailUrl":"https:\/\/www.globalfilter.com\/wp-content\/uploads\/2021\/08\/Gen2-Web-Banner-origional.jpg","datePublished":"2021-07-29T14:43:44+00:00","dateModified":"2021-08-09T19:53:06+00:00","breadcrumb":{"@id":"https:\/\/www.globalfilter.com\/fr\/cartouches-en-acier-inoxydable\/#breadcrumb"},"inLanguage":"fr-FR","potentialAction":[{"@type":"ReadAction","target":["https:\/\/www.globalfilter.com\/fr\/cartouches-en-acier-inoxydable\/"]}]},{"@type":"ImageObject","inLanguage":"fr-FR","@id":"https:\/\/www.globalfilter.com\/fr\/cartouches-en-acier-inoxydable\/#primaryimage","url":"https:\/\/www.globalfilter.com\/wp-content\/uploads\/2021\/08\/Gen2-Web-Banner-origional.jpg","contentUrl":"https:\/\/www.globalfilter.com\/wp-content\/uploads\/2021\/08\/Gen2-Web-Banner-origional.jpg"},{"@type":"BreadcrumbList","@id":"https:\/\/www.globalfilter.com\/fr\/cartouches-en-acier-inoxydable\/#breadcrumb","itemListElement":[{"@type":"ListItem","position":1,"name":"home","item":"https:\/\/www.globalfilter.com\/fr\/"},{"@type":"ListItem","position":2,"name":"Cartouches en acier inoxydable"}]},{"@type":"WebSite","@id":"https:\/\/www.globalfilter.com\/fr\/#website","url":"https:\/\/www.globalfilter.com\/fr\/","name":"Global Filter","description":"Making the World Safer, Healthier and More Productive","publisher":{"@id":"https:\/\/www.globalfilter.com\/fr\/#organization"},"potentialAction":[{"@type":"SearchAction","target":{"@type":"EntryPoint","urlTemplate":"https:\/\/www.globalfilter.com\/fr\/?s={search_term_string}"},"query-input":{"@type":"PropertyValueSpecification","valueRequired":true,"valueName":"search_term_string"}}],"inLanguage":"fr-FR"},{"@type":"Organization","@id":"https:\/\/www.globalfilter.com\/fr\/#organization","name":"Global filter","url":"https:\/\/www.globalfilter.com\/fr\/","logo":{"@type":"ImageObject","inLanguage":"fr-FR","@id":"https:\/\/www.globalfilter.com\/fr\/#\/schema\/logo\/image\/","url":"https:\/\/www.globalfilter.com\/wp-content\/uploads\/2019\/06\/FGC-logo-1.png","contentUrl":"https:\/\/www.globalfilter.com\/wp-content\/uploads\/2019\/06\/FGC-logo-1.png","width":1104,"height":224,"caption":"Global filter"},"image":{"@id":"https:\/\/www.globalfilter.com\/fr\/#\/schema\/logo\/image\/"},"sameAs":["https:\/\/www.linkedin.com\/company\/global-filter-llc"]}]}},"_links":{"self":[{"href":"https:\/\/www.globalfilter.com\/fr\/wp-json\/wp\/v2\/pages\/7018","targetHints":{"allow":["GET"]}}],"collection":[{"href":"https:\/\/www.globalfilter.com\/fr\/wp-json\/wp\/v2\/pages"}],"about":[{"href":"https:\/\/www.globalfilter.com\/fr\/wp-json\/wp\/v2\/types\/page"}],"author":[{"embeddable":true,"href":"https:\/\/www.globalfilter.com\/fr\/wp-json\/wp\/v2\/users\/7"}],"replies":[{"embeddable":true,"href":"https:\/\/www.globalfilter.com\/fr\/wp-json\/wp\/v2\/comments?post=7018"}],"version-history":[{"count":0,"href":"https:\/\/www.globalfilter.com\/fr\/wp-json\/wp\/v2\/pages\/7018\/revisions"}],"wp:attachment":[{"href":"https:\/\/www.globalfilter.com\/fr\/wp-json\/wp\/v2\/media?parent=7018"}],"curies":[{"name":"wp","href":"https:\/\/api.w.org\/{rel}","templated":true}]}}