{"id":8652,"date":"2022-03-09T15:08:22","date_gmt":"2022-03-09T15:08:22","guid":{"rendered":"https:\/\/www.globalfilter.com\/?page_id=8652"},"modified":"2024-08-13T12:38:01","modified_gmt":"2024-08-13T12:38:01","slug":"vin","status":"publish","type":"page","link":"https:\/\/www.globalfilter.com\/fr\/vin\/","title":{"rendered":"Vin"},"content":{"rendered":"\n<div class=\"wp-block-cover alignfull\" style=\"min-height:324px;aspect-ratio:unset;\"><span aria-hidden=\"true\" class=\"wp-block-cover__background has-background-dim\"><\/span><img decoding=\"async\" class=\"wp-block-cover__image-background wp-image-2265\" alt=\"\" src=\"https:\/\/www.globalfilter.com\/wp-content\/uploads\/2020\/04\/dreamstime_m_linkedin.-22.jpg\" data-object-fit=\"cover\" \/><div class=\"wp-block-cover__inner-container is-layout-flow wp-block-cover-is-layout-flow\">\n<h1 class=\"wp-block-heading has-text-align-center\" id=\"\u201ch\u2014wine\u201d\">Filtration vin<\/h1>\n\n\n\n<div class=\"container\">\n\n\n\n<p class=\"has-text-align-center\"><em>La gamme de solutions de filtration de Global Filter d\u00e9di\u00e9e au vin respecte les propri\u00e9t\u00e9s organoleptiques du vin. <\/em><\/p>\n<\/div><\/div>\n\n\n\n<!--Close-->\t\n<\/div><\/div><\/section>\n<!--Menu-->\n<div class=\"no-top-margin\">\n<div class=\"msb-sticky-bar\">\n<div class=\"container\">\n  <div class=\"row\">\n    <div class=\"col-sm text-center\">\n      <a href=\"https:\/\/www.globalfilter.com\/contact-us\/\" class=\"btn btn-primary solution-trigger\">NOUS CONTACTER<\/a>\n    <\/div>\n  <\/div>\n<\/div>\n<\/div>\n<\/div>\n<!--Open-->\n<section class=\"container\"><div class=\"row\"><div class=\"col-md-12\">\n\n\n\n<h2 class=\"wp-block-heading\" id=\"h-la-filtration-du-vin-une-tape-clef-de-la-production-du-vin\"><strong> La filtration du vin, une \u00e9tape clef de la production du vin<\/strong><\/h2>\n\n\n\n<p>La filtration est une \u00e9tape cl\u00e9 de la fabrication du vin. L\u2019objectif est de rendre le vin limpide, brillant et de garantir sa bonne \u00e9volution une fois en bouteille, et ce sans le d\u00e9charner. Global Filter propose des solutions de filtration respectant l\u2019expression aromatique du vin tout en limitant l\u2019ajout de soufre pour la conservation. Global Filter con\u00e7oit et fabrique des corps de filtres et des consommables (cartouches, plaques, poches, \u2026) pour l\u2019industrie du vin. Notre usine est d&rsquo;ailleurs bas\u00e9e \u00e0 c\u00f4t\u00e9 de Chateauneuf-du-Pape.<\/p>\n\n\n\n<p> Notre expertise nous permet \u00e9galement d\u2019optimiser vos processus de fabrication. De plus, la qualit\u00e9 et la tra\u00e7abilit\u00e9 de nos produits nous permettent de vous assurer la r\u00e9p\u00e9tabilit\u00e9 de la performance.<\/p>\n\n\n\n<h2 class=\"wp-block-heading\" id=\"h-les-tapes-de-la-filtration-du-vin\">Les \u00e9tapes de la filtration du vin<\/h2>\n\n\n\n<p><br><br>Nous intervenons sur deux \u00e9tapes cl\u00e9s de la fabrication du vin: une premi\u00e8re filtration pour enlever les particules ind\u00e9sirables et rendre le vin limpide et brillant. Pour cette \u00e9tape de filtration particulaire, nous recommandons l&rsquo;utilisation de nos cartouches pliss\u00e9es:<\/p>\n\n\n\n<p>-Soit les cartouches fibre de verre (<a href=\"https:\/\/www.globalfilter.com\/fr\/produits\/cartouches-plissees\/cartouche-plissee-fibre-de-verre\/\" target=\"_blank\" rel=\"noreferrer noopener\">S\u00e9rie-FG<\/a>) (attention, pas d&rsquo;utilisation de soude sur les car-<br>touches fibre de verre).<\/p>\n\n\n\n<p> -Ou nos cartouches pliss\u00e9es polypropyl\u00e8ne (<a href=\"https:\/\/www.globalfilter.com\/fr\/produits\/cartouches-plissees\/polypropylene\/\" target=\"_blank\" rel=\"noreferrer noopener\">S\u00e9rie PP<\/a>) en 1 \u00e0 5 microns.<br><br>La deuxi\u00e8me filtration, plus fine, va enlever les levures et bact\u00e9ries<br>r\u00e9siduelles pouvant potentiellement induire des reprises de fermen-<br>tation en bouteilles qui nuiraient \u00e0 la conservation du vin. Pour cette<br>filtration microbienne , nous recommandons l&rsquo;utilisation de notre<br>gamme de cartouches PES (<a href=\"https:\/\/www.globalfilter.com\/fr\/produits\/cartouches-a-membrane-plissee\/polyethersulfone\/\" target=\"_blank\" rel=\"noreferrer noopener\">S\u00e9rie GFPES<\/a>) en 0.65 micron.<br><br>Filtration des \u00e9vents de cuves pour limiter la contamination li\u00e9e<br>\u00e0 l&rsquo;environnement. Pour la st\u00e9rilisation des \u00e9vents de cuves, nous re-<br>commandons l&rsquo;utilisation de notre <a href=\"https:\/\/www.globalfilter.com\/fr\/produits\/cartouches-a-membrane-plissee\/ptfe\/\" target=\"_blank\" rel=\"noreferrer noopener\">S\u00e9rie GGPTFE.<\/a><\/p>\n\n\n\n<p> Enfin, nos produits peuvent garantir une s\u00e9curit\u00e9 bact\u00e9riologique via<br>la st\u00e9rilisation des eaux de lavages, de rin\u00e7age et des utilit\u00e9s. Pour<br>cette \u00e9tape, nous pr\u00e9conisons l&rsquo;utilisation de nos cartouches <a href=\"https:\/\/www.globalfilter.com\/fr\/produits\/cartouches-a-membrane-plissee\/polyethersulfone\/\" target=\"_blank\" rel=\"noreferrer noopener\">mem-<br>brane WCPES<\/a><br> <\/p>\n\n\n\n<h2 class=\"wp-block-heading\" id=\"h-ressources\">Ressources<\/h2>\n\n\n\n<p><strong><em>T\u00e9l\u00e9chargez notre brochure sur le vin pour en savoir plus sur nos solutions de filtration d\u00e9di\u00e9es au vin.<\/em><\/strong><\/p>\n\n\n\n<div class=\"wp-block-columns alignwide has-3-columns is-layout-flex wp-container-core-columns-is-layout-9d6595d7 wp-block-columns-is-layout-flex\">\n<div class=\"wp-block-column is-layout-flow wp-block-column-is-layout-flow\">\n<div class=\"wp-block-columns has-2-columns is-layout-flex wp-container-core-columns-is-layout-9d6595d7 wp-block-columns-is-layout-flex\">\n<div class=\"wp-block-column is-layout-flow wp-block-column-is-layout-flow\"><\/div>\n\n\n\n<div class=\"wp-block-column is-vertically-aligned-top is-layout-flow wp-block-column-is-layout-flow\"><\/div>\n<\/div>\n<\/div>\n\n\n\n<div class=\"wp-block-column is-layout-flow wp-block-column-is-layout-flow\">\n<div class=\"wp-block-columns has-2-columns is-layout-flex wp-container-core-columns-is-layout-9d6595d7 wp-block-columns-is-layout-flex\">\n<div class=\"wp-block-column is-layout-flow wp-block-column-is-layout-flow\"><\/div>\n<\/div>\n<\/div>\n<\/div>\n\n\n<div class=\"wp-block-image is-style-default\">\n<figure class=\"alignleft size-medium\"><a href=\"https:\/\/www.globalfilter.com\/wp-content\/uploads\/2020\/06\/Brochure-vin-Global-Filter.pdf\"><img loading=\"lazy\" decoding=\"async\" width=\"210\" height=\"300\" src=\"https:\/\/www.globalfilter.com\/wp-content\/uploads\/2020\/06\/La-Filtration-210x300.jpg\" alt=\"\" class=\"wp-image-2667\" srcset=\"https:\/\/www.globalfilter.com\/wp-content\/uploads\/2020\/06\/La-Filtration-210x300.jpg 210w, https:\/\/www.globalfilter.com\/wp-content\/uploads\/2020\/06\/La-Filtration.jpg 541w\" sizes=\"auto, (max-width: 210px) 100vw, 210px\" \/><\/a><figcaption class=\"wp-element-caption\"><a href=\"https:\/\/www.globalfilter.com\/wp-content\/uploads\/2020\/06\/Brochure-vin-Global-Filter.pdf\">Vin<br><\/a><a href=\"https:\/\/www.globalfilter.com\/wp-content\/uploads\/2020\/06\/Brochure-amiante-Global-Filter.pdf\"><br><\/a><\/figcaption><\/figure>\n<\/div>\n\n\n<p><\/p>\n","protected":false},"excerpt":{"rendered":"<p>NOUS CONTACTER La filtration du vin, une \u00e9tape clef de la production du vin La filtration est une \u00e9tape cl\u00e9 de la fabrication du vin. L\u2019objectif est de rendre le vin limpide, brillant et de garantir sa bonne \u00e9volution une fois en bouteille, et ce sans le d\u00e9charner. Global Filter propose des solutions de filtration [&hellip;]<\/p>\n","protected":false},"author":8,"featured_media":0,"parent":0,"menu_order":0,"comment_status":"closed","ping_status":"closed","template":"","meta":{"_acf_changed":false,"content-type":"","footnotes":""},"class_list":["post-8652","page","type-page","status-publish","hentry"],"acf":[],"yoast_head":"<!-- This site is optimized with the Yoast SEO plugin v27.3 - https:\/\/yoast.com\/product\/yoast-seo-wordpress\/ -->\n<title>Vin - Global Filter<\/title>\n<meta name=\"description\" content=\"Global Filter propose des solutions de filtration respectant l\u2019expression aromatique du vin tout en limitant l\u2019ajout de soufre pour la conservation Vin Filtration du vin\" \/>\n<meta name=\"robots\" content=\"index, follow, max-snippet:-1, max-image-preview:large, max-video-preview:-1\" \/>\n<link rel=\"canonical\" href=\"https:\/\/www.globalfilter.com\/fr\/vin\/\" \/>\n<meta property=\"og:locale\" content=\"fr_FR\" \/>\n<meta property=\"og:type\" content=\"article\" \/>\n<meta property=\"og:title\" content=\"Vin - Global Filter\" \/>\n<meta property=\"og:description\" content=\"Global Filter propose des solutions de filtration respectant l\u2019expression aromatique du vin tout en limitant l\u2019ajout de soufre pour la conservation Vin Filtration du vin\" \/>\n<meta property=\"og:url\" content=\"https:\/\/www.globalfilter.com\/fr\/vin\/\" \/>\n<meta property=\"og:site_name\" content=\"Global Filter\" \/>\n<meta property=\"article:modified_time\" content=\"2024-08-13T12:38:01+00:00\" \/>\n<meta property=\"og:image\" content=\"https:\/\/www.globalfilter.com\/wp-content\/uploads\/2020\/04\/dreamstime_m_linkedin.-22.jpg\" \/>\n<meta name=\"twitter:card\" content=\"summary_large_image\" \/>\n<meta name=\"twitter:label1\" content=\"Dur\u00e9e de lecture estim\u00e9e\" \/>\n\t<meta name=\"twitter:data1\" content=\"2 minutes\" \/>\n<script type=\"application\/ld+json\" class=\"yoast-schema-graph\">{\"@context\":\"https:\\\/\\\/schema.org\",\"@graph\":[{\"@type\":\"WebPage\",\"@id\":\"https:\\\/\\\/www.globalfilter.com\\\/fr\\\/vin\\\/\",\"url\":\"https:\\\/\\\/www.globalfilter.com\\\/fr\\\/vin\\\/\",\"name\":\"Vin - Global Filter\",\"isPartOf\":{\"@id\":\"https:\\\/\\\/www.globalfilter.com\\\/fr\\\/#website\"},\"primaryImageOfPage\":{\"@id\":\"https:\\\/\\\/www.globalfilter.com\\\/fr\\\/vin\\\/#primaryimage\"},\"image\":{\"@id\":\"https:\\\/\\\/www.globalfilter.com\\\/fr\\\/vin\\\/#primaryimage\"},\"thumbnailUrl\":\"https:\\\/\\\/www.globalfilter.com\\\/wp-content\\\/uploads\\\/2020\\\/04\\\/dreamstime_m_linkedin.-22.jpg\",\"datePublished\":\"2022-03-09T15:08:22+00:00\",\"dateModified\":\"2024-08-13T12:38:01+00:00\",\"description\":\"Global Filter propose des solutions de filtration respectant l\u2019expression aromatique du vin tout en limitant l\u2019ajout de soufre pour la conservation Vin Filtration du vin\",\"breadcrumb\":{\"@id\":\"https:\\\/\\\/www.globalfilter.com\\\/fr\\\/vin\\\/#breadcrumb\"},\"inLanguage\":\"fr-FR\",\"potentialAction\":[{\"@type\":\"ReadAction\",\"target\":[\"https:\\\/\\\/www.globalfilter.com\\\/fr\\\/vin\\\/\"]}]},{\"@type\":\"ImageObject\",\"inLanguage\":\"fr-FR\",\"@id\":\"https:\\\/\\\/www.globalfilter.com\\\/fr\\\/vin\\\/#primaryimage\",\"url\":\"https:\\\/\\\/www.globalfilter.com\\\/wp-content\\\/uploads\\\/2020\\\/04\\\/dreamstime_m_linkedin.-22.jpg\",\"contentUrl\":\"https:\\\/\\\/www.globalfilter.com\\\/wp-content\\\/uploads\\\/2020\\\/04\\\/dreamstime_m_linkedin.-22.jpg\"},{\"@type\":\"BreadcrumbList\",\"@id\":\"https:\\\/\\\/www.globalfilter.com\\\/fr\\\/vin\\\/#breadcrumb\",\"itemListElement\":[{\"@type\":\"ListItem\",\"position\":1,\"name\":\"home\",\"item\":\"https:\\\/\\\/www.globalfilter.com\\\/fr\\\/\"},{\"@type\":\"ListItem\",\"position\":2,\"name\":\"Vin\"}]},{\"@type\":\"WebSite\",\"@id\":\"https:\\\/\\\/www.globalfilter.com\\\/fr\\\/#website\",\"url\":\"https:\\\/\\\/www.globalfilter.com\\\/fr\\\/\",\"name\":\"Global Filter\",\"description\":\"Making the World Safer, Healthier and More Productive\",\"publisher\":{\"@id\":\"https:\\\/\\\/www.globalfilter.com\\\/fr\\\/#organization\"},\"potentialAction\":[{\"@type\":\"SearchAction\",\"target\":{\"@type\":\"EntryPoint\",\"urlTemplate\":\"https:\\\/\\\/www.globalfilter.com\\\/fr\\\/?s={search_term_string}\"},\"query-input\":{\"@type\":\"PropertyValueSpecification\",\"valueRequired\":true,\"valueName\":\"search_term_string\"}}],\"inLanguage\":\"fr-FR\"},{\"@type\":\"Organization\",\"@id\":\"https:\\\/\\\/www.globalfilter.com\\\/fr\\\/#organization\",\"name\":\"Global filter\",\"url\":\"https:\\\/\\\/www.globalfilter.com\\\/fr\\\/\",\"logo\":{\"@type\":\"ImageObject\",\"inLanguage\":\"fr-FR\",\"@id\":\"https:\\\/\\\/www.globalfilter.com\\\/fr\\\/#\\\/schema\\\/logo\\\/image\\\/\",\"url\":\"https:\\\/\\\/www.globalfilter.com\\\/wp-content\\\/uploads\\\/2019\\\/06\\\/FGC-logo-1.png\",\"contentUrl\":\"https:\\\/\\\/www.globalfilter.com\\\/wp-content\\\/uploads\\\/2019\\\/06\\\/FGC-logo-1.png\",\"width\":1104,\"height\":224,\"caption\":\"Global filter\"},\"image\":{\"@id\":\"https:\\\/\\\/www.globalfilter.com\\\/fr\\\/#\\\/schema\\\/logo\\\/image\\\/\"},\"sameAs\":[\"https:\\\/\\\/www.linkedin.com\\\/company\\\/global-filter-llc\"]}]}<\/script>\n<!-- \/ Yoast SEO plugin. -->","yoast_head_json":{"title":"Vin - Global Filter","description":"Global Filter propose des solutions de filtration respectant l\u2019expression aromatique du vin tout en limitant l\u2019ajout de soufre pour la conservation Vin Filtration du vin","robots":{"index":"index","follow":"follow","max-snippet":"max-snippet:-1","max-image-preview":"max-image-preview:large","max-video-preview":"max-video-preview:-1"},"canonical":"https:\/\/www.globalfilter.com\/fr\/vin\/","og_locale":"fr_FR","og_type":"article","og_title":"Vin - Global Filter","og_description":"Global Filter propose des solutions de filtration respectant l\u2019expression aromatique du vin tout en limitant l\u2019ajout de soufre pour la conservation Vin Filtration du vin","og_url":"https:\/\/www.globalfilter.com\/fr\/vin\/","og_site_name":"Global Filter","article_modified_time":"2024-08-13T12:38:01+00:00","og_image":[{"url":"https:\/\/www.globalfilter.com\/wp-content\/uploads\/2020\/04\/dreamstime_m_linkedin.-22.jpg","type":"","width":"","height":""}],"twitter_card":"summary_large_image","twitter_misc":{"Dur\u00e9e de lecture estim\u00e9e":"2 minutes"},"schema":{"@context":"https:\/\/schema.org","@graph":[{"@type":"WebPage","@id":"https:\/\/www.globalfilter.com\/fr\/vin\/","url":"https:\/\/www.globalfilter.com\/fr\/vin\/","name":"Vin - Global Filter","isPartOf":{"@id":"https:\/\/www.globalfilter.com\/fr\/#website"},"primaryImageOfPage":{"@id":"https:\/\/www.globalfilter.com\/fr\/vin\/#primaryimage"},"image":{"@id":"https:\/\/www.globalfilter.com\/fr\/vin\/#primaryimage"},"thumbnailUrl":"https:\/\/www.globalfilter.com\/wp-content\/uploads\/2020\/04\/dreamstime_m_linkedin.-22.jpg","datePublished":"2022-03-09T15:08:22+00:00","dateModified":"2024-08-13T12:38:01+00:00","description":"Global Filter propose des solutions de filtration respectant l\u2019expression aromatique du vin tout en limitant l\u2019ajout de soufre pour la conservation Vin Filtration du vin","breadcrumb":{"@id":"https:\/\/www.globalfilter.com\/fr\/vin\/#breadcrumb"},"inLanguage":"fr-FR","potentialAction":[{"@type":"ReadAction","target":["https:\/\/www.globalfilter.com\/fr\/vin\/"]}]},{"@type":"ImageObject","inLanguage":"fr-FR","@id":"https:\/\/www.globalfilter.com\/fr\/vin\/#primaryimage","url":"https:\/\/www.globalfilter.com\/wp-content\/uploads\/2020\/04\/dreamstime_m_linkedin.-22.jpg","contentUrl":"https:\/\/www.globalfilter.com\/wp-content\/uploads\/2020\/04\/dreamstime_m_linkedin.-22.jpg"},{"@type":"BreadcrumbList","@id":"https:\/\/www.globalfilter.com\/fr\/vin\/#breadcrumb","itemListElement":[{"@type":"ListItem","position":1,"name":"home","item":"https:\/\/www.globalfilter.com\/fr\/"},{"@type":"ListItem","position":2,"name":"Vin"}]},{"@type":"WebSite","@id":"https:\/\/www.globalfilter.com\/fr\/#website","url":"https:\/\/www.globalfilter.com\/fr\/","name":"Global Filter","description":"Making the World Safer, Healthier and More Productive","publisher":{"@id":"https:\/\/www.globalfilter.com\/fr\/#organization"},"potentialAction":[{"@type":"SearchAction","target":{"@type":"EntryPoint","urlTemplate":"https:\/\/www.globalfilter.com\/fr\/?s={search_term_string}"},"query-input":{"@type":"PropertyValueSpecification","valueRequired":true,"valueName":"search_term_string"}}],"inLanguage":"fr-FR"},{"@type":"Organization","@id":"https:\/\/www.globalfilter.com\/fr\/#organization","name":"Global filter","url":"https:\/\/www.globalfilter.com\/fr\/","logo":{"@type":"ImageObject","inLanguage":"fr-FR","@id":"https:\/\/www.globalfilter.com\/fr\/#\/schema\/logo\/image\/","url":"https:\/\/www.globalfilter.com\/wp-content\/uploads\/2019\/06\/FGC-logo-1.png","contentUrl":"https:\/\/www.globalfilter.com\/wp-content\/uploads\/2019\/06\/FGC-logo-1.png","width":1104,"height":224,"caption":"Global filter"},"image":{"@id":"https:\/\/www.globalfilter.com\/fr\/#\/schema\/logo\/image\/"},"sameAs":["https:\/\/www.linkedin.com\/company\/global-filter-llc"]}]}},"_links":{"self":[{"href":"https:\/\/www.globalfilter.com\/fr\/wp-json\/wp\/v2\/pages\/8652","targetHints":{"allow":["GET"]}}],"collection":[{"href":"https:\/\/www.globalfilter.com\/fr\/wp-json\/wp\/v2\/pages"}],"about":[{"href":"https:\/\/www.globalfilter.com\/fr\/wp-json\/wp\/v2\/types\/page"}],"author":[{"embeddable":true,"href":"https:\/\/www.globalfilter.com\/fr\/wp-json\/wp\/v2\/users\/8"}],"replies":[{"embeddable":true,"href":"https:\/\/www.globalfilter.com\/fr\/wp-json\/wp\/v2\/comments?post=8652"}],"version-history":[{"count":0,"href":"https:\/\/www.globalfilter.com\/fr\/wp-json\/wp\/v2\/pages\/8652\/revisions"}],"wp:attachment":[{"href":"https:\/\/www.globalfilter.com\/fr\/wp-json\/wp\/v2\/media?parent=8652"}],"curies":[{"name":"wp","href":"https:\/\/api.w.org\/{rel}","templated":true}]}}