{"id":8768,"date":"2022-03-16T11:46:12","date_gmt":"2022-03-16T11:46:12","guid":{"rendered":"https:\/\/www.globalfilter.com\/?page_id=8768"},"modified":"2022-03-16T11:46:13","modified_gmt":"2022-03-16T11:46:13","slug":"filtration-group-orange","status":"publish","type":"page","link":"https:\/\/www.globalfilter.com\/fr\/filtration-group-orange\/","title":{"rendered":"Filtration Group Orange \u2013  notre usine fran\u00e7aise d\u2019\u00e9l\u00e9ments filtrants"},"content":{"rendered":"\n<p>Filtration Group Orange ( Filtration Group France) est un acteur global de premier plan dans la filtration industrielle. Actif depuis les ann\u00e9es 1930 en tant qu\u2018Eurofiltec, amafilter\u00ae et LFC Lochem et maintenant Global Filter. Filtration Group SAS ayant \u00e0 coeur de rendre le monde plus s\u00fbr, plus sain et plus productif, nous proposons des solutions de filtrations industrielles efficientes et innovantes aux probl\u00e8mes les plus ardus.<\/p>\n\n\n\n<p><br>Global Filter, une filiale de Filtration Group\u00ae, vous offre des produits et des solutions pour aider \u00e0 rendre le monde plus s\u00fbr, plus sain, et plus productif. Nous sommes une organisation orient\u00e9e client, cherchant perp\u00e9tuellement \u00e0 nous am\u00e9liorer afin de vous donner le meilleur niveau de service possible. Nous produisons des \u00e9l\u00e9ments filtrants en France dans notre usine Filtration Group France (Filtration Group SAS) situ\u00e9e \u00e0 Orange (84). Notre expertise nous permet \u00e9galement de vous aider \u00e0 optimiser vos process de filtration ainsi que vos co\u00fbts de filtration.<\/p>\n\n\n\n<p>Notre production en France ainsi que notre large stock vous permet de faire de r\u00e9duire votre emprunte carbone et votre valeur de stock sans faire de compromis sur la qualit\u00e9. N\u2019h\u00e9sitez pas \u00e0 contacter notre \u00e9quipe d\u00e9vou\u00e9e pour \u00e9voquer vos probl\u00e8mes de filtration!<\/p>\n\n\n\n<p><strong>Filtration Group<\/strong> <strong>Orange<\/strong> (Usine)<\/p>\n\n\n\n<p>Mas d\u2019Auriac D 237<\/p>\n\n\n\n<p>84100 Orange,<\/p>\n\n\n\n<p>France<br>T\u00e9l\u00e9phone: +33 (4) 32 85 95 40\/47<\/p>\n\n\n\n<figure class=\"wp-block-image\"><img loading=\"lazy\" decoding=\"async\" width=\"1024\" height=\"534\" src=\"https:\/\/www.globalfilter.com\/wp-content\/uploads\/2022\/03\/global-filter-votre-fabrican-francais-corps-de-filtres-1024x534.png\" alt=\"\" class=\"wp-image-8644\" srcset=\"https:\/\/www.globalfilter.com\/wp-content\/uploads\/2022\/03\/global-filter-votre-fabrican-francais-corps-de-filtres-1024x534.png 1024w, https:\/\/www.globalfilter.com\/wp-content\/uploads\/2022\/03\/global-filter-votre-fabrican-francais-corps-de-filtres-300x156.png 300w, https:\/\/www.globalfilter.com\/wp-content\/uploads\/2022\/03\/global-filter-votre-fabrican-francais-corps-de-filtres-768x400.png 768w, https:\/\/www.globalfilter.com\/wp-content\/uploads\/2022\/03\/global-filter-votre-fabrican-francais-corps-de-filtres.png 1504w\" sizes=\"auto, (max-width: 1024px) 100vw, 1024px\" \/><\/figure>\n\n\n\n<p><\/p>\n\n\n\n<div class=\"wp-block-media-text alignwide is-stacked-on-mobile is-vertically-aligned-top\"><figure class=\"wp-block-media-text__media\"><img loading=\"lazy\" decoding=\"async\" width=\"468\" height=\"468\" src=\"https:\/\/www.globalfilter.com\/wp-content\/uploads\/2019\/09\/industries_thumb.jpg\" alt=\"Industries\" class=\"wp-image-330 size-full\" srcset=\"https:\/\/www.globalfilter.com\/wp-content\/uploads\/2019\/09\/industries_thumb.jpg 468w, https:\/\/www.globalfilter.com\/wp-content\/uploads\/2019\/09\/industries_thumb-150x150.jpg 150w, https:\/\/www.globalfilter.com\/wp-content\/uploads\/2019\/09\/industries_thumb-300x300.jpg 300w\" sizes=\"auto, (max-width: 468px) 100vw, 468px\" \/><\/figure><div class=\"wp-block-media-text__content\">\n<h4 class=\"wp-block-heading\" id=\"h-industries\">Industries<\/h4>\n\n\n\n<p>Nous sommes un chef de file dans la filtration des processus industriels, avec une vaste expertise du march\u00e9 dans les secteurs de l&rsquo;alimentation et des boissons, des produits pharmaceutiques, de l&rsquo;industrie, de la micro\u00e9lectronique et de l&rsquo;\u00e9nergie.<\/p>\n\n\n\n<div class=\"wp-block-button alignleft\"><a class=\"wp-block-button__link has-white-color has-green-background-color has-text-color has-background\" href=\"\/industries\">Voir toutes les industries<\/a><\/div>\n<\/div><\/div>\n","protected":false},"excerpt":{"rendered":"<p>Filtration Group Orange ( Filtration Group France) est un acteur global de premier plan dans la filtration industrielle. Actif depuis les ann\u00e9es 1930 en tant qu\u2018Eurofiltec, amafilter\u00ae et LFC Lochem et maintenant Global Filter. Filtration Group SAS ayant \u00e0 coeur de rendre le monde plus s\u00fbr, plus sain et plus productif, nous proposons des solutions [&hellip;]<\/p>\n","protected":false},"author":8,"featured_media":0,"parent":0,"menu_order":0,"comment_status":"closed","ping_status":"closed","template":"","meta":{"_acf_changed":false,"content-type":"","footnotes":""},"class_list":["post-8768","page","type-page","status-publish","hentry"],"acf":[],"yoast_head":"<!-- This site is optimized with the Yoast SEO plugin v27.3 - https:\/\/yoast.com\/product\/yoast-seo-wordpress\/ -->\n<title>Filtration Group Orange \u2013 notre usine fran\u00e7aise d\u2019\u00e9l\u00e9ments filtrants - Global Filter<\/title>\n<meta name=\"description\" content=\"Filtration Group France produit depuis son usine Filtration Group Orange des \u00e9l\u00e9ments filtrants pour un grand nombre d&#039;applications.\" \/>\n<meta name=\"robots\" content=\"index, follow, max-snippet:-1, max-image-preview:large, max-video-preview:-1\" \/>\n<link rel=\"canonical\" href=\"https:\/\/www.globalfilter.com\/fr\/filtration-group-orange\/\" \/>\n<meta property=\"og:locale\" content=\"fr_FR\" \/>\n<meta property=\"og:type\" content=\"article\" \/>\n<meta property=\"og:title\" content=\"Filtration Group Orange \u2013 notre usine fran\u00e7aise d\u2019\u00e9l\u00e9ments filtrants - Global Filter\" \/>\n<meta property=\"og:description\" content=\"Filtration Group France produit depuis son usine Filtration Group Orange des \u00e9l\u00e9ments filtrants pour un grand nombre d&#039;applications.\" \/>\n<meta property=\"og:url\" content=\"https:\/\/www.globalfilter.com\/fr\/filtration-group-orange\/\" \/>\n<meta property=\"og:site_name\" content=\"Global Filter\" \/>\n<meta property=\"article:modified_time\" content=\"2022-03-16T11:46:13+00:00\" \/>\n<meta property=\"og:image\" content=\"https:\/\/www.globalfilter.com\/wp-content\/uploads\/2022\/03\/global-filter-votre-fabrican-francais-corps-de-filtres-1024x534.png\" \/>\n<meta name=\"twitter:card\" content=\"summary_large_image\" \/>\n<meta name=\"twitter:label1\" content=\"Dur\u00e9e de lecture estim\u00e9e\" \/>\n\t<meta name=\"twitter:data1\" content=\"2 minutes\" \/>\n<script type=\"application\/ld+json\" class=\"yoast-schema-graph\">{\"@context\":\"https:\\\/\\\/schema.org\",\"@graph\":[{\"@type\":\"WebPage\",\"@id\":\"https:\\\/\\\/www.globalfilter.com\\\/fr\\\/filtration-group-orange\\\/\",\"url\":\"https:\\\/\\\/www.globalfilter.com\\\/fr\\\/filtration-group-orange\\\/\",\"name\":\"Filtration Group Orange \u2013 notre usine fran\u00e7aise d\u2019\u00e9l\u00e9ments filtrants - Global Filter\",\"isPartOf\":{\"@id\":\"https:\\\/\\\/www.globalfilter.com\\\/fr\\\/#website\"},\"primaryImageOfPage\":{\"@id\":\"https:\\\/\\\/www.globalfilter.com\\\/fr\\\/filtration-group-orange\\\/#primaryimage\"},\"image\":{\"@id\":\"https:\\\/\\\/www.globalfilter.com\\\/fr\\\/filtration-group-orange\\\/#primaryimage\"},\"thumbnailUrl\":\"https:\\\/\\\/www.globalfilter.com\\\/wp-content\\\/uploads\\\/2022\\\/03\\\/global-filter-votre-fabrican-francais-corps-de-filtres-1024x534.png\",\"datePublished\":\"2022-03-16T11:46:12+00:00\",\"dateModified\":\"2022-03-16T11:46:13+00:00\",\"description\":\"Filtration Group France produit depuis son usine Filtration Group Orange des \u00e9l\u00e9ments filtrants pour un grand nombre d'applications.\",\"breadcrumb\":{\"@id\":\"https:\\\/\\\/www.globalfilter.com\\\/fr\\\/filtration-group-orange\\\/#breadcrumb\"},\"inLanguage\":\"fr-FR\",\"potentialAction\":[{\"@type\":\"ReadAction\",\"target\":[\"https:\\\/\\\/www.globalfilter.com\\\/fr\\\/filtration-group-orange\\\/\"]}]},{\"@type\":\"ImageObject\",\"inLanguage\":\"fr-FR\",\"@id\":\"https:\\\/\\\/www.globalfilter.com\\\/fr\\\/filtration-group-orange\\\/#primaryimage\",\"url\":\"https:\\\/\\\/www.globalfilter.com\\\/wp-content\\\/uploads\\\/2022\\\/03\\\/global-filter-votre-fabrican-francais-corps-de-filtres-1024x534.png\",\"contentUrl\":\"https:\\\/\\\/www.globalfilter.com\\\/wp-content\\\/uploads\\\/2022\\\/03\\\/global-filter-votre-fabrican-francais-corps-de-filtres-1024x534.png\"},{\"@type\":\"BreadcrumbList\",\"@id\":\"https:\\\/\\\/www.globalfilter.com\\\/fr\\\/filtration-group-orange\\\/#breadcrumb\",\"itemListElement\":[{\"@type\":\"ListItem\",\"position\":1,\"name\":\"home\",\"item\":\"https:\\\/\\\/www.globalfilter.com\\\/fr\\\/\"},{\"@type\":\"ListItem\",\"position\":2,\"name\":\"Filtration Group Orange \u2013 notre usine fran\u00e7aise d\u2019\u00e9l\u00e9ments filtrants\"}]},{\"@type\":\"WebSite\",\"@id\":\"https:\\\/\\\/www.globalfilter.com\\\/fr\\\/#website\",\"url\":\"https:\\\/\\\/www.globalfilter.com\\\/fr\\\/\",\"name\":\"Global Filter\",\"description\":\"Making the World Safer, Healthier and More Productive\",\"publisher\":{\"@id\":\"https:\\\/\\\/www.globalfilter.com\\\/fr\\\/#organization\"},\"potentialAction\":[{\"@type\":\"SearchAction\",\"target\":{\"@type\":\"EntryPoint\",\"urlTemplate\":\"https:\\\/\\\/www.globalfilter.com\\\/fr\\\/?s={search_term_string}\"},\"query-input\":{\"@type\":\"PropertyValueSpecification\",\"valueRequired\":true,\"valueName\":\"search_term_string\"}}],\"inLanguage\":\"fr-FR\"},{\"@type\":\"Organization\",\"@id\":\"https:\\\/\\\/www.globalfilter.com\\\/fr\\\/#organization\",\"name\":\"Global filter\",\"url\":\"https:\\\/\\\/www.globalfilter.com\\\/fr\\\/\",\"logo\":{\"@type\":\"ImageObject\",\"inLanguage\":\"fr-FR\",\"@id\":\"https:\\\/\\\/www.globalfilter.com\\\/fr\\\/#\\\/schema\\\/logo\\\/image\\\/\",\"url\":\"https:\\\/\\\/www.globalfilter.com\\\/wp-content\\\/uploads\\\/2019\\\/06\\\/FGC-logo-1.png\",\"contentUrl\":\"https:\\\/\\\/www.globalfilter.com\\\/wp-content\\\/uploads\\\/2019\\\/06\\\/FGC-logo-1.png\",\"width\":1104,\"height\":224,\"caption\":\"Global filter\"},\"image\":{\"@id\":\"https:\\\/\\\/www.globalfilter.com\\\/fr\\\/#\\\/schema\\\/logo\\\/image\\\/\"},\"sameAs\":[\"https:\\\/\\\/www.linkedin.com\\\/company\\\/global-filter-llc\"]}]}<\/script>\n<!-- \/ Yoast SEO plugin. -->","yoast_head_json":{"title":"Filtration Group Orange \u2013 notre usine fran\u00e7aise d\u2019\u00e9l\u00e9ments filtrants - Global Filter","description":"Filtration Group France produit depuis son usine Filtration Group Orange des \u00e9l\u00e9ments filtrants pour un grand nombre d'applications.","robots":{"index":"index","follow":"follow","max-snippet":"max-snippet:-1","max-image-preview":"max-image-preview:large","max-video-preview":"max-video-preview:-1"},"canonical":"https:\/\/www.globalfilter.com\/fr\/filtration-group-orange\/","og_locale":"fr_FR","og_type":"article","og_title":"Filtration Group Orange \u2013 notre usine fran\u00e7aise d\u2019\u00e9l\u00e9ments filtrants - Global Filter","og_description":"Filtration Group France produit depuis son usine Filtration Group Orange des \u00e9l\u00e9ments filtrants pour un grand nombre d'applications.","og_url":"https:\/\/www.globalfilter.com\/fr\/filtration-group-orange\/","og_site_name":"Global Filter","article_modified_time":"2022-03-16T11:46:13+00:00","og_image":[{"url":"https:\/\/www.globalfilter.com\/wp-content\/uploads\/2022\/03\/global-filter-votre-fabrican-francais-corps-de-filtres-1024x534.png","type":"","width":"","height":""}],"twitter_card":"summary_large_image","twitter_misc":{"Dur\u00e9e de lecture estim\u00e9e":"2 minutes"},"schema":{"@context":"https:\/\/schema.org","@graph":[{"@type":"WebPage","@id":"https:\/\/www.globalfilter.com\/fr\/filtration-group-orange\/","url":"https:\/\/www.globalfilter.com\/fr\/filtration-group-orange\/","name":"Filtration Group Orange \u2013 notre usine fran\u00e7aise d\u2019\u00e9l\u00e9ments filtrants - Global Filter","isPartOf":{"@id":"https:\/\/www.globalfilter.com\/fr\/#website"},"primaryImageOfPage":{"@id":"https:\/\/www.globalfilter.com\/fr\/filtration-group-orange\/#primaryimage"},"image":{"@id":"https:\/\/www.globalfilter.com\/fr\/filtration-group-orange\/#primaryimage"},"thumbnailUrl":"https:\/\/www.globalfilter.com\/wp-content\/uploads\/2022\/03\/global-filter-votre-fabrican-francais-corps-de-filtres-1024x534.png","datePublished":"2022-03-16T11:46:12+00:00","dateModified":"2022-03-16T11:46:13+00:00","description":"Filtration Group France produit depuis son usine Filtration Group Orange des \u00e9l\u00e9ments filtrants pour un grand nombre d'applications.","breadcrumb":{"@id":"https:\/\/www.globalfilter.com\/fr\/filtration-group-orange\/#breadcrumb"},"inLanguage":"fr-FR","potentialAction":[{"@type":"ReadAction","target":["https:\/\/www.globalfilter.com\/fr\/filtration-group-orange\/"]}]},{"@type":"ImageObject","inLanguage":"fr-FR","@id":"https:\/\/www.globalfilter.com\/fr\/filtration-group-orange\/#primaryimage","url":"https:\/\/www.globalfilter.com\/wp-content\/uploads\/2022\/03\/global-filter-votre-fabrican-francais-corps-de-filtres-1024x534.png","contentUrl":"https:\/\/www.globalfilter.com\/wp-content\/uploads\/2022\/03\/global-filter-votre-fabrican-francais-corps-de-filtres-1024x534.png"},{"@type":"BreadcrumbList","@id":"https:\/\/www.globalfilter.com\/fr\/filtration-group-orange\/#breadcrumb","itemListElement":[{"@type":"ListItem","position":1,"name":"home","item":"https:\/\/www.globalfilter.com\/fr\/"},{"@type":"ListItem","position":2,"name":"Filtration Group Orange \u2013 notre usine fran\u00e7aise d\u2019\u00e9l\u00e9ments filtrants"}]},{"@type":"WebSite","@id":"https:\/\/www.globalfilter.com\/fr\/#website","url":"https:\/\/www.globalfilter.com\/fr\/","name":"Global Filter","description":"Making the World Safer, Healthier and More Productive","publisher":{"@id":"https:\/\/www.globalfilter.com\/fr\/#organization"},"potentialAction":[{"@type":"SearchAction","target":{"@type":"EntryPoint","urlTemplate":"https:\/\/www.globalfilter.com\/fr\/?s={search_term_string}"},"query-input":{"@type":"PropertyValueSpecification","valueRequired":true,"valueName":"search_term_string"}}],"inLanguage":"fr-FR"},{"@type":"Organization","@id":"https:\/\/www.globalfilter.com\/fr\/#organization","name":"Global filter","url":"https:\/\/www.globalfilter.com\/fr\/","logo":{"@type":"ImageObject","inLanguage":"fr-FR","@id":"https:\/\/www.globalfilter.com\/fr\/#\/schema\/logo\/image\/","url":"https:\/\/www.globalfilter.com\/wp-content\/uploads\/2019\/06\/FGC-logo-1.png","contentUrl":"https:\/\/www.globalfilter.com\/wp-content\/uploads\/2019\/06\/FGC-logo-1.png","width":1104,"height":224,"caption":"Global filter"},"image":{"@id":"https:\/\/www.globalfilter.com\/fr\/#\/schema\/logo\/image\/"},"sameAs":["https:\/\/www.linkedin.com\/company\/global-filter-llc"]}]}},"_links":{"self":[{"href":"https:\/\/www.globalfilter.com\/fr\/wp-json\/wp\/v2\/pages\/8768","targetHints":{"allow":["GET"]}}],"collection":[{"href":"https:\/\/www.globalfilter.com\/fr\/wp-json\/wp\/v2\/pages"}],"about":[{"href":"https:\/\/www.globalfilter.com\/fr\/wp-json\/wp\/v2\/types\/page"}],"author":[{"embeddable":true,"href":"https:\/\/www.globalfilter.com\/fr\/wp-json\/wp\/v2\/users\/8"}],"replies":[{"embeddable":true,"href":"https:\/\/www.globalfilter.com\/fr\/wp-json\/wp\/v2\/comments?post=8768"}],"version-history":[{"count":0,"href":"https:\/\/www.globalfilter.com\/fr\/wp-json\/wp\/v2\/pages\/8768\/revisions"}],"wp:attachment":[{"href":"https:\/\/www.globalfilter.com\/fr\/wp-json\/wp\/v2\/media?parent=8768"}],"curies":[{"name":"wp","href":"https:\/\/api.w.org\/{rel}","templated":true}]}}