{"id":8887,"date":"2022-03-22T09:52:03","date_gmt":"2022-03-22T09:52:03","guid":{"rendered":"https:\/\/www.globalfilter.com\/?page_id=8887"},"modified":"2024-09-16T16:11:34","modified_gmt":"2024-09-16T16:11:34","slug":"offres-demplois-france","status":"publish","type":"page","link":"https:\/\/www.globalfilter.com\/fr\/offres-demplois-france\/","title":{"rendered":"Offres d&#8217;emplois France"},"content":{"rendered":"\n<h2 class=\"wp-block-heading has-blue-color has-text-color has-huge-font-size\" id=\"h-offres-d-emplois-france\">Offres d&#8217;emplois France<\/h2>\n\n\n\n<p><strong>Filtration Group SAS<\/strong> est un acteur europ\u00e9en de premier plan dans la filtration industrielle. Filiale de Filtration Group Corp (USA), nous sommes actifs depuis les ann\u00e9es 1930 avec les marques Eurofiltec, amafilter\u00ae et maintenant Global Filter. Filtration Group ayant \u00e0 coeur de rendre le monde plus s\u00fbr, plus sain et plus productif, nous proposons des solutions de filtrations industrielles efficientes et innovantes aux probl\u00e8mes les plus ardus. Sp\u00e9cialis\u00e9s dans la filtration solide-liquide, nous proposons des cartouches filtrantes, poches et corps de filtres adapt\u00e9s \u00e0 un grand nombre d\u2019applications (chimie, agroalimentaire, cosm\u00e9tique, \u00e9nergie, &#8230;). Filtration Group France &#8211; Global Filter est en permanence \u00e0 la recherche de nouveaux talents. N&rsquo;h\u00e9sitez pas \u00e0 jeter un oeil aux offres d&#8217;emplois France!<\/p>\n\n\n\n<p>Vous aimez les challenges et souhaitez rejoindre une \u00e9quipe dynamique? N&rsquo;attendez plus et postulez d\u00e8s aujourd&rsquo;hui \u00e0 l&rsquo;une de nos offres d&#8217;emplois!<\/p>\n\n\n\n<div class=\"wp-block-buttons is-layout-flex wp-block-buttons-is-layout-flex\">\n<div class=\"wp-block-button\"><a class=\"wp-block-button__link has-green-background-color has-background wp-element-button\" href=\"https:\/\/fr.indeed.com\/viewjob?cmp=Filtration-group---Global-Filter&amp;t=Machiniste&amp;jk=547353592aae0221&amp;q=conducteur+de+ligne&amp;xpse=SoCf67I38zFdQeQkmp0LbzkdCdPP&amp;xfps=1b994c22-97d1-4303-9893-fd2d12051aaa&amp;xkcb=SoDU67M38zFJ4RW2m50DbzkdCdPP&amp;vjs=3\" target=\"_blank\" rel=\"noreferrer noopener\">Conducteur(rice) de machine polyvalent(e)<\/a><\/div>\n<\/div>\n\n\n\n<div class=\"wp-block-buttons is-layout-flex wp-block-buttons-is-layout-flex\"><\/div>\n\n\n\n<p><\/p>\n\n\n\n<figure class=\"wp-block-image size-full\"><img loading=\"lazy\" decoding=\"async\" width=\"1024\" height=\"576\" src=\"https:\/\/www.globalfilter.com\/wp-content\/uploads\/2022\/06\/photo-equipe-GFE.jpg\" alt=\"\" class=\"wp-image-9720\" srcset=\"https:\/\/www.globalfilter.com\/wp-content\/uploads\/2022\/06\/photo-equipe-GFE.jpg 1024w, https:\/\/www.globalfilter.com\/wp-content\/uploads\/2022\/06\/photo-equipe-GFE-300x169.jpg 300w, https:\/\/www.globalfilter.com\/wp-content\/uploads\/2022\/06\/photo-equipe-GFE-768x432.jpg 768w\" sizes=\"auto, (max-width: 1024px) 100vw, 1024px\" \/><\/figure>\n\n\n\n<p><\/p>\n","protected":false},"excerpt":{"rendered":"<p>Offres d&#8217;emplois France Filtration Group SAS est un acteur europ\u00e9en de premier plan dans la filtration industrielle. Filiale de Filtration Group Corp (USA), nous sommes actifs depuis les ann\u00e9es 1930 avec les marques Eurofiltec, amafilter\u00ae et maintenant Global Filter. Filtration Group ayant \u00e0 coeur de rendre le monde plus s\u00fbr, plus sain et plus productif, [&hellip;]<\/p>\n","protected":false},"author":8,"featured_media":0,"parent":0,"menu_order":0,"comment_status":"closed","ping_status":"closed","template":"","meta":{"_acf_changed":false,"content-type":"","footnotes":""},"class_list":["post-8887","page","type-page","status-publish","hentry"],"acf":[],"yoast_head":"<!-- This site is optimized with the Yoast SEO plugin v27.3 - https:\/\/yoast.com\/product\/yoast-seo-wordpress\/ -->\n<title>Offres d&#039;emplois France - Global Filter<\/title>\n<meta name=\"description\" content=\"Filtration Group France - Global Filter est \u00e0 la recherche de nouveaux talents. N&#039;h\u00e9sitez pas \u00e0 jeter un oeil aux offres d&#039;emplois France!\" \/>\n<meta name=\"robots\" content=\"index, follow, max-snippet:-1, max-image-preview:large, max-video-preview:-1\" \/>\n<link rel=\"canonical\" href=\"https:\/\/www.globalfilter.com\/fr\/offres-demplois-france\/\" \/>\n<meta property=\"og:locale\" content=\"fr_FR\" \/>\n<meta property=\"og:type\" content=\"article\" \/>\n<meta property=\"og:title\" content=\"Offres d&#039;emplois France - Global Filter\" \/>\n<meta property=\"og:description\" content=\"Filtration Group France - Global Filter est \u00e0 la recherche de nouveaux talents. N&#039;h\u00e9sitez pas \u00e0 jeter un oeil aux offres d&#039;emplois France!\" \/>\n<meta property=\"og:url\" content=\"https:\/\/www.globalfilter.com\/fr\/offres-demplois-france\/\" \/>\n<meta property=\"og:site_name\" content=\"Global Filter\" \/>\n<meta property=\"article:modified_time\" content=\"2024-09-16T16:11:34+00:00\" \/>\n<meta property=\"og:image\" content=\"https:\/\/www.globalfilter.com\/wp-content\/uploads\/2022\/06\/photo-equipe-GFE.jpg\" \/>\n<meta name=\"twitter:card\" content=\"summary_large_image\" \/>\n<meta name=\"twitter:label1\" content=\"Dur\u00e9e de lecture estim\u00e9e\" \/>\n\t<meta name=\"twitter:data1\" content=\"1 minute\" \/>\n<script type=\"application\/ld+json\" class=\"yoast-schema-graph\">{\"@context\":\"https:\\\/\\\/schema.org\",\"@graph\":[{\"@type\":\"WebPage\",\"@id\":\"https:\\\/\\\/www.globalfilter.com\\\/fr\\\/offres-demplois-france\\\/\",\"url\":\"https:\\\/\\\/www.globalfilter.com\\\/fr\\\/offres-demplois-france\\\/\",\"name\":\"Offres d'emplois France - Global Filter\",\"isPartOf\":{\"@id\":\"https:\\\/\\\/www.globalfilter.com\\\/fr\\\/#website\"},\"primaryImageOfPage\":{\"@id\":\"https:\\\/\\\/www.globalfilter.com\\\/fr\\\/offres-demplois-france\\\/#primaryimage\"},\"image\":{\"@id\":\"https:\\\/\\\/www.globalfilter.com\\\/fr\\\/offres-demplois-france\\\/#primaryimage\"},\"thumbnailUrl\":\"https:\\\/\\\/www.globalfilter.com\\\/wp-content\\\/uploads\\\/2022\\\/06\\\/photo-equipe-GFE.jpg\",\"datePublished\":\"2022-03-22T09:52:03+00:00\",\"dateModified\":\"2024-09-16T16:11:34+00:00\",\"description\":\"Filtration Group France - Global Filter est \u00e0 la recherche de nouveaux talents. N'h\u00e9sitez pas \u00e0 jeter un oeil aux offres d'emplois France!\",\"breadcrumb\":{\"@id\":\"https:\\\/\\\/www.globalfilter.com\\\/fr\\\/offres-demplois-france\\\/#breadcrumb\"},\"inLanguage\":\"fr-FR\",\"potentialAction\":[{\"@type\":\"ReadAction\",\"target\":[\"https:\\\/\\\/www.globalfilter.com\\\/fr\\\/offres-demplois-france\\\/\"]}]},{\"@type\":\"ImageObject\",\"inLanguage\":\"fr-FR\",\"@id\":\"https:\\\/\\\/www.globalfilter.com\\\/fr\\\/offres-demplois-france\\\/#primaryimage\",\"url\":\"https:\\\/\\\/www.globalfilter.com\\\/wp-content\\\/uploads\\\/2022\\\/06\\\/photo-equipe-GFE.jpg\",\"contentUrl\":\"https:\\\/\\\/www.globalfilter.com\\\/wp-content\\\/uploads\\\/2022\\\/06\\\/photo-equipe-GFE.jpg\"},{\"@type\":\"BreadcrumbList\",\"@id\":\"https:\\\/\\\/www.globalfilter.com\\\/fr\\\/offres-demplois-france\\\/#breadcrumb\",\"itemListElement\":[{\"@type\":\"ListItem\",\"position\":1,\"name\":\"home\",\"item\":\"https:\\\/\\\/www.globalfilter.com\\\/fr\\\/\"},{\"@type\":\"ListItem\",\"position\":2,\"name\":\"Offres d&#8217;emplois France\"}]},{\"@type\":\"WebSite\",\"@id\":\"https:\\\/\\\/www.globalfilter.com\\\/fr\\\/#website\",\"url\":\"https:\\\/\\\/www.globalfilter.com\\\/fr\\\/\",\"name\":\"Global Filter\",\"description\":\"Making the World Safer, Healthier and More Productive\",\"publisher\":{\"@id\":\"https:\\\/\\\/www.globalfilter.com\\\/fr\\\/#organization\"},\"potentialAction\":[{\"@type\":\"SearchAction\",\"target\":{\"@type\":\"EntryPoint\",\"urlTemplate\":\"https:\\\/\\\/www.globalfilter.com\\\/fr\\\/?s={search_term_string}\"},\"query-input\":{\"@type\":\"PropertyValueSpecification\",\"valueRequired\":true,\"valueName\":\"search_term_string\"}}],\"inLanguage\":\"fr-FR\"},{\"@type\":\"Organization\",\"@id\":\"https:\\\/\\\/www.globalfilter.com\\\/fr\\\/#organization\",\"name\":\"Global filter\",\"url\":\"https:\\\/\\\/www.globalfilter.com\\\/fr\\\/\",\"logo\":{\"@type\":\"ImageObject\",\"inLanguage\":\"fr-FR\",\"@id\":\"https:\\\/\\\/www.globalfilter.com\\\/fr\\\/#\\\/schema\\\/logo\\\/image\\\/\",\"url\":\"https:\\\/\\\/www.globalfilter.com\\\/wp-content\\\/uploads\\\/2019\\\/06\\\/FGC-logo-1.png\",\"contentUrl\":\"https:\\\/\\\/www.globalfilter.com\\\/wp-content\\\/uploads\\\/2019\\\/06\\\/FGC-logo-1.png\",\"width\":1104,\"height\":224,\"caption\":\"Global filter\"},\"image\":{\"@id\":\"https:\\\/\\\/www.globalfilter.com\\\/fr\\\/#\\\/schema\\\/logo\\\/image\\\/\"},\"sameAs\":[\"https:\\\/\\\/www.linkedin.com\\\/company\\\/global-filter-llc\"]}]}<\/script>\n<!-- \/ Yoast SEO plugin. -->","yoast_head_json":{"title":"Offres d'emplois France - Global Filter","description":"Filtration Group France - Global Filter est \u00e0 la recherche de nouveaux talents. N'h\u00e9sitez pas \u00e0 jeter un oeil aux offres d'emplois France!","robots":{"index":"index","follow":"follow","max-snippet":"max-snippet:-1","max-image-preview":"max-image-preview:large","max-video-preview":"max-video-preview:-1"},"canonical":"https:\/\/www.globalfilter.com\/fr\/offres-demplois-france\/","og_locale":"fr_FR","og_type":"article","og_title":"Offres d'emplois France - Global Filter","og_description":"Filtration Group France - Global Filter est \u00e0 la recherche de nouveaux talents. N'h\u00e9sitez pas \u00e0 jeter un oeil aux offres d'emplois France!","og_url":"https:\/\/www.globalfilter.com\/fr\/offres-demplois-france\/","og_site_name":"Global Filter","article_modified_time":"2024-09-16T16:11:34+00:00","og_image":[{"url":"https:\/\/www.globalfilter.com\/wp-content\/uploads\/2022\/06\/photo-equipe-GFE.jpg","type":"","width":"","height":""}],"twitter_card":"summary_large_image","twitter_misc":{"Dur\u00e9e de lecture estim\u00e9e":"1 minute"},"schema":{"@context":"https:\/\/schema.org","@graph":[{"@type":"WebPage","@id":"https:\/\/www.globalfilter.com\/fr\/offres-demplois-france\/","url":"https:\/\/www.globalfilter.com\/fr\/offres-demplois-france\/","name":"Offres d'emplois France - Global Filter","isPartOf":{"@id":"https:\/\/www.globalfilter.com\/fr\/#website"},"primaryImageOfPage":{"@id":"https:\/\/www.globalfilter.com\/fr\/offres-demplois-france\/#primaryimage"},"image":{"@id":"https:\/\/www.globalfilter.com\/fr\/offres-demplois-france\/#primaryimage"},"thumbnailUrl":"https:\/\/www.globalfilter.com\/wp-content\/uploads\/2022\/06\/photo-equipe-GFE.jpg","datePublished":"2022-03-22T09:52:03+00:00","dateModified":"2024-09-16T16:11:34+00:00","description":"Filtration Group France - Global Filter est \u00e0 la recherche de nouveaux talents. N'h\u00e9sitez pas \u00e0 jeter un oeil aux offres d'emplois France!","breadcrumb":{"@id":"https:\/\/www.globalfilter.com\/fr\/offres-demplois-france\/#breadcrumb"},"inLanguage":"fr-FR","potentialAction":[{"@type":"ReadAction","target":["https:\/\/www.globalfilter.com\/fr\/offres-demplois-france\/"]}]},{"@type":"ImageObject","inLanguage":"fr-FR","@id":"https:\/\/www.globalfilter.com\/fr\/offres-demplois-france\/#primaryimage","url":"https:\/\/www.globalfilter.com\/wp-content\/uploads\/2022\/06\/photo-equipe-GFE.jpg","contentUrl":"https:\/\/www.globalfilter.com\/wp-content\/uploads\/2022\/06\/photo-equipe-GFE.jpg"},{"@type":"BreadcrumbList","@id":"https:\/\/www.globalfilter.com\/fr\/offres-demplois-france\/#breadcrumb","itemListElement":[{"@type":"ListItem","position":1,"name":"home","item":"https:\/\/www.globalfilter.com\/fr\/"},{"@type":"ListItem","position":2,"name":"Offres d&#8217;emplois France"}]},{"@type":"WebSite","@id":"https:\/\/www.globalfilter.com\/fr\/#website","url":"https:\/\/www.globalfilter.com\/fr\/","name":"Global Filter","description":"Making the World Safer, Healthier and More Productive","publisher":{"@id":"https:\/\/www.globalfilter.com\/fr\/#organization"},"potentialAction":[{"@type":"SearchAction","target":{"@type":"EntryPoint","urlTemplate":"https:\/\/www.globalfilter.com\/fr\/?s={search_term_string}"},"query-input":{"@type":"PropertyValueSpecification","valueRequired":true,"valueName":"search_term_string"}}],"inLanguage":"fr-FR"},{"@type":"Organization","@id":"https:\/\/www.globalfilter.com\/fr\/#organization","name":"Global filter","url":"https:\/\/www.globalfilter.com\/fr\/","logo":{"@type":"ImageObject","inLanguage":"fr-FR","@id":"https:\/\/www.globalfilter.com\/fr\/#\/schema\/logo\/image\/","url":"https:\/\/www.globalfilter.com\/wp-content\/uploads\/2019\/06\/FGC-logo-1.png","contentUrl":"https:\/\/www.globalfilter.com\/wp-content\/uploads\/2019\/06\/FGC-logo-1.png","width":1104,"height":224,"caption":"Global filter"},"image":{"@id":"https:\/\/www.globalfilter.com\/fr\/#\/schema\/logo\/image\/"},"sameAs":["https:\/\/www.linkedin.com\/company\/global-filter-llc"]}]}},"_links":{"self":[{"href":"https:\/\/www.globalfilter.com\/fr\/wp-json\/wp\/v2\/pages\/8887","targetHints":{"allow":["GET"]}}],"collection":[{"href":"https:\/\/www.globalfilter.com\/fr\/wp-json\/wp\/v2\/pages"}],"about":[{"href":"https:\/\/www.globalfilter.com\/fr\/wp-json\/wp\/v2\/types\/page"}],"author":[{"embeddable":true,"href":"https:\/\/www.globalfilter.com\/fr\/wp-json\/wp\/v2\/users\/8"}],"replies":[{"embeddable":true,"href":"https:\/\/www.globalfilter.com\/fr\/wp-json\/wp\/v2\/comments?post=8887"}],"version-history":[{"count":0,"href":"https:\/\/www.globalfilter.com\/fr\/wp-json\/wp\/v2\/pages\/8887\/revisions"}],"wp:attachment":[{"href":"https:\/\/www.globalfilter.com\/fr\/wp-json\/wp\/v2\/media?parent=8887"}],"curies":[{"name":"wp","href":"https:\/\/api.w.org\/{rel}","templated":true}]}}